{"id":1715,"date":"2025-09-06T17:06:03","date_gmt":"2025-09-06T17:06:03","guid":{"rendered":"https:\/\/keycode.cloud\/zasady-vraceni-a-refundace\/"},"modified":"2026-02-26T19:07:41","modified_gmt":"2026-02-26T19:07:41","slug":"zasady-vraceni-a-refundace","status":"publish","type":"page","link":"https:\/\/keycode.cloud\/cs\/zasady-vraceni-a-refundace\/","title":{"rendered":"Z\u00e1sady vr\u00e1cen\u00ed a refundace"},"content":{"rendered":"\n<p><strong>Z\u00e1sady vr\u00e1cen\u00ed a refundace<\/strong><\/p>\n\n<p>D\u011bkujeme, \u017ee nakupujete na <strong>Keycode.cloud<\/strong>.<\/p>\n\n<p>P\u0159ed n\u00e1kupem si pros\u00edm pe\u010dliv\u011b p\u0159e\u010dt\u011bte tyto z\u00e1sady.<\/p>\n\n<h3 class=\"wp-block-heading\"><strong>Digit\u00e1ln\u00ed produkty<\/strong><\/h3>\n\n<p>V\u0161echny na\u0161e produkty jsou doru\u010dov\u00e1ny <strong>digit\u00e1ln\u011b<\/strong> emailem (aktiva\u010dn\u00ed kl\u00ed\u010de).<\/p>\n\n<p>Jakmile je aktiva\u010dn\u00ed kl\u00ed\u010d doru\u010den, je pova\u017eov\u00e1n za <strong>pou\u017eit\u00fd a nevratn\u00fd<\/strong>.<\/p>\n\n<h3 class=\"wp-block-heading\"><strong>Refundace<\/strong><\/h3>\n\n<p>Nab\u00edz\u00edme refundace nebo v\u00fdm\u011bny pouze v n\u00e1sleduj\u00edc\u00edch p\u0159\u00edpadech:<\/p>\n\n<ul class=\"wp-block-list\">\n<li>Aktiva\u010dn\u00ed kl\u00ed\u010d nelze aktivovat.<\/li>\n\n\n\n<li>Kl\u00ed\u010d je neplatn\u00fd nebo vadn\u00fd.<\/li>\n<\/ul>\n\n<p>Chce\u0161-li po\u017e\u00e1dat o vr\u00e1cen\u00ed pen\u011bz nebo v\u00fdm\u011bnu, kontaktuj n\u00e1s pros\u00edm na <strong>sales@keycode.cloud<\/strong> do 14 dn\u016f od n\u00e1kupu. N\u00e1\u0161 t\u00fdm ov\u011b\u0159\u00ed probl\u00e9m a poskytne bu\u010f funk\u010dn\u00ed n\u00e1hradn\u00ed kl\u00ed\u010d, nebo plnou refundaci.<\/p>\n\n<h3 class=\"wp-block-heading\"><strong>V\u00fdjimky<\/strong><\/h3>\n\n<ul class=\"wp-block-list\">\n<li>Refundace <strong>nejsou k dispozici<\/strong> pro \u00fasp\u011b\u0161n\u011b doru\u010den\u00e9 a aktivovan\u00e9 kl\u00ed\u010de.<\/li>\n\n\n\n<li>Refundace <strong>nejsou k dispozici<\/strong>, pokud je probl\u00e9m zp\u016fsoben nekompatibilitou syst\u00e9mu, chybou z\u00e1kazn\u00edka nebo nespr\u00e1vn\u00fdm pou\u017eit\u00edm.<\/li>\n<\/ul>\n\n<h3 class=\"wp-block-heading\"><strong>Kontakt<\/strong><\/h3>\n\n<p>Pokud m\u00e1te jak\u00e9koli dotazy ohledn\u011b na\u0161ich Z\u00e1sad vr\u00e1cen\u00ed a refundace, kontaktujte n\u00e1s pros\u00edm:<\/p>\n\n<p>\ud83d\udce7 <strong>sales@keycode.cloud<\/strong><\/p>\n\n<p><\/p>\n","protected":false},"excerpt":{"rendered":"<p>Z\u00e1sady vr\u00e1cen\u00ed a refundace D\u011bkujeme, \u017ee nakupujete na Keycode.cloud. P\u0159ed n\u00e1kupem si pros\u00edm pe\u010dliv\u011b p\u0159e\u010dt\u011bte tyto z\u00e1sady. Digit\u00e1ln\u00ed produkty V\u0161echny [&hellip;]<\/p>\n","protected":false},"author":1,"featured_media":0,"parent":0,"menu_order":0,"comment_status":"closed","ping_status":"closed","template":"","meta":{"site-sidebar-layout":"default","site-content-layout":"","ast-site-content-layout":"default","site-content-style":"default","site-sidebar-style":"default","ast-global-header-display":"","ast-banner-title-visibility":"","ast-main-header-display":"","ast-hfb-above-header-display":"","ast-hfb-below-header-display":"","ast-hfb-mobile-header-display":"","site-post-title":"","ast-breadcrumbs-content":"","ast-featured-img":"","footer-sml-layout":"","theme-transparent-header-meta":"","adv-header-id-meta":"","stick-header-meta":"","header-above-stick-meta":"","header-main-stick-meta":"","header-below-stick-meta":"","astra-migrate-meta-layouts":"default","ast-page-background-enabled":"default","ast-page-background-meta":{"desktop":{"background-color":"var(--ast-global-color-4)","background-image":"","background-repeat":"repeat","background-position":"center center","background-size":"auto","background-attachment":"scroll","background-type":"","background-media":"","overlay-type":"","overlay-color":"","overlay-opacity":"","overlay-gradient":""},"tablet":{"background-color":"","background-image":"","background-repeat":"repeat","background-position":"center center","background-size":"auto","background-attachment":"scroll","background-type":"","background-media":"","overlay-type":"","overlay-color":"","overlay-opacity":"","overlay-gradient":""},"mobile":{"background-color":"","background-image":"","background-repeat":"repeat","background-position":"center center","background-size":"auto","background-attachment":"scroll","background-type":"","background-media":"","overlay-type":"","overlay-color":"","overlay-opacity":"","overlay-gradient":""}},"ast-content-background-meta":{"desktop":{"background-color":"var(--ast-global-color-5)","background-image":"","background-repeat":"repeat","background-position":"center center","background-size":"auto","background-attachment":"scroll","background-type":"","background-media":"","overlay-type":"","overlay-color":"","overlay-opacity":"","overlay-gradient":""},"tablet":{"background-color":"var(--ast-global-color-5)","background-image":"","background-repeat":"repeat","background-position":"center center","background-size":"auto","background-attachment":"scroll","background-type":"","background-media":"","overlay-type":"","overlay-color":"","overlay-opacity":"","overlay-gradient":""},"mobile":{"background-color":"var(--ast-global-color-5)","background-image":"","background-repeat":"repeat","background-position":"center center","background-size":"auto","background-attachment":"scroll","background-type":"","background-media":"","overlay-type":"","overlay-color":"","overlay-opacity":"","overlay-gradient":""}},"footnotes":""},"class_list":["post-1715","page","type-page","status-publish","hentry"],"_links":{"self":[{"href":"https:\/\/keycode.cloud\/cs\/wp-json\/wp\/v2\/pages\/1715","targetHints":{"allow":["GET"]}}],"collection":[{"href":"https:\/\/keycode.cloud\/cs\/wp-json\/wp\/v2\/pages"}],"about":[{"href":"https:\/\/keycode.cloud\/cs\/wp-json\/wp\/v2\/types\/page"}],"author":[{"embeddable":true,"href":"https:\/\/keycode.cloud\/cs\/wp-json\/wp\/v2\/users\/1"}],"replies":[{"embeddable":true,"href":"https:\/\/keycode.cloud\/cs\/wp-json\/wp\/v2\/comments?post=1715"}],"version-history":[{"count":3,"href":"https:\/\/keycode.cloud\/cs\/wp-json\/wp\/v2\/pages\/1715\/revisions"}],"predecessor-version":[{"id":3610,"href":"https:\/\/keycode.cloud\/cs\/wp-json\/wp\/v2\/pages\/1715\/revisions\/3610"}],"wp:attachment":[{"href":"https:\/\/keycode.cloud\/cs\/wp-json\/wp\/v2\/media?parent=1715"}],"curies":[{"name":"wp","href":"https:\/\/api.w.org\/{rel}","templated":true}]}}