{"id":1725,"date":"2024-02-06T00:27:01","date_gmt":"2024-02-06T00:27:01","guid":{"rendered":"https:\/\/keycode.cloud\/zasady-ochrany-osobnich-udaju\/"},"modified":"2025-09-17T23:15:19","modified_gmt":"2025-09-17T23:15:19","slug":"zasady-ochrany-osobnich-udaju","status":"publish","type":"page","link":"https:\/\/keycode.cloud\/cs\/zasady-ochrany-osobnich-udaju\/","title":{"rendered":"Z\u00e1sady ochrany osobn\u00edch \u00fadaj\u016f"},"content":{"rendered":"\n<p>Tyto Z\u00e1sady ochrany osobn\u00edch \u00fadaj\u016f popisuj\u00ed, jak jsou va\u0161e osobn\u00ed \u00fadaje shroma\u017e\u010fov\u00e1ny, pou\u017e\u00edv\u00e1ny a sd\u00edleny, kdy\u017e nav\u0161t\u00edv\u00edte nebo provedete n\u00e1kup na <a href=\"https:\/\/keycode.cloud\/cs\/\">https:\/\/keycode.cloud\/<\/a> (d\u00e1le jen \u201eStr\u00e1nka\u201c).<\/p>\n\n<h2 class=\"wp-block-heading\">Osobn\u00ed \u00fadaje, kter\u00e9 shroma\u017e\u010fujeme<\/h2>\n\n<p>Kdy\u017e nav\u0161t\u00edv\u00edte Str\u00e1nku, automaticky shroma\u017e\u010fujeme ur\u010dit\u00e9 informace o va\u0161em za\u0159\u00edzen\u00ed, v\u010detn\u011b informac\u00ed o va\u0161em webov\u00e9m prohl\u00ed\u017ee\u010di, IP adrese, \u010dasov\u00e9m p\u00e1smu a n\u011bkter\u00fdch cookies, kter\u00e9 jsou na va\u0161em za\u0159\u00edzen\u00ed nainstalov\u00e1ny. D\u00e1le, kdy\u017e proch\u00e1z\u00edte Str\u00e1nku, shroma\u017e\u010fujeme informace o jednotliv\u00fdch webov\u00fdch str\u00e1nk\u00e1ch nebo produktech, kter\u00e9 si prohl\u00ed\u017e\u00edte, o webov\u00fdch str\u00e1nk\u00e1ch nebo vyhled\u00e1vac\u00edch term\u00ednech, kter\u00e9 v\u00e1s na Str\u00e1nku odk\u00e1zaly, a informace o tom, jak se Str\u00e1nkou interagujete. Tyto automaticky shroma\u017e\u010fovan\u00e9 informace ozna\u010dujeme jako \u201eInformace o za\u0159\u00edzen\u00ed\u201c.<\/p>\n\n<p>Informace o za\u0159\u00edzen\u00ed shroma\u017e\u010fujeme pomoc\u00ed n\u00e1sleduj\u00edc\u00edch technologi\u00ed:<\/p>\n\n<ul class=\"wp-block-list\">\n<li>\u201eCookies\u201c jsou datov\u00e9 soubory, kter\u00e9 jsou um\u00edst\u011bny na va\u0161em za\u0159\u00edzen\u00ed nebo po\u010d\u00edta\u010di a \u010dasto obsahuj\u00ed anonymn\u00ed jedine\u010dn\u00fd identifik\u00e1tor.<\/li>\n\n\n\n<li>\u201eLogovac\u00ed soubory\u201c sleduj\u00ed akce prob\u00edhaj\u00edc\u00ed na Str\u00e1nce a shroma\u017e\u010fuj\u00ed data v\u010detn\u011b va\u0161\u00ed IP adresy, typu prohl\u00ed\u017ee\u010de, poskytovatele internetov\u00fdch slu\u017eeb, odkazuj\u00edc\u00edch\/v\u00fdstupn\u00edch str\u00e1nek a \u010dasov\u00fdch raz\u00edtek.<\/li>\n\n\n\n<li>\u201eWebov\u00e9 maj\u00e1ky\u201c, \u201ezna\u010dky\u201c a \u201epixely\u201c jsou elektronick\u00e9 soubory pou\u017e\u00edvan\u00e9 k zaznamen\u00e1v\u00e1n\u00ed informac\u00ed o tom, jak proch\u00e1z\u00edte Str\u00e1nku.<\/li>\n<\/ul>\n\n<p>D\u00e1le, kdy\u017e provedete n\u00e1kup nebo se pokus\u00edte o n\u00e1kup prost\u0159ednictv\u00edm Str\u00e1nky, shroma\u017e\u010fujeme od v\u00e1s ur\u010dit\u00e9 informace, v\u010detn\u011b va\u0161eho jm\u00e9na, faktura\u010dn\u00ed adresy, dodac\u00ed adresy, platebn\u00edch \u00fadaj\u016f (v\u010detn\u011b \u010d\u00edsel kreditn\u00edch karet, e-mailov\u00e9 adresy a telefonn\u00edho \u010d\u00edsla. Tyto informace ozna\u010dujeme jako \u201eInformace o za\u0159\u00edzen\u00ed\u201c.<\/p>\n\n<p>Kdy\u017e v t\u011bchto Z\u00e1sad\u00e1ch ochrany osobn\u00edch \u00fadaj\u016f mluv\u00edme o \u201eOsobn\u00edch \u00fadaj\u00edch\u201c, m\u00e1me na mysli jak Informace o za\u0159\u00edzen\u00ed, tak Informace o objedn\u00e1vce.<\/p>\n\n<h2 class=\"wp-block-heading\">Sd\u00edlen\u00ed va\u0161ich osobn\u00edch \u00fadaj\u016f<\/h2>\n\n<p>Va\u0161e Osobn\u00ed \u00fadaje sd\u00edl\u00edme s t\u0159et\u00edmi stranami, abychom n\u00e1m pomohli pou\u017e\u00edvat va\u0161e Osobn\u00ed \u00fadaje. Nap\u0159\u00edklad pou\u017e\u00edv\u00e1me WordPress, abychom mohli provozovat n\u00e1\u0161 webov\u00fd obchod \u2013 v\u00edce o tom, jak WordPress pou\u017e\u00edv\u00e1 va\u0161e Osobn\u00ed \u00fadaje, se m\u016f\u017eete do\u010d\u00edst zde: Z\u00e1sady ochrany osobn\u00edch \u00fadaj\u016f WordPress.<\/p>\n\n<ul class=\"wp-block-list\">\n<li>Pou\u017e\u00edv\u00e1me Stripe jako n\u00e1\u0161 platebn\u00ed syst\u00e9m \u2013 v\u00edce o tom, jak Stripe pou\u017e\u00edv\u00e1 va\u0161e Osobn\u00ed \u00fadaje, se m\u016f\u017eete dozv\u011bd\u011bt zde: Z\u00e1sady ochrany osobn\u00edch \u00fadaj\u016f Stripe.<\/li>\n\n\n\n<li>Tak\u00e9 pou\u017e\u00edv\u00e1me Google Analytics, abychom n\u00e1m pomohli sledovat, jak na\u0161i z\u00e1kazn\u00edci pou\u017e\u00edvaj\u00ed Str\u00e1nku \u2013 v\u00edce o tom, jak Google pou\u017e\u00edv\u00e1 va\u0161e Osobn\u00ed \u00fadaje, se m\u016f\u017eete do\u010d\u00edst zde: Z\u00e1sady ochrany osobn\u00edch \u00fadaj\u016f Google.<\/li>\n\n\n\n<li>Z Google Analytics se m\u016f\u017eete tak\u00e9 odhl\u00e1sit zde: Odhl\u00e1\u0161en\u00ed z Google Analytics.<\/li>\n<\/ul>\n\n<p>Kone\u010dn\u011b, m\u016f\u017eeme tak\u00e9 sd\u00edlet va\u0161e Osobn\u00ed \u00fadaje s t\u0159et\u00edmi stranami, abychom n\u00e1m pomohli pou\u017e\u00edvat va\u0161e Osobn\u00ed \u00fadaje, jak je pops\u00e1no v\u00fd\u0161e.<\/p>\n\n<p>Va\u0161e pr\u00e1va<\/p>\n\n<p>Pokud jste ob\u010danem Evropsk\u00e9 unie, m\u00e1te pr\u00e1vo na p\u0159\u00edstup k osobn\u00edm \u00fadaj\u016fm, kter\u00e9 o v\u00e1s uchov\u00e1v\u00e1me, a na to, abychom je opravili, aktualizovali nebo odstranili. Pokud byste cht\u011bli toto pr\u00e1vo uplatnit, kontaktujte n\u00e1s pros\u00edm prost\u0159ednictv\u00edm n\u00ed\u017ee uveden\u00fdch kontaktn\u00edch \u00fadaj\u016f. D\u00e1le upozor\u0148ujeme, \u017ee va\u0161e informace mohou b\u00fdt p\u0159eneseny mimo Evropu, v\u010detn\u011b Kanady a Spojen\u00fdch st\u00e1t\u016f. Uchov\u00e1v\u00e1n\u00ed dat<\/p>\n\n<p>Kdy\u017e provedete objedn\u00e1vku prost\u0159ednictv\u00edm Str\u00e1nky, uchov\u00e1me va\u0161e Informace o objedn\u00e1vce pro na\u0161e z\u00e1znamy, pokud a dokud n\u00e1s nepo\u017e\u00e1d\u00e1te o jejich smaz\u00e1n\u00ed. \u010cas od \u010dasu m\u016f\u017eeme tyto Z\u00e1sady ochrany osobn\u00edch \u00fadaj\u016f aktualizovat, abychom nap\u0159\u00edklad odr\u00e1\u017eeli zm\u011bny v na\u0161ich praktik\u00e1ch nebo z jin\u00fdch provozn\u00edch, pr\u00e1vn\u00edch nebo regula\u010dn\u00edch d\u016fvod\u016f.<\/p>\n\n<p>Pro uplatn\u011bn\u00ed va\u0161ich pr\u00e1v nebo pokud m\u00e1te dotazy, nebo pokud byste cht\u011bli podat st\u00ed\u017enost, kontaktujte n\u00e1s pros\u00edm e-mailem na adrese sales@keycode.cloud<\/p>\n\n<h2 class=\"wp-block-heading\">Va\u0161e pr\u00e1va<\/h2>\n\n<p>Pokud jste rezidentem Evropsk\u00e9 unie, m\u00e1te pr\u00e1vo na p\u0159\u00edstup k osobn\u00edm \u00fadaj\u016fm, kter\u00e9 o v\u00e1s uchov\u00e1v\u00e1me, a m\u016f\u017eete po\u017e\u00e1dat o jejich opravu, aktualizaci nebo vymaz\u00e1n\u00ed. Pokud chcete toto pr\u00e1vo uplatnit, kontaktujte n\u00e1s pros\u00edm prost\u0159ednictv\u00edm n\u00ed\u017ee uveden\u00fdch kontaktn\u00edch \u00fadaj\u016f.<\/p>\n\n<p>D\u00e1le, pokud jste rezidentem Evropsk\u00e9 unie, upozor\u0148ujeme, \u017ee zpracov\u00e1v\u00e1me va\u0161e informace za \u00fa\u010delem pln\u011bn\u00ed smluv, kter\u00e9 s v\u00e1mi m\u016f\u017eeme m\u00edt (nap\u0159\u00edklad pokud provedete objedn\u00e1vku prost\u0159ednictv\u00edm Str\u00e1nky), nebo jinak za \u00fa\u010delem sledov\u00e1n\u00ed na\u0161ich legitimn\u00edch obchodn\u00edch z\u00e1jm\u016f uveden\u00fdch v\u00fd\u0161e. D\u00e1le upozor\u0148ujeme, \u017ee va\u0161e informace budou p\u0159eneseny mimo Evropu, v\u010detn\u011b Kanady a Spojen\u00fdch st\u00e1t\u016f.<\/p>\n\n<h2 class=\"wp-block-heading\">Uchov\u00e1v\u00e1n\u00ed dat<\/h2>\n\n<p>Kdy\u017e provedete objedn\u00e1vku prost\u0159ednictv\u00edm Str\u00e1nky, uchov\u00e1me informace o objedn\u00e1vce pro na\u0161e z\u00e1znamy, dokud n\u00e1s nepo\u017e\u00e1d\u00e1te o jejich vymaz\u00e1n\u00ed.<\/p>\n\n<h2 class=\"wp-block-heading\">Zm\u011bny<\/h2>\n\n<p>Tuto Z\u00e1sadu ochrany osobn\u00edch \u00fadaj\u016f m\u016f\u017eeme \u010das od \u010dasu aktualizovat, aby odr\u00e1\u017eela nap\u0159\u00edklad zm\u011bny na\u0161ich postup\u016f nebo z jin\u00fdch provozn\u00edch, pr\u00e1vn\u00edch nebo regula\u010dn\u00edch d\u016fvod\u016f.<\/p>\n\n<h2 class=\"wp-block-heading\">Kontaktujte n\u00e1s<\/h2>\n\n<p>Pro v\u00edce informac\u00ed o na\u0161ich postupech ochrany osobn\u00edch \u00fadaj\u016f, pokud m\u00e1te dotazy nebo pokud chcete podat st\u00ed\u017enost, kontaktujte n\u00e1s pros\u00edm e-mailem na adrese sales@keycode.cloud<\/p>\n\n<p><\/p>\n","protected":false},"excerpt":{"rendered":"<p>Tyto Z\u00e1sady ochrany osobn\u00edch \u00fadaj\u016f popisuj\u00ed, jak jsou va\u0161e osobn\u00ed \u00fadaje shroma\u017e\u010fov\u00e1ny, pou\u017e\u00edv\u00e1ny a sd\u00edleny, kdy\u017e nav\u0161t\u00edv\u00edte nebo provedete n\u00e1kup [&hellip;]<\/p>\n","protected":false},"author":1,"featured_media":0,"parent":0,"menu_order":0,"comment_status":"closed","ping_status":"closed","template":"","meta":{"site-sidebar-layout":"default","site-content-layout":"","ast-site-content-layout":"default","site-content-style":"default","site-sidebar-style":"default","ast-global-header-display":"","ast-banner-title-visibility":"","ast-main-header-display":"","ast-hfb-above-header-display":"","ast-hfb-below-header-display":"","ast-hfb-mobile-header-display":"","site-post-title":"","ast-breadcrumbs-content":"","ast-featured-img":"","footer-sml-layout":"","theme-transparent-header-meta":"","adv-header-id-meta":"","stick-header-meta":"","header-above-stick-meta":"","header-main-stick-meta":"","header-below-stick-meta":"","astra-migrate-meta-layouts":"default","ast-page-background-enabled":"default","ast-page-background-meta":{"desktop":{"background-color":"var(--ast-global-color-4)","background-image":"","background-repeat":"repeat","background-position":"center center","background-size":"auto","background-attachment":"scroll","background-type":"","background-media":"","overlay-type":"","overlay-color":"","overlay-opacity":"","overlay-gradient":""},"tablet":{"background-color":"","background-image":"","background-repeat":"repeat","background-position":"center center","background-size":"auto","background-attachment":"scroll","background-type":"","background-media":"","overlay-type":"","overlay-color":"","overlay-opacity":"","overlay-gradient":""},"mobile":{"background-color":"","background-image":"","background-repeat":"repeat","background-position":"center center","background-size":"auto","background-attachment":"scroll","background-type":"","background-media":"","overlay-type":"","overlay-color":"","overlay-opacity":"","overlay-gradient":""}},"ast-content-background-meta":{"desktop":{"background-color":"var(--ast-global-color-5)","background-image":"","background-repeat":"repeat","background-position":"center center","background-size":"auto","background-attachment":"scroll","background-type":"","background-media":"","overlay-type":"","overlay-color":"","overlay-opacity":"","overlay-gradient":""},"tablet":{"background-color":"var(--ast-global-color-5)","background-image":"","background-repeat":"repeat","background-position":"center center","background-size":"auto","background-attachment":"scroll","background-type":"","background-media":"","overlay-type":"","overlay-color":"","overlay-opacity":"","overlay-gradient":""},"mobile":{"background-color":"var(--ast-global-color-5)","background-image":"","background-repeat":"repeat","background-position":"center center","background-size":"auto","background-attachment":"scroll","background-type":"","background-media":"","overlay-type":"","overlay-color":"","overlay-opacity":"","overlay-gradient":""}},"footnotes":""},"class_list":["post-1725","page","type-page","status-publish","hentry"],"_links":{"self":[{"href":"https:\/\/keycode.cloud\/cs\/wp-json\/wp\/v2\/pages\/1725","targetHints":{"allow":["GET"]}}],"collection":[{"href":"https:\/\/keycode.cloud\/cs\/wp-json\/wp\/v2\/pages"}],"about":[{"href":"https:\/\/keycode.cloud\/cs\/wp-json\/wp\/v2\/types\/page"}],"author":[{"embeddable":true,"href":"https:\/\/keycode.cloud\/cs\/wp-json\/wp\/v2\/users\/1"}],"replies":[{"embeddable":true,"href":"https:\/\/keycode.cloud\/cs\/wp-json\/wp\/v2\/comments?post=1725"}],"version-history":[{"count":2,"href":"https:\/\/keycode.cloud\/cs\/wp-json\/wp\/v2\/pages\/1725\/revisions"}],"predecessor-version":[{"id":1727,"href":"https:\/\/keycode.cloud\/cs\/wp-json\/wp\/v2\/pages\/1725\/revisions\/1727"}],"wp:attachment":[{"href":"https:\/\/keycode.cloud\/cs\/wp-json\/wp\/v2\/media?parent=1725"}],"curies":[{"name":"wp","href":"https:\/\/api.w.org\/{rel}","templated":true}]}}