{"id":1780,"date":"2024-02-06T00:19:47","date_gmt":"2024-02-06T00:19:47","guid":{"rendered":"https:\/\/keycode.cloud\/podminky-a-ujednani\/"},"modified":"2026-02-26T19:22:00","modified_gmt":"2026-02-26T19:22:00","slug":"podminky-a-ujednani","status":"publish","type":"page","link":"https:\/\/keycode.cloud\/cs\/podminky-a-ujednani\/","title":{"rendered":"Podm\u00ednky a ujedn\u00e1n\u00ed"},"content":{"rendered":"\t\t<div data-elementor-type=\"wp-page\" data-elementor-id=\"1780\" class=\"elementor elementor-1780 elementor-1134\">\n\t\t\t\t<div class=\"elementor-element elementor-element-5215bdc9 e-flex e-con-boxed e-con e-parent\" data-id=\"5215bdc9\" data-element_type=\"container\" data-e-type=\"container\">\n\t\t\t\t\t<div class=\"e-con-inner\">\n\t\t\t\t<div class=\"elementor-element elementor-element-e670004 elementor-widget elementor-widget-text-editor\" data-id=\"e670004\" data-element_type=\"widget\" data-e-type=\"widget\" data-widget_type=\"text-editor.default\">\n\t\t\t\t<div class=\"elementor-widget-container\">\n\t\t\t\t\t\t\t\t\t<p class=\"p1\">Datum \u00fa\u010dinnosti: 26. 02. 2026<\/p>\n<p class=\"p1\">V\u00edtej na KEYCODE.CLOUD (\u201emy\u201c, \u201en\u00e1s\u201c, \u201en\u00e1\u0161\u201c). P\u0159\u00edstupem na n\u00e1\u0161 web https:\/\/keycode.cloud\/ (d\u00e1le jen \u201eweb\u201c) nebo jeho pou\u017e\u00edv\u00e1n\u00edm souhlas\u00ed\u0161 s t\u00edm, \u017ee se bude\u0161 \u0159\u00eddit n\u00e1sleduj\u00edc\u00edmi smluvn\u00edmi podm\u00ednkami (\u201epodm\u00ednky\u201c). Tyto podm\u00ednky se vztahuj\u00ed na v\u0161echny u\u017eivatele webu, v\u010detn\u011b n\u00e1v\u0161t\u011bvn\u00edk\u016f a z\u00e1kazn\u00edk\u016f.  <\/p>\n<p class=\"p1\">Pokud s t\u011bmito podm\u00ednkami nesouhlas\u00ed\u0161, web pros\u00edm nepou\u017e\u00edvej.<\/p>\n<h2><b>1. Povaha produkt\u016f<\/b><\/h2>\n<p class=\"p1\">KEYCODE.CLOUD prod\u00e1v\u00e1 digit\u00e1ln\u00ed produktov\u00e9 kl\u00ed\u010de, kter\u00e9 umo\u017e\u0148uj\u00ed aktivaci a pou\u017e\u00edv\u00e1n\u00ed softwarov\u00fdch produkt\u016f.<\/p>\n<p class=\"p1\">Produktov\u00fd kl\u00ed\u010d umo\u017e\u0148uje u\u017eivateli st\u00e1hnout, nainstalovat a aktivovat software p\u0159\u00edmo z ofici\u00e1ln\u00edho zdroje vydavatele softwaru. Samotn\u00fd software nehostujeme, nedistribuujeme ani neupravujeme. <\/p>\n<p class=\"p1\">Rozsah pou\u017eit\u00ed, licen\u010dn\u00ed pr\u00e1va, pr\u00e1va na instalaci, p\u0159evoditelnost a v\u0161echny ostatn\u00ed podm\u00ednky upravuj\u00edc\u00ed pou\u017e\u00edv\u00e1n\u00ed softwaru jsou definov\u00e1ny v\u00fdhradn\u011b p\u0159\u00edslu\u0161n\u00fdm vydavatelem softwaru. Tyto podm\u00ednky mus\u00ed u\u017eivatel p\u0159ijmout b\u011bhem instalace nebo aktivace. <\/p>\n<p class=\"p1\">Zakoupen\u00edm produktov\u00e9ho kl\u00ed\u010de od KEYCODE.CLOUD bere\u0161 na v\u011bdom\u00ed, \u017ee:<\/p>\n<ul>\n<li>\n<p class=\"p1\">Kupuje\u0161 si digit\u00e1ln\u00ed aktiva\u010dn\u00ed kl\u00ed\u010d.<\/p>\n<\/li>\n<li>\n<p class=\"p1\">Pr\u00e1va k u\u017e\u00edv\u00e1n\u00ed softwaru se \u0159\u00edd\u00ed v\u00fdhradn\u011b licen\u010dn\u00ed smlouvou vydavatele.<\/p>\n<\/li>\n<li>\n<p class=\"p1\">KEYCODE.CLOUD nen\u00ed v\u00fdrobcem softwaru.<\/p>\n<\/li>\n<\/ul>\n<p class=\"p1\">P\u016fsob\u00edme jako nez\u00e1visl\u00fd prodejce a nejsme spojeni s \u017e\u00e1dn\u00fdm vydavatelem softwaru ani j\u00edm nejsme podporov\u00e1ni, pokud nen\u00ed v\u00fdslovn\u011b uvedeno jinak.<\/p>\n<p class=\"p1\">V\u0161echny ochrann\u00e9 zn\u00e1mky a n\u00e1zvy zna\u010dek pat\u0159\u00ed jejich p\u0159\u00edslu\u0161n\u00fdm vlastn\u00edk\u016fm.<\/p>\n<h2><b>2. Pr\u00e1vn\u00ed r\u00e1mec (EU a \u0160v\u00fdcarsko)<\/b><\/h2>\n<p class=\"p1\">Dal\u0161\u00ed prodej a distribuce softwaru v r\u00e1mci Evropsk\u00e9 unie a \u0160v\u00fdcarska se \u0159\u00edd\u00ed principem vy\u010derp\u00e1n\u00ed pr\u00e1v.<\/p>\n<p class=\"p1\">Podle \u010dl\u00e1nku 4 odst. 2 sm\u011brnice 2009\/24\/ES (EU) a \u010dl\u00e1nku 12 odst. 2 \u0161v\u00fdcarsk\u00e9ho feder\u00e1ln\u00edho z\u00e1kona o autorsk\u00e9m pr\u00e1vu a pr\u00e1vech souvisej\u00edc\u00edch (URG) plat\u00ed, \u017ee jakmile byl software leg\u00e1ln\u011b uveden na trh v r\u00e1mci EU nebo \u0160v\u00fdcarska dr\u017eitelem pr\u00e1v nebo s jeho souhlasem, je v\u00fdhradn\u00ed pr\u00e1vo dr\u017eitele na distribuci vy\u010derp\u00e1no. <\/p>\n<p class=\"p1\">Tento pr\u00e1vn\u00ed princip byl potvrzen rozsudky Soudn\u00edho dvora Evropsk\u00e9 unie, v\u010detn\u011b v\u011bci C-128\/11 (UsedSoft v. Oracle), kter\u00fd potvrdil, \u017ee dal\u0161\u00ed prodej softwarov\u00fdch licenc\u00ed je podle pr\u00e1va EU za ur\u010dit\u00fdch podm\u00ednek p\u0159\u00edpustn\u00fd.<\/p>\n<p class=\"p1\">KEYCODE.CLOUD p\u016fsob\u00ed v souladu s platn\u00fdmi evropsk\u00fdmi a \u0161v\u00fdcarsk\u00fdmi pr\u00e1vn\u00edmi z\u00e1sadami.<\/p>\n<h2><b>3. Digit\u00e1ln\u00ed doru\u010den\u00ed<\/b><\/h2>\n<p class=\"p1\">V\u0161echny produkty prod\u00e1van\u00e9 na webu jsou doru\u010dov\u00e1ny digit\u00e1ln\u011b.<\/p>\n<p class=\"p1\">Po \u00fasp\u011b\u0161n\u00e9 platb\u011b bude produktov\u00fd kl\u00ed\u010d doru\u010den elektronicky prost\u0159ednictv\u00edm:<\/p>\n<ul>\n<li>\n<p class=\"p1\">Potvrzen\u00ed na obrazovce a\/nebo<\/p>\n<\/li>\n<li>\n<p class=\"p1\">E-mailu na adresu uvedenou b\u011bhem objedn\u00e1vky.<\/p>\n<\/li>\n<\/ul>\n<p class=\"p1\">\u017d\u00e1dn\u00fd fyzick\u00fd produkt se nezas\u00edl\u00e1.<\/p>\n<p class=\"p1\">Za poskytnut\u00ed p\u0159esn\u00fdch kontaktn\u00edch \u00fadaj\u016f odpov\u00edd\u00e1 z\u00e1kazn\u00edk.<\/p>\n<h2><b>4. Z\u00e1ruka a garance aktivace<\/b><\/h2>\n<p class=\"p1\">Ka\u017ed\u00fd produkt obsahuje v dob\u011b doru\u010den\u00ed garanci aktivace.<\/p>\n<p class=\"p1\">Pokud se kl\u00ed\u010d p\u0159i prvn\u00edm pou\u017eit\u00ed neaktivuje, mus\u00ed z\u00e1kazn\u00edk kontaktovat podporu do 14dn\u016f od n\u00e1kupu. M\u016f\u017eeme vy\u017eadovat: <\/p>\n<ul>\n<li>\n<p class=\"p1\">Sn\u00edmek obrazovky s chybou aktivace<\/p>\n<\/li>\n<li>\n<p class=\"p1\">Potvrzen\u00ed, \u017ee kl\u00ed\u010d nebyl d\u0159\u00edve aktivov\u00e1n<\/p>\n<\/li>\n<\/ul>\n<p class=\"p1\">Pokud bude probl\u00e9m ov\u011b\u0159en, poskytneme n\u00e1hradn\u00ed kl\u00ed\u010d nebo vr\u00e1t\u00edme pen\u00edze podle na\u0161eho uv\u00e1\u017een\u00ed.<\/p>\n<p class=\"p1\">Po \u00fasp\u011b\u0161n\u00e9 aktivaci nese odpov\u011bdnost za funk\u010dnost softwaru jeho vydavatel, proto\u017ee aktualizace, stav \u00fa\u010dtu, zm\u011bny hardwaru nebo z\u00e1sady vydavatele jsou mimo na\u0161i kontrolu.<\/p>\n<p class=\"p1\">Nezaru\u010dujeme kompatibilitu s nepodporovan\u00fdmi syst\u00e9my ani budouc\u00ed zm\u011bny ze strany vydavatele.<\/p>\n<h2><b>5. Ceny a \u00fapravy<\/b><\/h2>\n<p class=\"p1\">V\u0161echny ceny jsou uvedeny v EUR, pokud nen\u00ed uvedeno jinak.<\/p>\n<p class=\"p1\">Vyhrazujeme si pr\u00e1vo:<\/p>\n<ul>\n<li>\n<p class=\"p1\">Kdykoli zm\u011bnit ceny bez p\u0159edchoz\u00edho upozorn\u011bn\u00ed<\/p>\n<\/li>\n<li>\n<p class=\"p1\">Ukon\u010dit prodej produkt\u016f<\/p>\n<\/li>\n<li>\n<p class=\"p1\">Omezit mno\u017estv\u00ed na objedn\u00e1vku<\/p>\n<\/li>\n<\/ul>\n<p class=\"p1\">Zm\u011bny cen nemaj\u00ed vliv na dokon\u010den\u00e9 n\u00e1kupy.<\/p>\n<h2><b>6. Objedn\u00e1vky a p\u0159esnost fakturace<\/b><\/h2>\n<p class=\"p1\">Vyhrazujeme si pr\u00e1vo odm\u00edtnout nebo zru\u0161it jakoukoli objedn\u00e1vku podle na\u0161eho v\u00fdhradn\u00edho uv\u00e1\u017een\u00ed, mimo jin\u00e9 v p\u0159\u00edpadech:<\/p>\n<ul>\n<li>\n<p class=\"p1\">Podez\u0159en\u00ed na podvod<\/p>\n<\/li>\n<li>\n<p class=\"p1\">Nespr\u00e1vn\u00e9 ceny v d\u016fsledku technick\u00fdch chyb<\/p>\n<\/li>\n<li>\n<p class=\"p1\">Zneu\u017eit\u00ed platebn\u00edch syst\u00e9m\u016f<\/p>\n<\/li>\n<\/ul>\n<p class=\"p1\">Pokud bude objedn\u00e1vka po zaplacen\u00ed zru\u0161ena, bude vr\u00e1cena cel\u00e1 \u010d\u00e1stka.<\/p>\n<p class=\"p1\">Z\u00e1kazn\u00edci souhlas\u00ed s poskytov\u00e1n\u00edm p\u0159esn\u00fdch faktura\u010dn\u00edch \u00fadaj\u016f a udr\u017eov\u00e1n\u00edm \u00fadaj\u016f o \u00fa\u010dtu v aktu\u00e1ln\u00edm stavu.<\/p>\n<h2><b>7. Pravidla pro vracen\u00ed pen\u011bz (digit\u00e1ln\u00ed produkty)<\/b><\/h2>\n<p class=\"p1\">Vzhledem k povaze digit\u00e1ln\u00edho zbo\u017e\u00ed nemus\u00ed po doru\u010den\u00ed produktov\u00e9ho kl\u00ed\u010de platit pr\u00e1vo na odstoupen\u00ed od smlouvy v souladu s \u010dl\u00e1nkem 16 p\u00edsm. m) sm\u011brnice 2011\/83\/EU (digit\u00e1ln\u00ed obsah dod\u00e1van\u00fd okam\u017eit\u011b se souhlasem spot\u0159ebitele).<\/p>\n<p class=\"p1\">Dokon\u010den\u00edm n\u00e1kupu z\u00e1kazn\u00edk v\u00fdslovn\u011b souhlas\u00ed s okam\u017eit\u00fdm digit\u00e1ln\u00edm doru\u010den\u00edm a bere na v\u011bdom\u00ed, \u017ee to m\u016f\u017ee m\u00edt za n\u00e1sledek ztr\u00e1tu z\u00e1konn\u00e9ho pr\u00e1va na odstoupen\u00ed od smlouvy.<\/p>\n<p class=\"p1\">Vr\u00e1cen\u00ed pen\u011bz je mo\u017en\u00e9 pouze v p\u0159\u00edpadech:<\/p>\n<ul>\n<li>\n<p class=\"p1\">Prok\u00e1zan\u00e9ho nefunk\u010dn\u00edho kl\u00ed\u010de<\/p>\n<\/li>\n<li>\n<p class=\"p1\">Duplicitn\u00edho doru\u010den\u00ed<\/p>\n<\/li>\n<li>\n<p class=\"p1\">Technick\u00e9 chyby na na\u0161\u00ed stran\u011b<\/p>\n<\/li>\n<\/ul>\n<p class=\"p1\">\u017d\u00e1dosti o vr\u00e1cen\u00ed pen\u011bz mus\u00ed b\u00fdt pod\u00e1ny do 14dn\u016f od n\u00e1kupu.<\/p>\n<h2><b>8. Zak\u00e1zan\u00e9 zp\u016fsoby pou\u017eit\u00ed<\/b><\/h2>\n<p class=\"p1\">Web nesm\u00ed\u0161 pou\u017e\u00edvat:<\/p>\n<ul>\n<li>\n<p class=\"p1\">K nez\u00e1konn\u00fdm \u00fa\u010del\u016fm<\/p>\n<\/li>\n<li>\n<p class=\"p1\">K poru\u0161ov\u00e1n\u00ed pr\u00e1v du\u0161evn\u00edho vlastnictv\u00ed<\/p>\n<\/li>\n<li>\n<p class=\"p1\">K p\u0159enosu \u0161kodliv\u00e9ho softwaru<\/p>\n<\/li>\n<li>\n<p class=\"p1\">K pokusu o neopr\u00e1vn\u011bn\u00fd p\u0159\u00edstup<\/p>\n<\/li>\n<li>\n<p class=\"p1\">K naru\u0161ov\u00e1n\u00ed bezpe\u010dnosti webu<\/p>\n<\/li>\n<\/ul>\n<p class=\"p1\">Poru\u0161en\u00ed m\u016f\u017ee m\u00edt za n\u00e1sledek ukon\u010den\u00ed p\u0159\u00edstupu.<\/p>\n<h2><b>9. Vylou\u010den\u00ed z\u00e1ruk<\/b><\/h2>\n<p class=\"p1\">Web a v\u0161echny produkty jsou poskytov\u00e1ny \u201etak, jak jsou k dispozici\u201c, bez z\u00e1ruk nep\u0159etr\u017eit\u00e9ho p\u0159\u00edstupu nebo bezchybn\u00e9ho provozu.<\/p>\n<p class=\"p1\">Nezaru\u010dujeme:<\/p>\n<ul>\n<li>\n<p class=\"p1\">Nep\u0159etr\u017eitou dostupnost webu<\/p>\n<\/li>\n<li>\n<p class=\"p1\">Kompatibilitu se v\u0161emi syst\u00e9my<\/p>\n<\/li>\n<li>\n<p class=\"p1\">Budouc\u00ed aktualizace softwaru nebo z\u00e1sady vydavatele<\/p>\n<\/li>\n<\/ul>\n<h2><b>10. Omezen\u00ed odpov\u011bdnosti<\/b><\/h2>\n<p class=\"p1\">V maxim\u00e1ln\u00edm rozsahu povolen\u00e9m z\u00e1konem nenese KEYCODE.CLOUD odpov\u011bdnost za:<\/p>\n<ul>\n<li>\n<p class=\"p1\">Nep\u0159\u00edm\u00e9 nebo n\u00e1sledn\u00e9 \u0161kody<\/p>\n<\/li>\n<li>\n<p class=\"p1\">Ztr\u00e1tu zisku nebo dat<\/p>\n<\/li>\n<li>\n<p class=\"p1\">Omezen\u00ed \u00fa\u010dtu u vydavatele<\/p>\n<\/li>\n<li>\n<p class=\"p1\">Deaktivaci softwaru v d\u016fsledku nespr\u00e1vn\u00e9ho pou\u017eit\u00ed u\u017eivatelem<\/p>\n<\/li>\n<\/ul>\n<p class=\"p1\">Na\u0161e celkov\u00e1 odpov\u011bdnost nep\u0159es\u00e1hne \u010d\u00e1stku zaplacenou za produkt.<\/p>\n<p class=\"p1\">Nic v t\u011bchto podm\u00ednk\u00e1ch nevylu\u010duje odpov\u011bdnost, kterou nelze podle \u010desk\u00e9ho pr\u00e1va leg\u00e1ln\u011b vylou\u010dit.<\/p>\n<h2><b>11. Osobn\u00ed \u00fadaje<\/b><\/h2>\n<p class=\"p1\">Osobn\u00ed \u00fadaje jsou zpracov\u00e1v\u00e1ny v souladu s na\u0161imi z\u00e1sadami ochrany osobn\u00edch \u00fadaj\u016f, kter\u00e9 jsou k dispozici na adrese:<\/p>\n<p class=\"p1\"><a href=\"https:\/\/keycode.cloud\/cs\/zasady-ochrany-osobnich-udaju\/\">https:\/\/keycode.cloud\/privacy-policy<\/a><\/p>\n<p class=\"p1\">Dodr\u017eujeme obecn\u00e9 na\u0159\u00edzen\u00ed o ochran\u011b osobn\u00edch \u00fadaj\u016f (GDPR).<\/p>\n<h2><b>12. Rozhodn\u00e9 pr\u00e1vo<\/b><\/h2>\n<p class=\"p1\">Tyto podm\u00ednky se \u0159\u00edd\u00ed a vykl\u00e1daj\u00ed v souladu s pr\u00e1vn\u00edmi p\u0159edpisy \u010cesk\u00e9 republiky.<\/p>\n<p class=\"p1\">U spot\u0159ebitel\u016f s bydli\u0161t\u011bm v Evropsk\u00e9 unii z\u016fst\u00e1vaj\u00ed povinn\u00e9 z\u00e1kony na ochranu spot\u0159ebitele zem\u011b bydli\u0161t\u011b spot\u0159ebitele nedot\u010deny.<\/p>\n<h2><b>13. Zm\u011bny podm\u00ednek<\/b><\/h2>\n<p class=\"p1\">Vyhrazujeme si pr\u00e1vo tyto podm\u00ednky kdykoli aktualizovat. Nejnov\u011bj\u0161\u00ed verze bude v\u017edy zve\u0159ejn\u011bna na t\u00e9to str\u00e1nce. <\/p>\n<p class=\"p1\">Dal\u0161\u00ed pou\u017e\u00edv\u00e1n\u00ed webu po proveden\u00ed zm\u011bn znamen\u00e1 souhlas s revidovan\u00fdmi podm\u00ednkami.<\/p>\t\t\t\t\t\t\t\t<\/div>\n\t\t\t\t<\/div>\n\t\t\t\t\t<\/div>\n\t\t\t\t<\/div>\n\t\t\t\t<\/div>\n\t\t","protected":false},"excerpt":{"rendered":"<p>Datum \u00fa\u010dinnosti: 26. 02. 2026 V\u00edtej na KEYCODE.CLOUD (\u201emy\u201c, \u201en\u00e1s\u201c, \u201en\u00e1\u0161\u201c). P\u0159\u00edstupem na n\u00e1\u0161 web https:\/\/keycode.cloud\/ (d\u00e1le jen \u201eweb\u201c) nebo [&hellip;]<\/p>\n","protected":false},"author":1,"featured_media":0,"parent":0,"menu_order":0,"comment_status":"closed","ping_status":"closed","template":"","meta":{"site-sidebar-layout":"default","site-content-layout":"","ast-site-content-layout":"default","site-content-style":"default","site-sidebar-style":"default","ast-global-header-display":"","ast-banner-title-visibility":"","ast-main-header-display":"","ast-hfb-above-header-display":"","ast-hfb-below-header-display":"","ast-hfb-mobile-header-display":"","site-post-title":"","ast-breadcrumbs-content":"","ast-featured-img":"","footer-sml-layout":"","theme-transparent-header-meta":"","adv-header-id-meta":"","stick-header-meta":"","header-above-stick-meta":"","header-main-stick-meta":"","header-below-stick-meta":"","astra-migrate-meta-layouts":"default","ast-page-background-enabled":"default","ast-page-background-meta":{"desktop":{"background-color":"var(--ast-global-color-4)","background-image":"","background-repeat":"repeat","background-position":"center center","background-size":"auto","background-attachment":"scroll","background-type":"","background-media":"","overlay-type":"","overlay-color":"","overlay-opacity":"","overlay-gradient":""},"tablet":{"background-color":"","background-image":"","background-repeat":"repeat","background-position":"center center","background-size":"auto","background-attachment":"scroll","background-type":"","background-media":"","overlay-type":"","overlay-color":"","overlay-opacity":"","overlay-gradient":""},"mobile":{"background-color":"","background-image":"","background-repeat":"repeat","background-position":"center center","background-size":"auto","background-attachment":"scroll","background-type":"","background-media":"","overlay-type":"","overlay-color":"","overlay-opacity":"","overlay-gradient":""}},"ast-content-background-meta":{"desktop":{"background-color":"var(--ast-global-color-5)","background-image":"","background-repeat":"repeat","background-position":"center center","background-size":"auto","background-attachment":"scroll","background-type":"","background-media":"","overlay-type":"","overlay-color":"","overlay-opacity":"","overlay-gradient":""},"tablet":{"background-color":"var(--ast-global-color-5)","background-image":"","background-repeat":"repeat","background-position":"center center","background-size":"auto","background-attachment":"scroll","background-type":"","background-media":"","overlay-type":"","overlay-color":"","overlay-opacity":"","overlay-gradient":""},"mobile":{"background-color":"var(--ast-global-color-5)","background-image":"","background-repeat":"repeat","background-position":"center center","background-size":"auto","background-attachment":"scroll","background-type":"","background-media":"","overlay-type":"","overlay-color":"","overlay-opacity":"","overlay-gradient":""}},"footnotes":""},"class_list":["post-1780","page","type-page","status-publish","hentry"],"_links":{"self":[{"href":"https:\/\/keycode.cloud\/cs\/wp-json\/wp\/v2\/pages\/1780","targetHints":{"allow":["GET"]}}],"collection":[{"href":"https:\/\/keycode.cloud\/cs\/wp-json\/wp\/v2\/pages"}],"about":[{"href":"https:\/\/keycode.cloud\/cs\/wp-json\/wp\/v2\/types\/page"}],"author":[{"embeddable":true,"href":"https:\/\/keycode.cloud\/cs\/wp-json\/wp\/v2\/users\/1"}],"replies":[{"embeddable":true,"href":"https:\/\/keycode.cloud\/cs\/wp-json\/wp\/v2\/comments?post=1780"}],"version-history":[{"count":5,"href":"https:\/\/keycode.cloud\/cs\/wp-json\/wp\/v2\/pages\/1780\/revisions"}],"predecessor-version":[{"id":3624,"href":"https:\/\/keycode.cloud\/cs\/wp-json\/wp\/v2\/pages\/1780\/revisions\/3624"}],"wp:attachment":[{"href":"https:\/\/keycode.cloud\/cs\/wp-json\/wp\/v2\/media?parent=1780"}],"curies":[{"name":"wp","href":"https:\/\/api.w.org\/{rel}","templated":true}]}}