{"id":2422,"date":"2025-10-04T02:58:52","date_gmt":"2025-10-04T02:58:52","guid":{"rendered":"https:\/\/keycode.cloud\/impresum\/"},"modified":"2025-11-04T18:54:53","modified_gmt":"2025-11-04T18:54:53","slug":"impresum","status":"publish","type":"page","link":"https:\/\/keycode.cloud\/cs\/impresum\/","title":{"rendered":"Impresum"},"content":{"rendered":"\n<p><strong>N\u00e1zev spole\u010dnosti:<\/strong><\/p>\n\n<p>NedFor company s.r.o.<\/p>\n\n<p><strong>Identifika\u010dn\u00ed \u010d\u00edslo (I\u010c\/DI\u010c):<\/strong><\/p>\n\n<p>21411549 \/ CZ21411549<\/p>\n\n<p><strong>S\u00eddlo:<\/strong><\/p>\n\n<p>Kaprova 42\/14<\/p>\n\n<p>Star\u00e9 M\u011bsto, 110 00 Praha<\/p>\n\n<p>\u010cesk\u00e1 republika<\/p>\n\n<p><strong>Kontakt:<\/strong><\/p>\n\n<p>E-mail: sales@keycode.cloud<\/p>\n\n<p>Telefon\/WhatsApp: +420 721613827<\/p>\n\n<p><strong>Jednatel \/ Osoba odpov\u011bdn\u00e1 za obsah (dle \u00a7 55 RStV):<\/strong><\/p>\n\n<p>Patrik Nedbalek<\/p>\n\n<p><strong>Odm\u00edtnut\u00ed odpov\u011bdnosti:<\/strong><\/p>\n\n<p>I p\u0159es pe\u010dlivou kontrolu obsahu nep\u0159eb\u00edr\u00e1me \u017e\u00e1dnou odpov\u011bdnost za obsah extern\u00edch odkaz\u016f. Za obsah odkazovan\u00fdch str\u00e1nek jsou v\u00fdhradn\u011b odpov\u011bdn\u00ed jejich provozovatel\u00e9. <\/p>\n\n<p><strong>\u0158e\u0161en\u00ed spor\u016f:<\/strong><\/p>\n\n<p>Evropsk\u00e1 komise poskytuje platformu pro online \u0159e\u0161en\u00ed spor\u016f (ODR): <a href=\"https:\/\/ec.europa.eu\/consumers\/odr\" target=\"_blank\" rel=\"noopener\">https:\/\/ec.europa.eu\/consumers\/odr<\/a>.<\/p>\n\n<p>Nejsme povinni ani ochotni \u00fa\u010dastnit se \u0159\u00edzen\u00ed o urovn\u00e1n\u00ed spor\u016f p\u0159ed rozhod\u010d\u00edm org\u00e1nem pro spot\u0159ebitele.<\/p>\n","protected":false},"excerpt":{"rendered":"<p>N\u00e1zev spole\u010dnosti: NedFor company s.r.o. Identifika\u010dn\u00ed \u010d\u00edslo (I\u010c\/DI\u010c): 21411549 \/ CZ21411549 S\u00eddlo: Kaprova 42\/14 Star\u00e9 M\u011bsto, 110 00 Praha \u010cesk\u00e1 [&hellip;]<\/p>\n","protected":false},"author":1,"featured_media":0,"parent":0,"menu_order":0,"comment_status":"closed","ping_status":"closed","template":"","meta":{"site-sidebar-layout":"default","site-content-layout":"","ast-site-content-layout":"default","site-content-style":"default","site-sidebar-style":"default","ast-global-header-display":"","ast-banner-title-visibility":"","ast-main-header-display":"","ast-hfb-above-header-display":"","ast-hfb-below-header-display":"","ast-hfb-mobile-header-display":"","site-post-title":"","ast-breadcrumbs-content":"","ast-featured-img":"","footer-sml-layout":"","theme-transparent-header-meta":"","adv-header-id-meta":"","stick-header-meta":"","header-above-stick-meta":"","header-main-stick-meta":"","header-below-stick-meta":"","astra-migrate-meta-layouts":"default","ast-page-background-enabled":"default","ast-page-background-meta":{"desktop":{"background-color":"var(--ast-global-color-4)","background-image":"","background-repeat":"repeat","background-position":"center center","background-size":"auto","background-attachment":"scroll","background-type":"","background-media":"","overlay-type":"","overlay-color":"","overlay-opacity":"","overlay-gradient":""},"tablet":{"background-color":"","background-image":"","background-repeat":"repeat","background-position":"center center","background-size":"auto","background-attachment":"scroll","background-type":"","background-media":"","overlay-type":"","overlay-color":"","overlay-opacity":"","overlay-gradient":""},"mobile":{"background-color":"","background-image":"","background-repeat":"repeat","background-position":"center center","background-size":"auto","background-attachment":"scroll","background-type":"","background-media":"","overlay-type":"","overlay-color":"","overlay-opacity":"","overlay-gradient":""}},"ast-content-background-meta":{"desktop":{"background-color":"var(--ast-global-color-5)","background-image":"","background-repeat":"repeat","background-position":"center center","background-size":"auto","background-attachment":"scroll","background-type":"","background-media":"","overlay-type":"","overlay-color":"","overlay-opacity":"","overlay-gradient":""},"tablet":{"background-color":"var(--ast-global-color-5)","background-image":"","background-repeat":"repeat","background-position":"center center","background-size":"auto","background-attachment":"scroll","background-type":"","background-media":"","overlay-type":"","overlay-color":"","overlay-opacity":"","overlay-gradient":""},"mobile":{"background-color":"var(--ast-global-color-5)","background-image":"","background-repeat":"repeat","background-position":"center center","background-size":"auto","background-attachment":"scroll","background-type":"","background-media":"","overlay-type":"","overlay-color":"","overlay-opacity":"","overlay-gradient":""}},"footnotes":""},"class_list":["post-2422","page","type-page","status-publish","hentry"],"_links":{"self":[{"href":"https:\/\/keycode.cloud\/cs\/wp-json\/wp\/v2\/pages\/2422","targetHints":{"allow":["GET"]}}],"collection":[{"href":"https:\/\/keycode.cloud\/cs\/wp-json\/wp\/v2\/pages"}],"about":[{"href":"https:\/\/keycode.cloud\/cs\/wp-json\/wp\/v2\/types\/page"}],"author":[{"embeddable":true,"href":"https:\/\/keycode.cloud\/cs\/wp-json\/wp\/v2\/users\/1"}],"replies":[{"embeddable":true,"href":"https:\/\/keycode.cloud\/cs\/wp-json\/wp\/v2\/comments?post=2422"}],"version-history":[{"count":3,"href":"https:\/\/keycode.cloud\/cs\/wp-json\/wp\/v2\/pages\/2422\/revisions"}],"predecessor-version":[{"id":2932,"href":"https:\/\/keycode.cloud\/cs\/wp-json\/wp\/v2\/pages\/2422\/revisions\/2932"}],"wp:attachment":[{"href":"https:\/\/keycode.cloud\/cs\/wp-json\/wp\/v2\/media?parent=2422"}],"curies":[{"name":"wp","href":"https:\/\/api.w.org\/{rel}","templated":true}]}}