{"id":1772,"date":"2024-02-18T14:47:46","date_gmt":"2024-02-18T14:47:46","guid":{"rendered":"https:\/\/keycode.cloud\/product\/windows-7-ultimate\/"},"modified":"2026-04-13T23:16:41","modified_gmt":"2026-04-13T23:16:41","slug":"windows-7-ultimate","status":"publish","type":"product","link":"https:\/\/keycode.cloud\/cs\/produkt\/windows-7-ultimate\/","title":{"rendered":"Windows 7 ultimate"},"content":{"rendered":"<h6>Jak aktivovat?<\/h6>\n<p><a href=\"https:\/\/keycode.cloud\/cs\/pruvodci-faq\/#windows-getcid\">https:\/\/keycode.cloud\/faq\/#windows-getcid<\/a><\/p>\n<p class=\"p1\"><span class=\"s1\"><b>Windows 7 Ultimate<\/b><\/span> je nejv\u00fdkonn\u011bj\u0161\u00ed a nejbohat\u0161\u00ed edice Windows 7. Kombinuje z\u00e1bavn\u00ed a u\u017eivatelsk\u00e9 funkce Home Premium s bezpe\u010dnostn\u00edmi a s\u00ed\u0165ov\u00fdmi schopnostmi Professional, plus exkluzivn\u00ed funkce jako BitLocker a v\u00edcejazy\u010dnou podporu. Tato edice je ide\u00e1ln\u00ed pro pokro\u010dil\u00e9 u\u017eivatele, technologick\u00e9 nad\u0161ence a firmy, kter\u00e9 pot\u0159ebuj\u00ed \u0161pi\u010dkov\u00fd v\u00fdkon a flexibilitu.<\/p>\n<p>Kl\u00ed\u010dov\u00e9 funkce Windows 7 Home Premium zahrnuj\u00ed:<\/p>\n<ul>\n<li>\n<p class=\"p1\"><span class=\"s1\"><b>BitLocker Drive Encryption:<\/b><\/span> Chr\u00e1n\u00ed va\u0161e data \u0161ifrov\u00e1n\u00edm cel\u00fdch disk\u016f, co\u017e pom\u00e1h\u00e1 zabr\u00e1nit neopr\u00e1vn\u011bn\u00e9mu p\u0159\u00edstupu, i kdy\u017e je v\u00e1\u0161 po\u010d\u00edta\u010d ztracen nebo ukraden.<\/p>\n<\/li>\n<li>\n<p class=\"p1\"><span class=\"s1\"><b>AppLocker:<\/b><\/span> Poskytuje administr\u00e1tor\u016fm kontrolu nad t\u00edm, kter\u00e9 aplikace a soubory mohou u\u017eivatel\u00e9 spou\u0161t\u011bt, co\u017e zvy\u0161uje bezpe\u010dnost syst\u00e9mu v obchodn\u00edm nebo sd\u00edlen\u00e9m prost\u0159ed\u00ed.<\/p>\n<\/li>\n<li>\n<p class=\"p1\"><span class=\"s1\"><b>Language Packs:<\/b><\/span> Pln\u00e1 v\u00edcejazy\u010dn\u00e1 podpora s mo\u017enost\u00ed p\u0159ep\u00edn\u00e1n\u00ed mezi v\u00edce ne\u017e 35 zobrazovac\u00edmi jazyky, ide\u00e1ln\u00ed pro v\u00edcejazy\u010dn\u00e9 u\u017eivatele nebo glob\u00e1ln\u00ed nasazen\u00ed.<\/p>\n<\/li>\n<li>\n<p class=\"p1\"><span class=\"s1\"><b>Windows XP Mode:<\/b><\/span> Umo\u017e\u0148uje kompatibilitu se star\u0161\u00edm softwarem spu\u0161t\u011bn\u00edm virtualizovan\u00e9ho prost\u0159ed\u00ed Windows XP p\u0159\u00edmo ve Windows 7.<\/p>\n<\/li>\n<li>\n<p class=\"p1\"><span class=\"s1\"><b>Pokro\u010dil\u00e9 s\u00ed\u0165ov\u00e9 funkce:<\/b><\/span> Zahrnuje p\u0159ipojen\u00ed k dom\u00e9n\u011b a pokro\u010dil\u00e9 mo\u017enosti z\u00e1lohov\u00e1n\u00ed (v\u010detn\u011b s\u00ed\u0165ov\u00fdch z\u00e1loh), vhodn\u00e9 pro obchodn\u00ed nebo podnikov\u00e9 pou\u017eit\u00ed.<\/p>\n<\/li>\n<li>\n<p class=\"p1\"><span class=\"s1\"><b>Hostitel vzd\u00e1len\u00e9 plochy:<\/b><\/span> Na rozd\u00edl od ni\u017e\u0161\u00edch edic umo\u017e\u0148uje Windows 7 Ultimate, aby byl v\u00e1\u0161 po\u010d\u00edta\u010d ovl\u00e1d\u00e1n na d\u00e1lku prost\u0159ednictv\u00edm protokolu Remote Desktop Protocol (RDP).<\/p>\n<\/li>\n<li>\n<p class=\"p1\"><span class=\"s1\" style=\"font-size: 16px;\"><b>Aero Interface:<\/b><\/span><span style=\"font-size: 16px;\"> Nab\u00edz\u00ed pln\u00fd z\u00e1\u017eitek z Aero Glass s plynul\u00fdmi animacemi, n\u00e1hledy oken a vylep\u0161en\u00edmi plochy.<\/span><\/p>\n<\/li>\n<li>\n<p class=\"p1\"><span class=\"s1\" style=\"font-size: 16px;\"><b>Snap, Shake a Peek:<\/b><\/span><span style=\"font-size: 16px;\"> Zvy\u0161uje produktivitu rychl\u00fdm uspo\u0159\u00e1d\u00e1n\u00edm oken, minimalizac\u00ed nepo\u0159\u00e1dku a n\u00e1hledem na plochu pomoc\u00ed intuitivn\u00edch gest.<\/span><\/p>\n<\/li>\n<li>\n<p class=\"p1\"><span class=\"s1\" style=\"font-size: 16px;\"><b>Vylep\u0161en\u00fd panel \u00faloh a nab\u00eddka Start:<\/b><\/span><span style=\"font-size: 16px;\"> Vylep\u0161eno o seznamy skok\u016f, v\u011bt\u0161\u00ed ikony a mo\u017enosti p\u0159ipnut\u00ed pro snadn\u00fd p\u0159\u00edstup k aplikac\u00edm a soubor\u016fm.<\/span><\/p>\n<\/li>\n<li>\n<p class=\"p1\"><span class=\"s1\" style=\"font-size: 16px;\"><b>Vylep\u0161en\u00e9 vyhled\u00e1v\u00e1n\u00ed soubor\u016f:<\/b><\/span><span style=\"font-size: 16px;\"> Rychle najd\u011bte dokumenty, programy, nastaven\u00ed a dokonce i e-maily s v\u00fdkonnou funkc\u00ed vyhled\u00e1v\u00e1n\u00ed zabudovanou do nab\u00eddky Start.<\/span><\/p>\n<\/li>\n<li>\n<p class=\"p1\"><span class=\"s1\" style=\"font-size: 16px;\"><b>Windows Media Center:<\/b><\/span><span style=\"font-size: 16px;\"> U\u017e\u00edvejte si a spravujte svou hudbu, videa a \u017eiv\u00e9 TV (s kompatibiln\u00edmi tunery) v z\u00e1bavn\u00edm centru v\u0161e v jednom.<\/span><\/p>\n<\/li>\n<\/ul>\n<h3>Po\u017eadavky na hardware<\/h3>\n<ul>\n<li><span class=\"s1\" style=\"font-size: 16px;\"><b>Procesor:<\/b><\/span><span style=\"font-size: 16px;\"> 1 GHz nebo rychlej\u0161\u00ed 32bitov\u00fd (x86) nebo 64bitov\u00fd (x64) procesor<\/span><\/li>\n<li><span class=\"s1\" style=\"font-size: 16px;\"><b>RAM:<\/b><\/span><span style=\"font-size: 16px;\"> 1 GB pro 32bitov\u00fd nebo 2 GB pro 64bitov\u00fd<\/span><\/li>\n<li><span class=\"s1\" style=\"font-size: 16px;\"><b>Pevn\u00fd disk:<\/b><\/span><span style=\"font-size: 16px;\"> 16 GB voln\u00e9ho m\u00edsta na disku (32bitov\u00fd) nebo 20 GB (64bitov\u00fd)<\/span><\/li>\n<li><span class=\"s1\" style=\"font-size: 16px;\"><b>Grafika:<\/b><\/span><span style=\"font-size: 16px;\"> Grafick\u00e9 za\u0159\u00edzen\u00ed DirectX 9 s ovlada\u010dem WDDM 1.0 nebo vy\u0161\u0161\u00edm<\/span><\/li>\n<\/ul>\n","protected":false},"excerpt":{"rendered":"<p>&nbsp;<\/p>\n<p class=\"p1\"><b>Aktiva\u010dn\u00ed metoda:<br \/>\n<\/b><b><\/b><span class=\"s1\">\u2013 <b>GetCID<\/b><\/span> \u2013 kl\u00ed\u010d + k\u00f3d potvrzen\u00ed (offline aktivace)<\/p>\n<p>Obdr\u017e\u00edte:<\/p>\n<p><b>Okam\u017eit\u00e9 doru\u010den\u00ed emailem (ve v\u00fdjime\u010dn\u00fdch p\u0159\u00edpadech do 24 h).<\/b><\/p>\n<h6>\u2013 Origin\u00e1ln\u00ed, jedine\u010dn\u00fd aktiva\u010dn\u00ed kl\u00ed\u010d<\/h6>\n<p>Tento kl\u00ed\u010d aktivace lze pou\u017e\u00edt pouze jednou, a to na jeden po\u010d\u00edta\u010d.<br \/>\nPou\u017eijte kl\u00ed\u010d do 30 dn\u016f od n\u00e1kupu, po aktivaci je z\u00e1ruka trval\u00e1.<\/p>\n<p>Windows<\/p>\n","protected":false},"featured_media":3714,"template":"","meta":{"site-sidebar-layout":"default","site-content-layout":"","ast-site-content-layout":"default","site-content-style":"default","site-sidebar-style":"default","ast-global-header-display":"","ast-banner-title-visibility":"","ast-main-header-display":"","ast-hfb-above-header-display":"","ast-hfb-below-header-display":"","ast-hfb-mobile-header-display":"","site-post-title":"","ast-breadcrumbs-content":"","ast-featured-img":"","footer-sml-layout":"","theme-transparent-header-meta":"default","adv-header-id-meta":"","stick-header-meta":"","header-above-stick-meta":"","header-main-stick-meta":"","header-below-stick-meta":"","astra-migrate-meta-layouts":"set","ast-page-background-enabled":"default","ast-page-background-meta":{"desktop":{"background-color":"var(--ast-global-color-4)","background-image":"","background-repeat":"repeat","background-position":"center center","background-size":"auto","background-attachment":"scroll","background-type":"","background-media":"","overlay-type":"","overlay-color":"","overlay-opacity":"","overlay-gradient":""},"tablet":{"background-color":"","background-image":"","background-repeat":"repeat","background-position":"center center","background-size":"auto","background-attachment":"scroll","background-type":"","background-media":"","overlay-type":"","overlay-color":"","overlay-opacity":"","overlay-gradient":""},"mobile":{"background-color":"","background-image":"","background-repeat":"repeat","background-position":"center center","background-size":"auto","background-attachment":"scroll","background-type":"","background-media":"","overlay-type":"","overlay-color":"","overlay-opacity":"","overlay-gradient":""}},"ast-content-background-meta":{"desktop":{"background-color":"var(--ast-global-color-5)","background-image":"","background-repeat":"repeat","background-position":"center center","background-size":"auto","background-attachment":"scroll","background-type":"","background-media":"","overlay-type":"","overlay-color":"","overlay-opacity":"","overlay-gradient":""},"tablet":{"background-color":"var(--ast-global-color-5)","background-image":"","background-repeat":"repeat","background-position":"center center","background-size":"auto","background-attachment":"scroll","background-type":"","background-media":"","overlay-type":"","overlay-color":"","overlay-opacity":"","overlay-gradient":""},"mobile":{"background-color":"var(--ast-global-color-5)","background-image":"","background-repeat":"repeat","background-position":"center center","background-size":"auto","background-attachment":"scroll","background-type":"","background-media":"","overlay-type":"","overlay-color":"","overlay-opacity":"","overlay-gradient":""}}},"product_brand":[],"product_cat":[66],"product_tag":[],"class_list":{"0":"post-1772","1":"product","2":"type-product","3":"status-publish","4":"has-post-thumbnail","6":"product_cat-windows","7":"desktop-align-center","8":"tablet-align-left","9":"mobile-align-left","11":"first","12":"instock","13":"virtual","14":"taxable","15":"purchasable","16":"product-type-simple"},"_links":{"self":[{"href":"https:\/\/keycode.cloud\/cs\/wp-json\/wp\/v2\/product\/1772","targetHints":{"allow":["GET"]}}],"collection":[{"href":"https:\/\/keycode.cloud\/cs\/wp-json\/wp\/v2\/product"}],"about":[{"href":"https:\/\/keycode.cloud\/cs\/wp-json\/wp\/v2\/types\/product"}],"version-history":[{"count":4,"href":"https:\/\/keycode.cloud\/cs\/wp-json\/wp\/v2\/product\/1772\/revisions"}],"predecessor-version":[{"id":3956,"href":"https:\/\/keycode.cloud\/cs\/wp-json\/wp\/v2\/product\/1772\/revisions\/3956"}],"wp:featuredmedia":[{"embeddable":true,"href":"https:\/\/keycode.cloud\/cs\/wp-json\/wp\/v2\/media\/3714"}],"wp:attachment":[{"href":"https:\/\/keycode.cloud\/cs\/wp-json\/wp\/v2\/media?parent=1772"}],"wp:term":[{"taxonomy":"product_brand","embeddable":true,"href":"https:\/\/keycode.cloud\/cs\/wp-json\/wp\/v2\/product_brand?post=1772"},{"taxonomy":"product_cat","embeddable":true,"href":"https:\/\/keycode.cloud\/cs\/wp-json\/wp\/v2\/product_cat?post=1772"},{"taxonomy":"product_tag","embeddable":true,"href":"https:\/\/keycode.cloud\/cs\/wp-json\/wp\/v2\/product_tag?post=1772"}],"curies":[{"name":"wp","href":"https:\/\/api.w.org\/{rel}","templated":true}]}}