{"id":1795,"date":"2024-02-18T17:01:31","date_gmt":"2024-02-18T17:01:31","guid":{"rendered":"https:\/\/keycode.cloud\/product\/office-2021-pro-domacnosti-pro-mac\/"},"modified":"2026-04-13T23:16:21","modified_gmt":"2026-04-13T23:16:21","slug":"office-2021-pro-domacnosti-pro-mac","status":"publish","type":"product","link":"https:\/\/keycode.cloud\/cs\/produkt\/office-2021-pro-domacnosti-pro-mac\/","title":{"rendered":"Office 2021 pro dom\u00e1cnosti pro Mac"},"content":{"rendered":"<h6>Jak aktivovat?<\/h6>\n<p><a href=\"https:\/\/keycode.cloud\/cs\/pruvodci-faq\/#office\">https:\/\/keycode.cloud\/faq\/#office<\/a><\/p>\n<p>Office 2021 pro dom\u00e1cnosti a podnikatele pro Mac je produktivn\u00ed bal\u00edk vyvinut\u00fd spole\u010dnost\u00ed Microsoft, speci\u00e1ln\u011b navr\u017een\u00fd pro u\u017eivatele macOS. Tento bal\u00edk obsahuje sadu z\u00e1kladn\u00edch aplikac\u00ed ur\u010den\u00fdch pro osobn\u00ed i pracovn\u00ed \u00fakoly, poskytuj\u00edc\u00ed u\u017eivatel\u016fm n\u00e1stroje pot\u0159ebn\u00e9 k vytv\u00e1\u0159en\u00ed, \u00faprav\u00e1m a spr\u00e1v\u011b dokument\u016f, prezentac\u00ed a e-mail\u016f na jejich za\u0159\u00edzen\u00edch Mac.<\/p>\n<p>Kl\u00ed\u010dov\u00e9 komponenty Office 2021 pro dom\u00e1cnosti a podnikatele pro Mac zahrnuj\u00ed:<\/p>\n<ol>\n<li><strong>Microsoft Word pro Mac<\/strong>: V\u00fdkonn\u00e1 aplikace pro zpracov\u00e1n\u00ed textu pro vytv\u00e1\u0159en\u00ed a \u00fapravy dokument\u016f s pokro\u010dil\u00fdmi mo\u017enostmi form\u00e1tov\u00e1n\u00ed a funkcemi pro spolupr\u00e1ci.<\/li>\n<li><strong>Microsoft Excel pro Mac<\/strong>: Komplexn\u00ed tabulkov\u00e1 aplikace pro anal\u00fdzu dat, v\u00fdpo\u010dty a vizualizaci, vybaven\u00e1 pokro\u010dil\u00fdmi funkcemi a n\u00e1stroji pro tvorbu graf\u016f.<\/li>\n<li><strong>Microsoft PowerPoint pro Mac<\/strong>: Prezenta\u010dn\u00ed software umo\u017e\u0148uj\u00edc\u00ed u\u017eivatel\u016fm vytv\u00e1\u0159et vizu\u00e1ln\u011b poutav\u00e9 prezentace s multimedi\u00e1ln\u00edmi prvky.<\/li>\n<li><strong>Microsoft Outlook pro Mac<\/strong>: E-mailov\u00e1 a kalend\u00e1\u0159ov\u00e1 aplikace pro efektivn\u00ed spr\u00e1vu e-mail\u016f, sch\u016fzek a \u00fakol\u016f.<\/li>\n<li><strong>Microsoft OneNote pro Mac<\/strong>: Digit\u00e1ln\u00ed aplikace pro po\u0159izov\u00e1n\u00ed pozn\u00e1mek pro zachycen\u00ed a organizaci n\u00e1pad\u016f a informac\u00ed.<\/li>\n<\/ol>\n<p>Office 2021 pro dom\u00e1cnosti a podnikatele pro Mac je vhodn\u00fd pro u\u017eivatele, kte\u0159\u00ed pot\u0159ebuj\u00ed v\u0161estrann\u00fd a u\u017eivatelsky p\u0159\u00edv\u011btiv\u00fd produktivn\u00ed bal\u00edk na sv\u00fdch za\u0159\u00edzen\u00edch s macOS. Uspokojuje jak osobn\u00ed, tak pracovn\u00ed pot\u0159eby a poskytuje zn\u00e1m\u00e9 a konzistentn\u00ed prost\u0159ed\u00ed nap\u0159\u00ed\u010d r\u016fzn\u00fdmi aplikacemi Office. I kdy\u017e byl vyd\u00e1n Microsoft 365, Office 2021 pro dom\u00e1cnosti a podnikatele pro Mac z\u016fst\u00e1v\u00e1 solidn\u00ed volbou pro ty, kte\u0159\u00ed preferuj\u00ed jednor\u00e1zov\u00fd n\u00e1kupn\u00ed model.<\/p>\n<h3>Po\u017eadavky na hardware<\/h3>\n<p><strong>Procesor<\/strong>:<\/p>\n<ul>\n<li>Po\u010d\u00edta\u010de Mac s procesory Intel i Apple silicon<\/li>\n<\/ul>\n<p><strong>RAM (opera\u010dn\u00ed pam\u011b\u0165)<\/strong>:<\/p>\n<ul>\n<li>4 GB RAM<\/li>\n<\/ul>\n<p><strong>M\u00edsto na pevn\u00e9m disku<\/strong>:<\/p>\n<ul>\n<li>10 GB voln\u00e9ho m\u00edsta na disku.<\/li>\n<\/ul>\n<p><strong>Displej<\/strong>:<\/p>\n<ul>\n<li>Minim\u00e1ln\u00ed rozli\u0161en\u00ed obrazovky 1280\u00d7800 pixel\u016f.<\/li>\n<\/ul>\n<p><strong>Opera\u010dn\u00ed syst\u00e9m<\/strong>:<\/p>\n<ul>\n<li>Alespo\u0148 t\u0159et\u00ed nejnov\u011bj\u0161\u00ed verze Mac OS<\/li>\n<\/ul>\n","protected":false},"excerpt":{"rendered":"<p>&nbsp;<\/p>\n<p>Tento kl\u00ed\u010d lze pou\u017e\u00edt pouze jednou na \u00fa\u010det Microsoft\/Mac.<\/p>\n<p><b>Okam\u017eit\u00e9 doru\u010den\u00ed emailem (ve v\u00fdjime\u010dn\u00fdch p\u0159\u00edpadech do 24 h).<\/b><\/p>\n<h6>\u2013 Origin\u00e1ln\u00ed, jedine\u010dn\u00fd aktiva\u010dn\u00ed kl\u00ed\u010d<\/h6>\n<p>\u2013 Origin\u00e1ln\u00ed, unik\u00e1tn\u00ed aktiva\u010dn\u00ed kl\u00ed\u010d, kter\u00fd bude v\u00e1z\u00e1n na v\u00e1\u0161 \u00fa\u010det Microsoft.<br \/>\nPou\u017eijte kl\u00ed\u010d do 30 dn\u016f od n\u00e1kupu, po aktivaci je z\u00e1ruka trval\u00e1.<\/p>\n<p>Windows<\/p>\n","protected":false},"featured_media":3660,"template":"","meta":{"site-sidebar-layout":"default","site-content-layout":"","ast-site-content-layout":"default","site-content-style":"default","site-sidebar-style":"default","ast-global-header-display":"","ast-banner-title-visibility":"","ast-main-header-display":"","ast-hfb-above-header-display":"","ast-hfb-below-header-display":"","ast-hfb-mobile-header-display":"","site-post-title":"","ast-breadcrumbs-content":"","ast-featured-img":"","footer-sml-layout":"","theme-transparent-header-meta":"default","adv-header-id-meta":"","stick-header-meta":"","header-above-stick-meta":"","header-main-stick-meta":"","header-below-stick-meta":"","astra-migrate-meta-layouts":"set","ast-page-background-enabled":"default","ast-page-background-meta":{"desktop":{"background-color":"var(--ast-global-color-4)","background-image":"","background-repeat":"repeat","background-position":"center center","background-size":"auto","background-attachment":"scroll","background-type":"","background-media":"","overlay-type":"","overlay-color":"","overlay-opacity":"","overlay-gradient":""},"tablet":{"background-color":"","background-image":"","background-repeat":"repeat","background-position":"center center","background-size":"auto","background-attachment":"scroll","background-type":"","background-media":"","overlay-type":"","overlay-color":"","overlay-opacity":"","overlay-gradient":""},"mobile":{"background-color":"","background-image":"","background-repeat":"repeat","background-position":"center center","background-size":"auto","background-attachment":"scroll","background-type":"","background-media":"","overlay-type":"","overlay-color":"","overlay-opacity":"","overlay-gradient":""}},"ast-content-background-meta":{"desktop":{"background-color":"var(--ast-global-color-5)","background-image":"","background-repeat":"repeat","background-position":"center center","background-size":"auto","background-attachment":"scroll","background-type":"","background-media":"","overlay-type":"","overlay-color":"","overlay-opacity":"","overlay-gradient":""},"tablet":{"background-color":"var(--ast-global-color-5)","background-image":"","background-repeat":"repeat","background-position":"center center","background-size":"auto","background-attachment":"scroll","background-type":"","background-media":"","overlay-type":"","overlay-color":"","overlay-opacity":"","overlay-gradient":""},"mobile":{"background-color":"var(--ast-global-color-5)","background-image":"","background-repeat":"repeat","background-position":"center center","background-size":"auto","background-attachment":"scroll","background-type":"","background-media":"","overlay-type":"","overlay-color":"","overlay-opacity":"","overlay-gradient":""}}},"product_brand":[],"product_cat":[67],"product_tag":[],"class_list":{"0":"post-1795","1":"product","2":"type-product","3":"status-publish","4":"has-post-thumbnail","6":"product_cat-office","7":"desktop-align-center","8":"tablet-align-left","9":"mobile-align-left","11":"first","12":"instock","13":"virtual","14":"taxable","15":"purchasable","16":"product-type-simple"},"_links":{"self":[{"href":"https:\/\/keycode.cloud\/cs\/wp-json\/wp\/v2\/product\/1795","targetHints":{"allow":["GET"]}}],"collection":[{"href":"https:\/\/keycode.cloud\/cs\/wp-json\/wp\/v2\/product"}],"about":[{"href":"https:\/\/keycode.cloud\/cs\/wp-json\/wp\/v2\/types\/product"}],"version-history":[{"count":3,"href":"https:\/\/keycode.cloud\/cs\/wp-json\/wp\/v2\/product\/1795\/revisions"}],"predecessor-version":[{"id":3955,"href":"https:\/\/keycode.cloud\/cs\/wp-json\/wp\/v2\/product\/1795\/revisions\/3955"}],"wp:featuredmedia":[{"embeddable":true,"href":"https:\/\/keycode.cloud\/cs\/wp-json\/wp\/v2\/media\/3660"}],"wp:attachment":[{"href":"https:\/\/keycode.cloud\/cs\/wp-json\/wp\/v2\/media?parent=1795"}],"wp:term":[{"taxonomy":"product_brand","embeddable":true,"href":"https:\/\/keycode.cloud\/cs\/wp-json\/wp\/v2\/product_brand?post=1795"},{"taxonomy":"product_cat","embeddable":true,"href":"https:\/\/keycode.cloud\/cs\/wp-json\/wp\/v2\/product_cat?post=1795"},{"taxonomy":"product_tag","embeddable":true,"href":"https:\/\/keycode.cloud\/cs\/wp-json\/wp\/v2\/product_tag?post=1795"}],"curies":[{"name":"wp","href":"https:\/\/api.w.org\/{rel}","templated":true}]}}