{"id":1803,"date":"2024-02-18T13:58:42","date_gmt":"2024-02-18T13:58:42","guid":{"rendered":"https:\/\/keycode.cloud\/product\/windows-10-pro\/"},"modified":"2026-04-13T23:17:06","modified_gmt":"2026-04-13T23:17:06","slug":"windows-10-pro","status":"publish","type":"product","link":"https:\/\/keycode.cloud\/cs\/produkt\/windows-10-pro\/","title":{"rendered":"Windows 10 pro"},"content":{"rendered":"<h6>Jak aktivovat?<\/h6>\n<p>\u2013 online: <a href=\"https:\/\/keycode.cloud\/cs\/pruvodci-faq\/#windows\">https:\/\/keycode.cloud\/faq\/#windows<\/a><\/p>\n<h6>Chcete upgradovat z dom\u00e1c\u00ed na profesion\u00e1ln\u00ed edici?<\/h6>\n<p><a href=\"https:\/\/keycode.cloud\/cs\/pruvodci-faq\/#windows-upgrade\">https:\/\/keycode.cloud\/faq\/#windows-upgrade<\/a><\/p>\n<p>Windows 10 Pro je v\u00fdkonn\u00fd a v\u0161estrann\u00fd opera\u010dn\u00ed syst\u00e9m od Microsoftu, ur\u010den\u00fd pro profesion\u00e1ly a firemn\u00ed u\u017eivatele, kte\u0159\u00ed pot\u0159ebuj\u00ed pokro\u010dil\u00e9 funkce a vlastnosti pro podporu sv\u00fdch v\u00fdpo\u010detn\u00edch po\u017eadavk\u016f. Na pevn\u00e9m z\u00e1kladu Windows 10 Home p\u0159id\u00e1v\u00e1 verze Pro n\u011bkolik kl\u00ed\u010dov\u00fdch funkc\u00ed navr\u017een\u00fdch tak, aby splnily pot\u0159eby firem a n\u00e1ro\u010dn\u00fdch u\u017eivatel\u016f, nab\u00edzej\u00edc\u00ed vylep\u0161en\u00e9 mo\u017enosti zabezpe\u010den\u00ed, spr\u00e1vy a konektivity.<\/p>\n<p>Kl\u00ed\u010dov\u00e9 funkce Windows 10 Pro zahrnuj\u00ed:<\/p>\n<ul>\n<li><strong>BitLocker Device Encryption<\/strong>: Poskytuje siln\u00e9 \u0161ifrov\u00e1n\u00ed pro zabezpe\u010den\u00ed dat, nab\u00edzej\u00edc\u00ed ochranu v p\u0159\u00edpad\u011b kr\u00e1de\u017ee za\u0159\u00edzen\u00ed nebo jeho vystaven\u00ed.<\/li>\n<li><strong>Vzd\u00e1len\u00e1 plocha<\/strong>: Umo\u017e\u0148uje u\u017eivatel\u016fm p\u0159ipojit se k PC a ovl\u00e1dat ho z jin\u00e9ho za\u0159\u00edzen\u00ed p\u0159es internet, co\u017e poskytuje flexibilitu pro pr\u00e1ci na d\u00e1lku.<\/li>\n<li><strong>Windows Information Protection (WIP)<\/strong>: Pom\u00e1h\u00e1 chr\u00e1nit p\u0159ed mo\u017en\u00fdm \u00fanikem dat, ani\u017e by naru\u0161oval u\u017eivatelsk\u00fd z\u00e1\u017eitek.<\/li>\n<li><strong>Hyper-V<\/strong>: Nab\u00edz\u00ed mo\u017enost provozovat virtu\u00e1ln\u00ed stroje, co\u017e umo\u017e\u0148uje u\u017eivatel\u016fm spou\u0161t\u011bt v\u00edce opera\u010dn\u00edch syst\u00e9m\u016f sou\u010dasn\u011b na jednom PC.<\/li>\n<li><strong>P\u0159i\u0159azen\u00fd p\u0159\u00edstup<\/strong>: Umo\u017e\u0148uje mana\u017eerovi omezit za\u0159\u00edzen\u00ed s Windows 10 na spu\u0161t\u011bn\u00ed jedn\u00e9 aplikace nebo specifick\u00e9 sady aplikac\u00ed, ide\u00e1ln\u00ed pro kiosky a maloobchodn\u00ed prost\u0159ed\u00ed.<\/li>\n<li><strong>P\u0159ipojen\u00ed k dom\u00e9n\u011b a Azure AD Join<\/strong>: Usnad\u0148uje snadnou integraci s firemn\u00ed dom\u00e9nou nebo Azure Active Directory, co\u017e umo\u017e\u0148uje bezprobl\u00e9movou s\u00ed\u0165ovou konektivitu a spr\u00e1vu p\u0159\u00edstupu.<\/li>\n<li><strong>Spr\u00e1va z\u00e1sad skupiny<\/strong>: Poskytuje komplexn\u00ed n\u00e1stroje pro spr\u00e1vu IT profesion\u00e1l\u016fm k \u0159\u00edzen\u00ed nastaven\u00ed u\u017eivatel\u016f a prosazov\u00e1n\u00ed IT politik nap\u0159\u00ed\u010d za\u0159\u00edzen\u00edmi.<\/li>\n<li><strong>Windows Update pro firmy<\/strong>: Umo\u017e\u0148uje IT profesion\u00e1l\u016fm spravovat, kdy za\u0159\u00edzen\u00ed obdr\u017e\u00ed aktualizace, krom\u011b p\u0159\u00edm\u00e9ho p\u0159\u00edstupu k bezpe\u010dnostn\u00edm a funk\u010dn\u00edm aktualizac\u00edm.<\/li>\n<li><strong>Microsoft Store pro firmy<\/strong>: Nab\u00edz\u00ed aplikace a podporu specifick\u00e9 pro firmy, co\u017e umo\u017e\u0148uje spole\u010dnostem p\u0159izp\u016fsobit sv\u00e9 softwarov\u00e9 aplikace tak, aby spl\u0148ovaly jejich specifick\u00e9 pot\u0159eby.<\/li>\n<\/ul>\n<p>Windows 10 Pro je navr\u017een tak, aby poskytoval bezpe\u010dn\u011bj\u0161\u00ed, podnikatelsky p\u0159\u00edv\u011btiv\u00fd opera\u010dn\u00ed syst\u00e9m, kter\u00fd podporuje nejnov\u011bj\u0161\u00ed hardwarov\u00e9 technologie, v\u010detn\u011b dotykov\u00fdch obrazovek, vstup\u016f perem a rozpozn\u00e1v\u00e1n\u00ed obli\u010deje nebo otisk\u016f prst\u016f pro zabezpe\u010den\u00ed (Windows Hello). Jeho kompatibilita s \u0161irokou \u0161k\u00e1lou softwaru a za\u0159\u00edzen\u00ed podporuje nejnov\u011bj\u0161\u00ed hardwarov\u00e9 technologie, v\u010detn\u011b vstup\u016f perem a rozpozn\u00e1v\u00e1n\u00ed obli\u010deje nebo otisk\u016f prst\u016f pro zabezpe\u010den\u00ed (Windows Hello).<\/p>\n<h3>Po\u017eadavky na hardware<\/h3>\n<ul>\n<li><strong>Procesor<\/strong>: 1 gigahertz (GHz) nebo rychlej\u0161\u00ed procesor nebo SoC.<\/li>\n<li><strong>Pam\u011b\u0165 RAM<\/strong>: 1 gigabajt (GB) pro 32bitov\u00fd nebo 2 GB pro 64bitov\u00fd syst\u00e9m.<\/li>\n<li><strong>M\u00edsto na pevn\u00e9m disku<\/strong>: 16 GB pro 32bitov\u00fd OS nebo 32 GB pro 64bitov\u00fd OS.<\/li>\n<li><strong>Grafick\u00e1 karta<\/strong>: DirectX 9 nebo nov\u011bj\u0161\u00ed s WDDM 1.0 ovlada\u010dem.<\/li>\n<li><strong>Displej<\/strong>: Rozli\u0161en\u00ed 800 x 600 nebo vy\u0161\u0161\u00ed.<\/li>\n<li><strong>P\u0159ipojen\u00ed k internetu<\/strong>: Pro prov\u00e1d\u011bn\u00ed aktualizac\u00ed je nutn\u00e9 p\u0159ipojen\u00ed k internetu.<\/li>\n<\/ul>\n","protected":false},"excerpt":{"rendered":"<p>&nbsp;<\/p>\n<p class=\"p1\"><b>Typ aktivace:<br \/>\n<span class=\"s1\">\u2013 Online<\/span> \u2013 <\/b>sta\u010d\u00ed zadat kl\u00ed\u010d k aktivaci<\/p>\n<p>Obdr\u017e\u00edte:<\/p>\n<p><b>Okam\u017eit\u00e9 doru\u010den\u00ed emailem (ve v\u00fdjime\u010dn\u00fdch p\u0159\u00edpadech do 24 h).<\/b><\/p>\n<h6>\u2013 Origin\u00e1ln\u00ed, jedine\u010dn\u00fd aktiva\u010dn\u00ed kl\u00ed\u010d<\/h6>\n<p>Tento kl\u00ed\u010d aktivace lze pou\u017e\u00edt pouze jednou, a to na jeden po\u010d\u00edta\u010d.<br \/>\nPou\u017eijte kl\u00ed\u010d do 30 dn\u016f od n\u00e1kupu, po aktivaci je z\u00e1ruka trval\u00e1.<\/p>\n<p>Windows<\/p>\n","protected":false},"featured_media":3684,"template":"","meta":{"site-sidebar-layout":"default","site-content-layout":"","ast-site-content-layout":"default","site-content-style":"default","site-sidebar-style":"default","ast-global-header-display":"","ast-banner-title-visibility":"","ast-main-header-display":"","ast-hfb-above-header-display":"","ast-hfb-below-header-display":"","ast-hfb-mobile-header-display":"","site-post-title":"","ast-breadcrumbs-content":"","ast-featured-img":"","footer-sml-layout":"","theme-transparent-header-meta":"default","adv-header-id-meta":"","stick-header-meta":"","header-above-stick-meta":"","header-main-stick-meta":"","header-below-stick-meta":"","astra-migrate-meta-layouts":"set","ast-page-background-enabled":"default","ast-page-background-meta":{"desktop":{"background-color":"var(--ast-global-color-4)","background-image":"","background-repeat":"repeat","background-position":"center center","background-size":"auto","background-attachment":"scroll","background-type":"","background-media":"","overlay-type":"","overlay-color":"","overlay-opacity":"","overlay-gradient":""},"tablet":{"background-color":"","background-image":"","background-repeat":"repeat","background-position":"center center","background-size":"auto","background-attachment":"scroll","background-type":"","background-media":"","overlay-type":"","overlay-color":"","overlay-opacity":"","overlay-gradient":""},"mobile":{"background-color":"","background-image":"","background-repeat":"repeat","background-position":"center center","background-size":"auto","background-attachment":"scroll","background-type":"","background-media":"","overlay-type":"","overlay-color":"","overlay-opacity":"","overlay-gradient":""}},"ast-content-background-meta":{"desktop":{"background-color":"var(--ast-global-color-5)","background-image":"","background-repeat":"repeat","background-position":"center center","background-size":"auto","background-attachment":"scroll","background-type":"","background-media":"","overlay-type":"","overlay-color":"","overlay-opacity":"","overlay-gradient":""},"tablet":{"background-color":"var(--ast-global-color-5)","background-image":"","background-repeat":"repeat","background-position":"center center","background-size":"auto","background-attachment":"scroll","background-type":"","background-media":"","overlay-type":"","overlay-color":"","overlay-opacity":"","overlay-gradient":""},"mobile":{"background-color":"var(--ast-global-color-5)","background-image":"","background-repeat":"repeat","background-position":"center center","background-size":"auto","background-attachment":"scroll","background-type":"","background-media":"","overlay-type":"","overlay-color":"","overlay-opacity":"","overlay-gradient":""}}},"product_brand":[],"product_cat":[66],"product_tag":[],"class_list":{"0":"post-1803","1":"product","2":"type-product","3":"status-publish","4":"has-post-thumbnail","6":"product_cat-windows","7":"desktop-align-center","8":"tablet-align-left","9":"mobile-align-left","11":"first","12":"instock","13":"virtual","14":"taxable","15":"purchasable","16":"product-type-simple"},"_links":{"self":[{"href":"https:\/\/keycode.cloud\/cs\/wp-json\/wp\/v2\/product\/1803","targetHints":{"allow":["GET"]}}],"collection":[{"href":"https:\/\/keycode.cloud\/cs\/wp-json\/wp\/v2\/product"}],"about":[{"href":"https:\/\/keycode.cloud\/cs\/wp-json\/wp\/v2\/types\/product"}],"version-history":[{"count":4,"href":"https:\/\/keycode.cloud\/cs\/wp-json\/wp\/v2\/product\/1803\/revisions"}],"predecessor-version":[{"id":3958,"href":"https:\/\/keycode.cloud\/cs\/wp-json\/wp\/v2\/product\/1803\/revisions\/3958"}],"wp:featuredmedia":[{"embeddable":true,"href":"https:\/\/keycode.cloud\/cs\/wp-json\/wp\/v2\/media\/3684"}],"wp:attachment":[{"href":"https:\/\/keycode.cloud\/cs\/wp-json\/wp\/v2\/media?parent=1803"}],"wp:term":[{"taxonomy":"product_brand","embeddable":true,"href":"https:\/\/keycode.cloud\/cs\/wp-json\/wp\/v2\/product_brand?post=1803"},{"taxonomy":"product_cat","embeddable":true,"href":"https:\/\/keycode.cloud\/cs\/wp-json\/wp\/v2\/product_cat?post=1803"},{"taxonomy":"product_tag","embeddable":true,"href":"https:\/\/keycode.cloud\/cs\/wp-json\/wp\/v2\/product_tag?post=1803"}],"curies":[{"name":"wp","href":"https:\/\/api.w.org\/{rel}","templated":true}]}}