{"id":1831,"date":"2024-02-18T16:41:23","date_gmt":"2024-02-18T16:41:23","guid":{"rendered":"https:\/\/keycode.cloud\/product\/office-2019-pro-plus-pro-windows\/"},"modified":"2026-04-13T22:41:49","modified_gmt":"2026-04-13T22:41:49","slug":"office-2019-pro-plus-pro-windows","status":"publish","type":"product","link":"https:\/\/keycode.cloud\/cs\/produkt\/office-2019-pro-plus-pro-windows\/","title":{"rendered":"Office 2019 pro plus pro Windows"},"content":{"rendered":"<h6>Jak aktivovat?<\/h6>\n<p>\u2013 <a href=\"https:\/\/keycode.cloud\/cs\/pruvodci-faq\/#office-getcid\">https:\/\/keycode.cloud\/faq\/#office-getcid<\/a><\/p>\n<p>&nbsp;<\/p>\n<p>Office 2019 Professional Plus je produktivn\u00ed bal\u00edk vyvinut\u00fd spole\u010dnost\u00ed Microsoft, kter\u00fd nab\u00edz\u00ed komplexn\u00ed sadu aplikac\u00ed pro obchodn\u00ed, profesion\u00e1ln\u00ed a osobn\u00ed pou\u017eit\u00ed. Zahrnuje z\u00e1kladn\u00ed n\u00e1stroje pro tvorbu dokument\u016f, komunikaci a spolupr\u00e1ci, zaji\u0161\u0165uj\u00edc\u00ed u\u017eivatel\u016fm pot\u0159ebn\u00e9 zdroje pro produktivitu a efektivitu.<\/p>\n<p>Kl\u00ed\u010dov\u00e9 komponenty Office 2019 Professional Plus zahrnuj\u00ed:<\/p>\n<ol>\n<li><strong>Microsoft Word<\/strong>: V\u00fdkonn\u00e1 aplikace pro zpracov\u00e1n\u00ed textu pro vytv\u00e1\u0159en\u00ed a \u00fapravu dokument\u016f s r\u016fzn\u00fdmi mo\u017enostmi form\u00e1tov\u00e1n\u00ed.<\/li>\n<li><strong>Microsoft Excel<\/strong>: Tabulkov\u00e1 aplikace pro anal\u00fdzu dat, v\u00fdpo\u010dty a vizualizaci s pokro\u010dil\u00fdmi funkcemi jako kontingen\u010dn\u00ed tabulky a grafy.<\/li>\n<li><strong>Microsoft PowerPoint<\/strong>: Prezenta\u010dn\u00ed software, kter\u00fd umo\u017e\u0148uje u\u017eivatel\u016fm vytv\u00e1\u0159et vizu\u00e1ln\u011b atraktivn\u00ed prezentace s multimedi\u00e1ln\u00edmi prvky.<\/li>\n<li><strong>Microsoft Outlook<\/strong>: Aplikace pro e-maily a kalend\u00e1\u0159 pro spr\u00e1vu komunikace, sch\u016fzek a \u00fakol\u016f.<\/li>\n<li><strong>Microsoft Access<\/strong>: Syst\u00e9m pro spr\u00e1vu datab\u00e1z\u00ed pro vytv\u00e1\u0159en\u00ed a spr\u00e1vu datab\u00e1z\u00ed.<\/li>\n<li><strong>Microsoft Publisher<\/strong>: Aplikace pro desktop publishing pro navrhov\u00e1n\u00ed a publikov\u00e1n\u00ed marketingov\u00fdch materi\u00e1l\u016f profesion\u00e1ln\u00ed kvality.<\/li>\n<li><strong>Microsoft OneNote<\/strong>: Digit\u00e1ln\u00ed aplikace pro pozn\u00e1mky pro zachycen\u00ed a organizaci n\u00e1pad\u016f a informac\u00ed.<\/li>\n<li><strong>Microsoft Skype for Business<\/strong>: Integrovan\u00e1 komunika\u010dn\u00ed platforma pro zas\u00edl\u00e1n\u00ed zpr\u00e1v v re\u00e1ln\u00e9m \u010dase, videokonference a online sch\u016fzky.<\/li>\n<\/ol>\n<p>Office 2019 Professional Plus je ur\u010den pro u\u017eivatele, kte\u0159\u00ed preferuj\u00ed jednor\u00e1zov\u00fd n\u00e1kup m\u00edsto modelu zalo\u017een\u00e9ho na p\u0159edplatn\u00e9m. Poskytuje nejnov\u011bj\u0161\u00ed funkce a vylep\u0161en\u00ed dostupn\u00e9 v dob\u011b vyd\u00e1n\u00ed, nab\u00edzej\u00edc\u00ed stabiln\u00ed a spolehlivou sadu n\u00e1stroj\u016f pro r\u016fzn\u00e9 profesion\u00e1ln\u00ed a osobn\u00ed pot\u0159eby.<\/p>\n<h3>Po\u017eadavky na hardware<\/h3>\n<p><strong>Procesor<\/strong>:<\/p>\n<ul>\n<li>1,6 gigahertz (GHz) nebo rychlej\u0161\u00ed, 2j\u00e1drov\u00fd procesor.<\/li>\n<\/ul>\n<p><strong>RAM (opera\u010dn\u00ed pam\u011b\u0165)<\/strong>:<\/p>\n<ul>\n<li>4 GB RAM (64bitov\u00e1 verze).<\/li>\n<\/ul>\n<p><strong>M\u00edsto na pevn\u00e9m disku<\/strong>:<\/p>\n<ul>\n<li>4 GB voln\u00e9ho m\u00edsta na disku.<\/li>\n<\/ul>\n<p><strong>Displej<\/strong>:<\/p>\n<ul>\n<li>Rozli\u0161en\u00ed obrazovky 1280 x 768.<\/li>\n<\/ul>\n<p><strong>Grafika<\/strong>:<\/p>\n<ul>\n<li>Pro akceleraci grafick\u00e9ho hardwaru je vy\u017eadov\u00e1n DirectX 9 nebo nov\u011bj\u0161\u00ed s WDDM 2.0 nebo vy\u0161\u0161\u00ed pro Windows 10 (nebo WDDM 1.3 nebo vy\u0161\u0161\u00ed pro Windows 7 nebo Windows 8.1).<\/li>\n<\/ul>\n<p><strong>Opera\u010dn\u00ed syst\u00e9m<\/strong>:<\/p>\n<ul>\n<li>Windows 10, Windows Server 2019 nebo Windows Server 2016.<\/li>\n<\/ul>\n<p><strong>Dal\u0161\u00ed syst\u00e9mov\u00e9 po\u017eadavky<\/strong>:<\/p>\n<ul>\n<li>Pro sta\u017een\u00ed a n\u011bkter\u00e9 funkce m\u016f\u017ee b\u00fdt vy\u017eadov\u00e1no nainstalov\u00e1n\u00ed .NET 3.5 nebo 4.6 a vy\u0161\u0161\u00ed.<\/li>\n<li>N\u011bkter\u00e9 funkce mohou vy\u017eadovat .NET 3.5 nebo 4.6 a vy\u0161\u0161\u00ed.<\/li>\n<\/ul>\n","protected":false},"excerpt":{"rendered":"<p class=\"p1\">\n<p>Tento kl\u00ed\u010d lze pou\u017e\u00edt pouze jednou.<\/p>\n<p><b>Okam\u017eit\u00e9 doru\u010den\u00ed emailem (ve v\u00fdjime\u010dn\u00fdch p\u0159\u00edpadech do 24 h).<\/b><\/p>\n<h6>\u2013 Origin\u00e1ln\u00ed, jedine\u010dn\u00fd aktiva\u010dn\u00ed kl\u00ed\u010d<\/h6>\n<p>\u2013 Origin\u00e1ln\u00ed aktiva\u010dn\u00ed kl\u00ed\u010d<br \/>\nPou\u017eijte kl\u00ed\u010d do 30 dn\u016f od n\u00e1kupu, po aktivaci je z\u00e1ruka trval\u00e1.<\/p>\n<p>Windows<\/p>\n","protected":false},"featured_media":3678,"template":"","meta":{"site-sidebar-layout":"default","site-content-layout":"","ast-site-content-layout":"default","site-content-style":"default","site-sidebar-style":"default","ast-global-header-display":"","ast-banner-title-visibility":"","ast-main-header-display":"","ast-hfb-above-header-display":"","ast-hfb-below-header-display":"","ast-hfb-mobile-header-display":"","site-post-title":"","ast-breadcrumbs-content":"","ast-featured-img":"","footer-sml-layout":"","theme-transparent-header-meta":"default","adv-header-id-meta":"","stick-header-meta":"","header-above-stick-meta":"","header-main-stick-meta":"","header-below-stick-meta":"","astra-migrate-meta-layouts":"set","ast-page-background-enabled":"default","ast-page-background-meta":{"desktop":{"background-color":"var(--ast-global-color-4)","background-image":"","background-repeat":"repeat","background-position":"center center","background-size":"auto","background-attachment":"scroll","background-type":"","background-media":"","overlay-type":"","overlay-color":"","overlay-opacity":"","overlay-gradient":""},"tablet":{"background-color":"","background-image":"","background-repeat":"repeat","background-position":"center center","background-size":"auto","background-attachment":"scroll","background-type":"","background-media":"","overlay-type":"","overlay-color":"","overlay-opacity":"","overlay-gradient":""},"mobile":{"background-color":"","background-image":"","background-repeat":"repeat","background-position":"center center","background-size":"auto","background-attachment":"scroll","background-type":"","background-media":"","overlay-type":"","overlay-color":"","overlay-opacity":"","overlay-gradient":""}},"ast-content-background-meta":{"desktop":{"background-color":"var(--ast-global-color-5)","background-image":"","background-repeat":"repeat","background-position":"center center","background-size":"auto","background-attachment":"scroll","background-type":"","background-media":"","overlay-type":"","overlay-color":"","overlay-opacity":"","overlay-gradient":""},"tablet":{"background-color":"var(--ast-global-color-5)","background-image":"","background-repeat":"repeat","background-position":"center center","background-size":"auto","background-attachment":"scroll","background-type":"","background-media":"","overlay-type":"","overlay-color":"","overlay-opacity":"","overlay-gradient":""},"mobile":{"background-color":"var(--ast-global-color-5)","background-image":"","background-repeat":"repeat","background-position":"center center","background-size":"auto","background-attachment":"scroll","background-type":"","background-media":"","overlay-type":"","overlay-color":"","overlay-opacity":"","overlay-gradient":""}}},"product_brand":[],"product_cat":[22],"product_tag":[],"class_list":{"0":"post-1831","1":"product","2":"type-product","3":"status-publish","4":"has-post-thumbnail","6":"product_cat-office","7":"desktop-align-center","8":"tablet-align-left","9":"mobile-align-left","11":"first","12":"instock","13":"virtual","14":"taxable","15":"purchasable","16":"product-type-simple"},"_links":{"self":[{"href":"https:\/\/keycode.cloud\/cs\/wp-json\/wp\/v2\/product\/1831","targetHints":{"allow":["GET"]}}],"collection":[{"href":"https:\/\/keycode.cloud\/cs\/wp-json\/wp\/v2\/product"}],"about":[{"href":"https:\/\/keycode.cloud\/cs\/wp-json\/wp\/v2\/types\/product"}],"version-history":[{"count":4,"href":"https:\/\/keycode.cloud\/cs\/wp-json\/wp\/v2\/product\/1831\/revisions"}],"predecessor-version":[{"id":3923,"href":"https:\/\/keycode.cloud\/cs\/wp-json\/wp\/v2\/product\/1831\/revisions\/3923"}],"wp:featuredmedia":[{"embeddable":true,"href":"https:\/\/keycode.cloud\/cs\/wp-json\/wp\/v2\/media\/3678"}],"wp:attachment":[{"href":"https:\/\/keycode.cloud\/cs\/wp-json\/wp\/v2\/media?parent=1831"}],"wp:term":[{"taxonomy":"product_brand","embeddable":true,"href":"https:\/\/keycode.cloud\/cs\/wp-json\/wp\/v2\/product_brand?post=1831"},{"taxonomy":"product_cat","embeddable":true,"href":"https:\/\/keycode.cloud\/cs\/wp-json\/wp\/v2\/product_cat?post=1831"},{"taxonomy":"product_tag","embeddable":true,"href":"https:\/\/keycode.cloud\/cs\/wp-json\/wp\/v2\/product_tag?post=1831"}],"curies":[{"name":"wp","href":"https:\/\/api.w.org\/{rel}","templated":true}]}}