{"id":1840,"date":"2025-08-17T21:10:06","date_gmt":"2025-08-17T21:10:06","guid":{"rendered":"https:\/\/keycode.cloud\/product\/office-2024-pro-domacnosti-pro-mac\/"},"modified":"2026-04-13T23:14:37","modified_gmt":"2026-04-13T23:14:37","slug":"office-2024-pro-domacnosti-pro-mac","status":"publish","type":"product","link":"https:\/\/keycode.cloud\/cs\/produkt\/office-2024-pro-domacnosti-pro-mac\/","title":{"rendered":"Office 2024 Home pro PC &amp; Mac"},"content":{"rendered":"<h6>Jak aktivovat?<\/h6>\n<p><a href=\"https:\/\/keycode.cloud\/cs\/pruvodci-faq\/#office\">https:\/\/keycode.cloud\/faq\/#office<\/a><\/p>\n<p class=\"p1\"><span class=\"s1\"><b>Office 2024 Home pro PC a Mac<\/b><\/span> je trval\u00e1 licence (bez p\u0159edplatn\u00e9ho) od Microsoftu pro rodiny a mal\u00e9 firmy, kter\u00e9 cht\u011bj\u00ed klasick\u00e9 desktopov\u00e9 aplikace a e-mail na jednom po\u010d\u00edta\u010di. Obsahuje modern\u00ed verze aplikac\u00ed Word, Excel, PowerPoint, Outlook a OneNote v r\u00e1mci <span class=\"s1\"><b>jednor\u00e1zov\u00e9ho n\u00e1kupu<\/b><\/span> s instalac\u00ed na <span class=\"s1\"><b>1 Mac nebo 1 PC.<\/b><\/span><\/p>\n<p>Kl\u00ed\u010dov\u00e9 komponenty Office 2024 pro dom\u00e1cnosti pro Mac zahrnuj\u00ed:<\/p>\n<ul>\n<li>\n<p class=\"p1\"><span class=\"s1\"><b>Microsoft Word<\/b><\/span> \u2013 Vytv\u00e1\u0159ejte a upravujte profesion\u00e1ln\u00ed dokumenty s aktualizovanou p\u0159\u00edstupnost\u00ed a u\u017eivatelsk\u00fdm rozhran\u00edm.<\/p>\n<\/li>\n<li>\n<p class=\"p1\"><span class=\"s1\"><b>Microsoft Excel<\/b><\/span> \u2013 Analyzujte data s nov\u00fdmi funkcemi a grafy, kter\u00e9 mohou odkazovat na dynamick\u00e1 pole, plus funkce IMAGE.<\/p>\n<\/li>\n<li>\n<p class=\"p1\"><span class=\"s1\"><b>Microsoft PowerPoint<\/b><\/span> \u2013 Vytv\u00e1\u0159ejte poutav\u00e9 prezentace; pou\u017eijte <span class=\"s1\"><b>cameo<\/b><\/span> (kamera) a vylep\u0161en\u00e9 nahr\u00e1vac\u00ed studio.<\/p>\n<\/li>\n<\/ul>\n<h3>Po\u017eadavky na hardware<\/h3>\n<ul>\n<li>\n<p class=\"p1\"><span class=\"s1\"><b>Opera\u010dn\u00ed syst\u00e9m:<\/b><\/span> Podporov\u00e1ny jsou Windows 11 nebo <span class=\"s1\"><b>t\u0159i nejnov\u011bj\u0161\u00ed verze macOS<\/b><\/span> (Microsoft ukon\u010duje podporu nejstar\u0161\u00ed verze, kdy\u017e Apple vyd\u00e1 novou hlavn\u00ed verzi macOS).<\/p>\n<\/li>\n<li>\n<p class=\"p1\"><b>Procesor:<\/b> <b>Intel<\/b><span class=\"s1\"> nebo <\/span><b>Apple silicon<\/b><span class=\"s1\"> (M-series). <\/span><\/p>\n<\/li>\n<li>\n<p class=\"p1\"><b>Pam\u011b\u0165:<\/b> <b>4 GB RAM<\/b><span class=\"s1\"> nebo v\u00edce. <\/span><\/p>\n<\/li>\n<li>\n<p class=\"p1\"><b>M\u00edsto na disku:<\/b> <b>10 GB<\/b><span class=\"s1\"> dostupn\u00e9. <\/span><\/p>\n<\/li>\n<li>\n<p class=\"p1\"><span class=\"s1\"><b>Displej:<\/b><\/span> <span class=\"s1\"><b>1280 \u00d7 800<\/b><\/span> rozli\u0161en\u00ed nebo vy\u0161\u0161\u00ed.<\/p>\n<\/li>\n<li>\n<p class=\"p1\"><span class=\"s1\"><b>Internet &amp; \u00fa\u010det:<\/b><\/span> Pro sta\u017een\u00ed, aktivaci a aktualizace je vy\u017eadov\u00e1no p\u0159ipojen\u00ed k internetu a <span class=\"s1\"><b>\u00fa\u010det Microsoft<\/b><\/span>.<\/p>\n<\/li>\n<\/ul>\n<p>&nbsp;<\/p>\n","protected":false},"excerpt":{"rendered":"<p>&nbsp;<\/p>\n<p>Tento kl\u00ed\u010d lze pou\u017e\u00edt pouze jednou na \u00fa\u010det Microsoft\/Mac.<\/p>\n<p><b>Okam\u017eit\u00e9 doru\u010den\u00ed emailem (ve v\u00fdjime\u010dn\u00fdch p\u0159\u00edpadech do 24 h).<\/b><\/p>\n<h6>\u2013 Origin\u00e1ln\u00ed, jedine\u010dn\u00fd aktiva\u010dn\u00ed kl\u00ed\u010d<\/h6>\n<p>\u2013 Origin\u00e1ln\u00ed, unik\u00e1tn\u00ed aktiva\u010dn\u00ed kl\u00ed\u010d, kter\u00fd bude v\u00e1z\u00e1n na v\u00e1\u0161 \u00fa\u010det Microsoft.<br \/>\nPou\u017eijte kl\u00ed\u010d do 30 dn\u016f od n\u00e1kupu, po aktivaci je z\u00e1ruka trval\u00e1.<\/p>\n<p>Windows<\/p>\n","protected":false},"featured_media":3630,"template":"","meta":{"site-sidebar-layout":"default","site-content-layout":"","ast-site-content-layout":"default","site-content-style":"default","site-sidebar-style":"default","ast-global-header-display":"","ast-banner-title-visibility":"","ast-main-header-display":"","ast-hfb-above-header-display":"","ast-hfb-below-header-display":"","ast-hfb-mobile-header-display":"","site-post-title":"","ast-breadcrumbs-content":"","ast-featured-img":"","footer-sml-layout":"","theme-transparent-header-meta":"default","adv-header-id-meta":"","stick-header-meta":"","header-above-stick-meta":"","header-main-stick-meta":"","header-below-stick-meta":"","astra-migrate-meta-layouts":"set","ast-page-background-enabled":"default","ast-page-background-meta":{"desktop":{"background-color":"var(--ast-global-color-4)","background-image":"","background-repeat":"repeat","background-position":"center center","background-size":"auto","background-attachment":"scroll","background-type":"","background-media":"","overlay-type":"","overlay-color":"","overlay-opacity":"","overlay-gradient":""},"tablet":{"background-color":"","background-image":"","background-repeat":"repeat","background-position":"center center","background-size":"auto","background-attachment":"scroll","background-type":"","background-media":"","overlay-type":"","overlay-color":"","overlay-opacity":"","overlay-gradient":""},"mobile":{"background-color":"","background-image":"","background-repeat":"repeat","background-position":"center center","background-size":"auto","background-attachment":"scroll","background-type":"","background-media":"","overlay-type":"","overlay-color":"","overlay-opacity":"","overlay-gradient":""}},"ast-content-background-meta":{"desktop":{"background-color":"var(--ast-global-color-5)","background-image":"","background-repeat":"repeat","background-position":"center center","background-size":"auto","background-attachment":"scroll","background-type":"","background-media":"","overlay-type":"","overlay-color":"","overlay-opacity":"","overlay-gradient":""},"tablet":{"background-color":"var(--ast-global-color-5)","background-image":"","background-repeat":"repeat","background-position":"center center","background-size":"auto","background-attachment":"scroll","background-type":"","background-media":"","overlay-type":"","overlay-color":"","overlay-opacity":"","overlay-gradient":""},"mobile":{"background-color":"var(--ast-global-color-5)","background-image":"","background-repeat":"repeat","background-position":"center center","background-size":"auto","background-attachment":"scroll","background-type":"","background-media":"","overlay-type":"","overlay-color":"","overlay-opacity":"","overlay-gradient":""}}},"product_brand":[],"product_cat":[67],"product_tag":[],"class_list":{"0":"post-1840","1":"product","2":"type-product","3":"status-publish","4":"has-post-thumbnail","6":"product_cat-office","7":"desktop-align-center","8":"tablet-align-left","9":"mobile-align-left","11":"first","12":"instock","13":"virtual","14":"taxable","15":"purchasable","16":"product-type-simple"},"_links":{"self":[{"href":"https:\/\/keycode.cloud\/cs\/wp-json\/wp\/v2\/product\/1840","targetHints":{"allow":["GET"]}}],"collection":[{"href":"https:\/\/keycode.cloud\/cs\/wp-json\/wp\/v2\/product"}],"about":[{"href":"https:\/\/keycode.cloud\/cs\/wp-json\/wp\/v2\/types\/product"}],"version-history":[{"count":4,"href":"https:\/\/keycode.cloud\/cs\/wp-json\/wp\/v2\/product\/1840\/revisions"}],"predecessor-version":[{"id":3949,"href":"https:\/\/keycode.cloud\/cs\/wp-json\/wp\/v2\/product\/1840\/revisions\/3949"}],"wp:featuredmedia":[{"embeddable":true,"href":"https:\/\/keycode.cloud\/cs\/wp-json\/wp\/v2\/media\/3630"}],"wp:attachment":[{"href":"https:\/\/keycode.cloud\/cs\/wp-json\/wp\/v2\/media?parent=1840"}],"wp:term":[{"taxonomy":"product_brand","embeddable":true,"href":"https:\/\/keycode.cloud\/cs\/wp-json\/wp\/v2\/product_brand?post=1840"},{"taxonomy":"product_cat","embeddable":true,"href":"https:\/\/keycode.cloud\/cs\/wp-json\/wp\/v2\/product_cat?post=1840"},{"taxonomy":"product_tag","embeddable":true,"href":"https:\/\/keycode.cloud\/cs\/wp-json\/wp\/v2\/product_tag?post=1840"}],"curies":[{"name":"wp","href":"https:\/\/api.w.org\/{rel}","templated":true}]}}