{"id":3755,"date":"2026-02-26T22:37:05","date_gmt":"2026-02-26T22:37:05","guid":{"rendered":"https:\/\/keycode.cloud\/?post_type=product&#038;p=3755"},"modified":"2026-04-13T23:13:37","modified_gmt":"2026-04-13T23:13:37","slug":"windows-10-pro-copy","status":"publish","type":"product","link":"https:\/\/keycode.cloud\/cs\/produkt\/windows-10-pro-copy\/","title":{"rendered":"Windows 10 Home"},"content":{"rendered":"<h6>Jak aktivovat?<\/h6>\n<p>\u2013 online: <a href=\"https:\/\/keycode.cloud\/cs\/pruvodci-faq\/#windows\">https:\/\/keycode.cloud\/faq\/#windows<\/a><\/p>\n<h3>Po\u017eadavky na hardware<\/h3>\n<ul>\n<li><strong>Procesor<\/strong>: 1 gigahertz (GHz) nebo rychlej\u0161\u00ed procesor nebo SoC.<\/li>\n<li><strong>Pam\u011b\u0165 RAM<\/strong>: 1 gigabajt (GB) pro 32bitov\u00fd nebo 2 GB pro 64bitov\u00fd syst\u00e9m.<\/li>\n<li><strong>M\u00edsto na pevn\u00e9m disku<\/strong>: 16 GB pro 32bitov\u00fd OS nebo 32 GB pro 64bitov\u00fd OS.<\/li>\n<li><strong>Grafick\u00e1 karta<\/strong>: DirectX 9 nebo nov\u011bj\u0161\u00ed s WDDM 1.0 ovlada\u010dem.<\/li>\n<li><strong>Displej<\/strong>: Rozli\u0161en\u00ed 800 x 600 nebo vy\u0161\u0161\u00ed.<\/li>\n<li><strong>P\u0159ipojen\u00ed k internetu<\/strong>: Pro prov\u00e1d\u011bn\u00ed aktualizac\u00ed je nutn\u00e9 p\u0159ipojen\u00ed k internetu.<\/li>\n<\/ul>\n","protected":false},"excerpt":{"rendered":"<p>&nbsp;<\/p>\n<p class=\"p1\"><b>Typ aktivace:<br \/>\n<span class=\"s1\">\u2013 Online<\/span> \u2013 <\/b>sta\u010d\u00ed zadat kl\u00ed\u010d k aktivaci<\/p>\n<p>Obdr\u017e\u00edte:<\/p>\n<p><b>Okam\u017eit\u00e9 doru\u010den\u00ed emailem (ve v\u00fdjime\u010dn\u00fdch p\u0159\u00edpadech do 24 h).<\/b><\/p>\n<h6>\u2013 Origin\u00e1ln\u00ed, jedine\u010dn\u00fd aktiva\u010dn\u00ed kl\u00ed\u010d<\/h6>\n<p>Tento kl\u00ed\u010d aktivace lze pou\u017e\u00edt pouze jednou, a to na jeden po\u010d\u00edta\u010d.<br \/>\nPou\u017eijte kl\u00ed\u010d do 30 dn\u016f od n\u00e1kupu, po aktivaci je z\u00e1ruka trval\u00e1.<\/p>\n<p>Windows<\/p>\n","protected":false},"featured_media":3766,"template":"","meta":{"site-sidebar-layout":"default","site-content-layout":"","ast-site-content-layout":"default","site-content-style":"default","site-sidebar-style":"default","ast-global-header-display":"","ast-banner-title-visibility":"","ast-main-header-display":"","ast-hfb-above-header-display":"","ast-hfb-below-header-display":"","ast-hfb-mobile-header-display":"","site-post-title":"","ast-breadcrumbs-content":"","ast-featured-img":"","footer-sml-layout":"","theme-transparent-header-meta":"default","adv-header-id-meta":"","stick-header-meta":"","header-above-stick-meta":"","header-main-stick-meta":"","header-below-stick-meta":"","astra-migrate-meta-layouts":"set","ast-page-background-enabled":"default","ast-page-background-meta":{"desktop":{"background-color":"var(--ast-global-color-4)","background-image":"","background-repeat":"repeat","background-position":"center center","background-size":"auto","background-attachment":"scroll","background-type":"","background-media":"","overlay-type":"","overlay-color":"","overlay-opacity":"","overlay-gradient":""},"tablet":{"background-color":"","background-image":"","background-repeat":"repeat","background-position":"center center","background-size":"auto","background-attachment":"scroll","background-type":"","background-media":"","overlay-type":"","overlay-color":"","overlay-opacity":"","overlay-gradient":""},"mobile":{"background-color":"","background-image":"","background-repeat":"repeat","background-position":"center center","background-size":"auto","background-attachment":"scroll","background-type":"","background-media":"","overlay-type":"","overlay-color":"","overlay-opacity":"","overlay-gradient":""}},"ast-content-background-meta":{"desktop":{"background-color":"var(--ast-global-color-5)","background-image":"","background-repeat":"repeat","background-position":"center center","background-size":"auto","background-attachment":"scroll","background-type":"","background-media":"","overlay-type":"","overlay-color":"","overlay-opacity":"","overlay-gradient":""},"tablet":{"background-color":"var(--ast-global-color-5)","background-image":"","background-repeat":"repeat","background-position":"center center","background-size":"auto","background-attachment":"scroll","background-type":"","background-media":"","overlay-type":"","overlay-color":"","overlay-opacity":"","overlay-gradient":""},"mobile":{"background-color":"var(--ast-global-color-5)","background-image":"","background-repeat":"repeat","background-position":"center center","background-size":"auto","background-attachment":"scroll","background-type":"","background-media":"","overlay-type":"","overlay-color":"","overlay-opacity":"","overlay-gradient":""}}},"product_brand":[],"product_cat":[66],"product_tag":[],"class_list":{"0":"post-3755","1":"product","2":"type-product","3":"status-publish","4":"has-post-thumbnail","6":"product_cat-windows","7":"desktop-align-center","8":"tablet-align-left","9":"mobile-align-left","11":"first","12":"instock","13":"virtual","14":"taxable","15":"purchasable","16":"product-type-simple"},"_links":{"self":[{"href":"https:\/\/keycode.cloud\/cs\/wp-json\/wp\/v2\/product\/3755","targetHints":{"allow":["GET"]}}],"collection":[{"href":"https:\/\/keycode.cloud\/cs\/wp-json\/wp\/v2\/product"}],"about":[{"href":"https:\/\/keycode.cloud\/cs\/wp-json\/wp\/v2\/types\/product"}],"version-history":[{"count":3,"href":"https:\/\/keycode.cloud\/cs\/wp-json\/wp\/v2\/product\/3755\/revisions"}],"predecessor-version":[{"id":3946,"href":"https:\/\/keycode.cloud\/cs\/wp-json\/wp\/v2\/product\/3755\/revisions\/3946"}],"wp:featuredmedia":[{"embeddable":true,"href":"https:\/\/keycode.cloud\/cs\/wp-json\/wp\/v2\/media\/3766"}],"wp:attachment":[{"href":"https:\/\/keycode.cloud\/cs\/wp-json\/wp\/v2\/media?parent=3755"}],"wp:term":[{"taxonomy":"product_brand","embeddable":true,"href":"https:\/\/keycode.cloud\/cs\/wp-json\/wp\/v2\/product_brand?post=3755"},{"taxonomy":"product_cat","embeddable":true,"href":"https:\/\/keycode.cloud\/cs\/wp-json\/wp\/v2\/product_cat?post=3755"},{"taxonomy":"product_tag","embeddable":true,"href":"https:\/\/keycode.cloud\/cs\/wp-json\/wp\/v2\/product_tag?post=3755"}],"curies":[{"name":"wp","href":"https:\/\/api.w.org\/{rel}","templated":true}]}}