{"id":2374,"date":"2025-09-06T17:06:03","date_gmt":"2025-09-06T17:06:03","guid":{"rendered":"https:\/\/keycode.cloud\/politica-de-devoluciones-y-reembolsos\/"},"modified":"2026-02-26T19:07:49","modified_gmt":"2026-02-26T19:07:49","slug":"politica-de-devoluciones-y-reembolsos","status":"publish","type":"page","link":"https:\/\/keycode.cloud\/es\/politica-de-devoluciones-y-reembolsos\/","title":{"rendered":"Pol\u00edtica de devoluciones y reembolsos"},"content":{"rendered":"\n<p><strong>Pol\u00edtica de devoluciones y reembolsos<\/strong><\/p>\n\n<p>Gracias por comprar en <strong>Keycode.cloud<\/strong>.<\/p>\n\n<p>Por favor, lee atentamente esta pol\u00edtica antes de realizar una compra.<\/p>\n\n<h3 class=\"wp-block-heading\"><strong>Productos digitales<\/strong><\/h3>\n\n<p>Todos nuestros productos se entregan <strong>digitalmente<\/strong> por correo electr\u00f3nico (claves de activaci\u00f3n).<\/p>\n\n<p>Una vez que la clave de activaci\u00f3n ha sido entregada, se considera <strong>usada y no retornable<\/strong>.<\/p>\n\n<h3 class=\"wp-block-heading\"><strong>Reembolsos<\/strong><\/h3>\n\n<p>Ofrecemos reembolsos o reemplazos solo en los siguientes casos:<\/p>\n\n<ul class=\"wp-block-list\">\n<li>La clave de activaci\u00f3n no se puede activar.<\/li>\n\n\n\n<li>La clave es inv\u00e1lida o defectuosa.<\/li>\n<\/ul>\n\n<p>Para solicitar un reembolso o un reemplazo, ponte en contacto con nosotros en <strong>sales@keycode.cloud<\/strong> en un plazo de 14 d\u00edas desde la compra. Nuestro equipo verificar\u00e1 el problema y te proporcionar\u00e1 una clave de reemplazo funcional o un reembolso completo. <\/p>\n\n<h3 class=\"wp-block-heading\"><strong>Excepciones<\/strong><\/h3>\n\n<ul class=\"wp-block-list\">\n<li>Los reembolsos <strong>no est\u00e1n disponibles<\/strong> para las claves entregadas y activadas con \u00e9xito.<\/li>\n\n\n\n<li>Los reembolsos <strong>no est\u00e1n disponibles<\/strong> si el problema es causado por incompatibilidad del sistema, error del cliente o uso indebido.<\/li>\n<\/ul>\n\n<h3 class=\"wp-block-heading\"><strong>Contacto<\/strong><\/h3>\n\n<p>Si tienes alguna pregunta sobre nuestra Pol\u00edtica de Devoluciones y Reembolsos, por favor, cont\u00e1ctanos:<\/p>\n\n<p>\ud83d\udce7 <strong>sales@keycode.cloud<\/strong><\/p>\n\n<p><\/p>\n","protected":false},"excerpt":{"rendered":"<p>Pol\u00edtica de devoluciones y reembolsos Gracias por comprar en Keycode.cloud. Por favor, lee atentamente esta pol\u00edtica antes de realizar una [&hellip;]<\/p>\n","protected":false},"author":1,"featured_media":0,"parent":0,"menu_order":0,"comment_status":"closed","ping_status":"closed","template":"","meta":{"site-sidebar-layout":"default","site-content-layout":"","ast-site-content-layout":"default","site-content-style":"default","site-sidebar-style":"default","ast-global-header-display":"","ast-banner-title-visibility":"","ast-main-header-display":"","ast-hfb-above-header-display":"","ast-hfb-below-header-display":"","ast-hfb-mobile-header-display":"","site-post-title":"","ast-breadcrumbs-content":"","ast-featured-img":"","footer-sml-layout":"","theme-transparent-header-meta":"","adv-header-id-meta":"","stick-header-meta":"","header-above-stick-meta":"","header-main-stick-meta":"","header-below-stick-meta":"","astra-migrate-meta-layouts":"default","ast-page-background-enabled":"default","ast-page-background-meta":{"desktop":{"background-color":"var(--ast-global-color-4)","background-image":"","background-repeat":"repeat","background-position":"center center","background-size":"auto","background-attachment":"scroll","background-type":"","background-media":"","overlay-type":"","overlay-color":"","overlay-opacity":"","overlay-gradient":""},"tablet":{"background-color":"","background-image":"","background-repeat":"repeat","background-position":"center center","background-size":"auto","background-attachment":"scroll","background-type":"","background-media":"","overlay-type":"","overlay-color":"","overlay-opacity":"","overlay-gradient":""},"mobile":{"background-color":"","background-image":"","background-repeat":"repeat","background-position":"center center","background-size":"auto","background-attachment":"scroll","background-type":"","background-media":"","overlay-type":"","overlay-color":"","overlay-opacity":"","overlay-gradient":""}},"ast-content-background-meta":{"desktop":{"background-color":"var(--ast-global-color-5)","background-image":"","background-repeat":"repeat","background-position":"center center","background-size":"auto","background-attachment":"scroll","background-type":"","background-media":"","overlay-type":"","overlay-color":"","overlay-opacity":"","overlay-gradient":""},"tablet":{"background-color":"var(--ast-global-color-5)","background-image":"","background-repeat":"repeat","background-position":"center center","background-size":"auto","background-attachment":"scroll","background-type":"","background-media":"","overlay-type":"","overlay-color":"","overlay-opacity":"","overlay-gradient":""},"mobile":{"background-color":"var(--ast-global-color-5)","background-image":"","background-repeat":"repeat","background-position":"center center","background-size":"auto","background-attachment":"scroll","background-type":"","background-media":"","overlay-type":"","overlay-color":"","overlay-opacity":"","overlay-gradient":""}},"footnotes":""},"class_list":["post-2374","page","type-page","status-publish","hentry"],"_links":{"self":[{"href":"https:\/\/keycode.cloud\/es\/wp-json\/wp\/v2\/pages\/2374","targetHints":{"allow":["GET"]}}],"collection":[{"href":"https:\/\/keycode.cloud\/es\/wp-json\/wp\/v2\/pages"}],"about":[{"href":"https:\/\/keycode.cloud\/es\/wp-json\/wp\/v2\/types\/page"}],"author":[{"embeddable":true,"href":"https:\/\/keycode.cloud\/es\/wp-json\/wp\/v2\/users\/1"}],"replies":[{"embeddable":true,"href":"https:\/\/keycode.cloud\/es\/wp-json\/wp\/v2\/comments?post=2374"}],"version-history":[{"count":6,"href":"https:\/\/keycode.cloud\/es\/wp-json\/wp\/v2\/pages\/2374\/revisions"}],"predecessor-version":[{"id":3619,"href":"https:\/\/keycode.cloud\/es\/wp-json\/wp\/v2\/pages\/2374\/revisions\/3619"}],"wp:attachment":[{"href":"https:\/\/keycode.cloud\/es\/wp-json\/wp\/v2\/media?parent=2374"}],"curies":[{"name":"wp","href":"https:\/\/api.w.org\/{rel}","templated":true}]}}