{"id":2390,"date":"2024-02-06T00:27:01","date_gmt":"2024-02-06T00:27:01","guid":{"rendered":"https:\/\/keycode.cloud\/politica-de-privacidad\/"},"modified":"2025-10-04T00:36:17","modified_gmt":"2025-10-04T00:36:17","slug":"politica-de-privacidad","status":"publish","type":"page","link":"https:\/\/keycode.cloud\/es\/politica-de-privacidad\/","title":{"rendered":"Pol\u00edtica de privacidad"},"content":{"rendered":"\n<p>Esta Pol\u00edtica de privacidad describe c\u00f3mo se recopila, utiliza y comparte tu informaci\u00f3n personal cuando visitas o realizas una compra en <a href=\"https:\/\/keycode.cloud\/es\/\">https:\/\/keycode.cloud\/<\/a> (en adelante, el \u00abSitio\u00bb).<\/p>\n\n<h2 class=\"wp-block-heading\">Informaci\u00f3n personal que recopilamos<\/h2>\n\n<p>Cuando visitas el Sitio, recopilamos autom\u00e1ticamente cierta informaci\u00f3n sobre tu dispositivo, incluyendo informaci\u00f3n sobre tu navegador web, direcci\u00f3n IP, zona horaria y algunas de las cookies que est\u00e1n instaladas en tu dispositivo. Adem\u00e1s, mientras navegas por el Sitio, recopilamos informaci\u00f3n sobre las p\u00e1ginas web o productos individuales que ves, qu\u00e9 sitios web o t\u00e9rminos de b\u00fasqueda te remitieron al Sitio, e informaci\u00f3n sobre c\u00f3mo interact\u00faas con el Sitio. Nos referimos a esta informaci\u00f3n recopilada autom\u00e1ticamente como \u00abInformaci\u00f3n del Dispositivo\u00bb.  <\/p>\n\n<p>Recopilamos informaci\u00f3n del dispositivo utilizando las siguientes tecnolog\u00edas:<\/p>\n\n<ul class=\"wp-block-list\">\n<li>Las \u00abcookies\u00bb son archivos de datos que se colocan en tu dispositivo u ordenador y a menudo incluyen un identificador \u00fanico an\u00f3nimo.<\/li>\n\n\n\n<li>Los \u00abarchivos de registro\u00bb rastrean las acciones que ocurren en el Sitio y recopilan datos como tu direcci\u00f3n IP, tipo de navegador, proveedor de servicios de Internet, p\u00e1ginas de referencia\/salida y marcas de fecha\/hora.<\/li>\n\n\n\n<li>Las \u00abbalizas web\u00bb, las \u00abetiquetas\u00bb y los \u00abp\u00edxeles\u00bb son archivos electr\u00f3nicos utilizados para registrar informaci\u00f3n sobre c\u00f3mo navegas por el Sitio.<\/li>\n<\/ul>\n\n<p>Adem\u00e1s, cuando realizas una compra o intentas realizar una compra a trav\u00e9s del Sitio, recopilamos cierta informaci\u00f3n tuya, incluyendo tu nombre, direcci\u00f3n de facturaci\u00f3n, direcci\u00f3n de env\u00edo, informaci\u00f3n de pago (incluyendo n\u00fameros de tarjeta de cr\u00e9dito, direcci\u00f3n de correo electr\u00f3nico y n\u00famero de tel\u00e9fono). Nos referimos a esta informaci\u00f3n como \u00abInformaci\u00f3n del Pedido\u00bb. <\/p>\n\n<p>Cuando hablamos de \u00abInformaci\u00f3n Personal\u00bb en esta Pol\u00edtica de Privacidad, nos referimos tanto a la Informaci\u00f3n del Dispositivo como a la Informaci\u00f3n del Pedido.<\/p>\n\n<h2 class=\"wp-block-heading\">\u00bfC\u00f3mo utilizamos tu informaci\u00f3n personal?<\/h2>\n\n<p>Utilizamos la Informaci\u00f3n del Pedido que recopilamos generalmente para cumplir con cualquier pedido realizado a trav\u00e9s del Sitio (incluyendo el procesamiento de tu informaci\u00f3n de pago, la organizaci\u00f3n del env\u00edo y el suministro de facturas y\/o confirmaciones de pedido). Adem\u00e1s, utilizamos esta Informaci\u00f3n del Pedido para: <\/p>\n\n<ul class=\"wp-block-list\">\n<li>Comunicarnos contigo;<\/li>\n\n\n\n<li>Examinar nuestros pedidos en busca de posibles riesgos o fraudes; y<\/li>\n\n\n\n<li>Cuando est\u00e9 en consonancia con las preferencias que has compartido con nosotros, proporcionarte informaci\u00f3n o publicidad relacionada con nuestros productos o servicios.<\/li>\n<\/ul>\n\n<p>Utilizamos la Informaci\u00f3n del Dispositivo que recopilamos para ayudarnos a detectar posibles riesgos y fraudes (en particular, tu direcci\u00f3n IP), y m\u00e1s generalmente para mejorar y optimizar nuestro Sitio (por ejemplo, generando an\u00e1lisis sobre c\u00f3mo nuestros clientes navegan e interact\u00faan con el Sitio, y para evaluar el \u00e9xito de nuestras campa\u00f1as de marketing y publicidad).<\/p>\n\n<p>Compartir tu informaci\u00f3n personal<\/p>\n\n<p>Compartimos tu Informaci\u00f3n Personal con terceros para ayudarnos a utilizar tu Informaci\u00f3n Personal, como se describe anteriormente. Por ejemplo, utilizamos WordPress para impulsar nuestra tienda online; puedes leer m\u00e1s sobre c\u00f3mo WordPress utiliza tu Informaci\u00f3n Personal aqu\u00ed: Pol\u00edtica de privacidad de WordPress. Utilizamos Stripe como nuestra pasarela de pago para procesar los pagos de los pedidos realizados en el Sitio. Stripe utiliza y procesa tu informaci\u00f3n de pago de acuerdo con su pol\u00edtica de privacidad, a la que puedes acceder aqu\u00ed: Pol\u00edtica de privacidad de Stripe.   <\/p>\n\n<p>Tambi\u00e9n utilizamos Google Analytics para ayudarnos a comprender c\u00f3mo nuestros clientes utilizan el Sitio; puedes leer m\u00e1s sobre c\u00f3mo Google utiliza tu Informaci\u00f3n Personal aqu\u00ed: Pol\u00edtica de privacidad de Google. Tambi\u00e9n puedes optar por no participar en Google Analytics aqu\u00ed: Exclusi\u00f3n de Google Analytics. <\/p>\n\n<p>Finalmente, tambi\u00e9n podemos compartir tu Informaci\u00f3n Personal para cumplir con las leyes y regulaciones aplicables, para responder a una citaci\u00f3n, orden de registro u otra solicitud legal de informaci\u00f3n que recibamos, o para proteger nuestros derechos de otra manera.<\/p>\n\n<h2 class=\"wp-block-heading\">Tus derechos<\/h2>\n\n<p>Si eres residente europeo, tienes derecho a acceder a la informaci\u00f3n personal que tenemos sobre ti y a solicitar que se corrija, actualice o elimine tu informaci\u00f3n personal. Si deseas ejercer este derecho, ponte en contacto con nosotros a trav\u00e9s de la informaci\u00f3n de contacto que aparece a continuaci\u00f3n. <\/p>\n\n<p>Adem\u00e1s, si eres residente europeo, se\u00f1alamos que estamos procesando tu informaci\u00f3n para cumplir con los contratos que podamos tener contigo (por ejemplo, si realizas un pedido a trav\u00e9s del Sitio), o de otra manera para perseguir nuestros intereses comerciales leg\u00edtimos enumerados anteriormente. Adem\u00e1s, ten en cuenta que tu informaci\u00f3n se transferir\u00e1 fuera de Europa, incluyendo a Canad\u00e1 y a los Estados Unidos. <\/p>\n\n<h2 class=\"wp-block-heading\">Retenci\u00f3n de datos<\/h2>\n\n<p>Cuando realizas un pedido a trav\u00e9s del Sitio, mantendremos tu Informaci\u00f3n del Pedido en nuestros registros a menos y hasta que nos pidas que eliminemos esta informaci\u00f3n.<\/p>\n\n<h2 class=\"wp-block-heading\">Cambios<\/h2>\n\n<p>Es posible que actualicemos esta Pol\u00edtica de Privacidad de vez en cuando para reflejar, por ejemplo, cambios en nuestras pr\u00e1cticas o por otras razones operativas, legales o reglamentarias.<\/p>\n\n<h2 class=\"wp-block-heading\">Contacta con nosotros<\/h2>\n\n<p>Para obtener m\u00e1s informaci\u00f3n sobre nuestras pr\u00e1cticas de privacidad, si tienes preguntas o si deseas presentar una queja, ponte en contacto con nosotros por correo electr\u00f3nico a sales@keycode.cloud<\/p>\n\n<p><\/p>\n","protected":false},"excerpt":{"rendered":"<p>Esta Pol\u00edtica de privacidad describe c\u00f3mo se recopila, utiliza y comparte tu informaci\u00f3n personal cuando visitas o realizas una compra [&hellip;]<\/p>\n","protected":false},"author":1,"featured_media":0,"parent":0,"menu_order":0,"comment_status":"closed","ping_status":"closed","template":"","meta":{"site-sidebar-layout":"default","site-content-layout":"","ast-site-content-layout":"default","site-content-style":"default","site-sidebar-style":"default","ast-global-header-display":"","ast-banner-title-visibility":"","ast-main-header-display":"","ast-hfb-above-header-display":"","ast-hfb-below-header-display":"","ast-hfb-mobile-header-display":"","site-post-title":"","ast-breadcrumbs-content":"","ast-featured-img":"","footer-sml-layout":"","theme-transparent-header-meta":"","adv-header-id-meta":"","stick-header-meta":"","header-above-stick-meta":"","header-main-stick-meta":"","header-below-stick-meta":"","astra-migrate-meta-layouts":"default","ast-page-background-enabled":"default","ast-page-background-meta":{"desktop":{"background-color":"var(--ast-global-color-4)","background-image":"","background-repeat":"repeat","background-position":"center center","background-size":"auto","background-attachment":"scroll","background-type":"","background-media":"","overlay-type":"","overlay-color":"","overlay-opacity":"","overlay-gradient":""},"tablet":{"background-color":"","background-image":"","background-repeat":"repeat","background-position":"center center","background-size":"auto","background-attachment":"scroll","background-type":"","background-media":"","overlay-type":"","overlay-color":"","overlay-opacity":"","overlay-gradient":""},"mobile":{"background-color":"","background-image":"","background-repeat":"repeat","background-position":"center center","background-size":"auto","background-attachment":"scroll","background-type":"","background-media":"","overlay-type":"","overlay-color":"","overlay-opacity":"","overlay-gradient":""}},"ast-content-background-meta":{"desktop":{"background-color":"var(--ast-global-color-5)","background-image":"","background-repeat":"repeat","background-position":"center center","background-size":"auto","background-attachment":"scroll","background-type":"","background-media":"","overlay-type":"","overlay-color":"","overlay-opacity":"","overlay-gradient":""},"tablet":{"background-color":"var(--ast-global-color-5)","background-image":"","background-repeat":"repeat","background-position":"center center","background-size":"auto","background-attachment":"scroll","background-type":"","background-media":"","overlay-type":"","overlay-color":"","overlay-opacity":"","overlay-gradient":""},"mobile":{"background-color":"var(--ast-global-color-5)","background-image":"","background-repeat":"repeat","background-position":"center center","background-size":"auto","background-attachment":"scroll","background-type":"","background-media":"","overlay-type":"","overlay-color":"","overlay-opacity":"","overlay-gradient":""}},"footnotes":""},"class_list":["post-2390","page","type-page","status-publish","hentry"],"_links":{"self":[{"href":"https:\/\/keycode.cloud\/es\/wp-json\/wp\/v2\/pages\/2390","targetHints":{"allow":["GET"]}}],"collection":[{"href":"https:\/\/keycode.cloud\/es\/wp-json\/wp\/v2\/pages"}],"about":[{"href":"https:\/\/keycode.cloud\/es\/wp-json\/wp\/v2\/types\/page"}],"author":[{"embeddable":true,"href":"https:\/\/keycode.cloud\/es\/wp-json\/wp\/v2\/users\/1"}],"replies":[{"embeddable":true,"href":"https:\/\/keycode.cloud\/es\/wp-json\/wp\/v2\/comments?post=2390"}],"version-history":[{"count":1,"href":"https:\/\/keycode.cloud\/es\/wp-json\/wp\/v2\/pages\/2390\/revisions"}],"predecessor-version":[{"id":2392,"href":"https:\/\/keycode.cloud\/es\/wp-json\/wp\/v2\/pages\/2390\/revisions\/2392"}],"wp:attachment":[{"href":"https:\/\/keycode.cloud\/es\/wp-json\/wp\/v2\/media?parent=2390"}],"curies":[{"name":"wp","href":"https:\/\/api.w.org\/{rel}","templated":true}]}}