{"id":2427,"date":"2025-10-04T02:58:52","date_gmt":"2025-10-04T02:58:52","guid":{"rendered":"https:\/\/keycode.cloud\/aviso-legal\/"},"modified":"2025-11-04T18:54:56","modified_gmt":"2025-11-04T18:54:56","slug":"aviso-legal","status":"publish","type":"page","link":"https:\/\/keycode.cloud\/es\/aviso-legal\/","title":{"rendered":"Aviso legal"},"content":{"rendered":"\n<p><strong>Nombre de la empresa:<\/strong><\/p>\n\n<p>NedFor company s.r.o.<\/p>\n\n<p><strong>ID de empresa (I\u010c\/DI\u010c):<\/strong><\/p>\n\n<p>21411549 \/ CZ21411549<\/p>\n\n<p><strong>Direcci\u00f3n registrada:<\/strong><\/p>\n\n<p>Kaprova 42\/14<\/p>\n\n<p>Star\u00e9 m\u011bsto, 110 00 Praga<\/p>\n\n<p>Rep\u00fablica Checa<\/p>\n\n<p><strong>Contacto:<\/strong><\/p>\n\n<p>Correo electr\u00f3nico: sales@keycode.cloud<\/p>\n\n<p>Tel\u00e9fono\/WhatsApp: +420 721613827<\/p>\n\n<p><strong>Director gerente \/ Responsable del contenido (seg\u00fan el \u00a7 55 RStV):<\/strong><\/p>\n\n<p>Patrik nedbalek<\/p>\n\n<p><strong>Descargo de responsabilidad:<\/strong><\/p>\n\n<p>A pesar de un control cuidadoso del contenido, no asumimos ninguna responsabilidad por el contenido de los enlaces externos. Los operadores de las p\u00e1ginas enlazadas son los \u00fanicos responsables de su contenido. <\/p>\n\n<p><strong>Resoluci\u00f3n de litigios:<\/strong><\/p>\n\n<p>La Comisi\u00f3n Europea proporciona una plataforma para la resoluci\u00f3n de litigios en l\u00ednea (RLL): <a href=\"https:\/\/ec.europa.eu\/consumers\/odr\" target=\"_blank\" rel=\"noopener\">https:\/\/ec.europa.eu\/consumers\/odr<\/a>.<\/p>\n\n<p>No estamos obligados ni dispuestos a participar en los procedimientos de resoluci\u00f3n de conflictos ante una junta de arbitraje de consumo.<\/p>\n","protected":false},"excerpt":{"rendered":"<p>Nombre de la empresa: NedFor company s.r.o. ID de empresa (I\u010c\/DI\u010c): 21411549 \/ CZ21411549 Direcci\u00f3n registrada: Kaprova 42\/14 Star\u00e9 m\u011bsto, [&hellip;]<\/p>\n","protected":false},"author":1,"featured_media":0,"parent":0,"menu_order":0,"comment_status":"closed","ping_status":"closed","template":"","meta":{"site-sidebar-layout":"default","site-content-layout":"","ast-site-content-layout":"default","site-content-style":"default","site-sidebar-style":"default","ast-global-header-display":"","ast-banner-title-visibility":"","ast-main-header-display":"","ast-hfb-above-header-display":"","ast-hfb-below-header-display":"","ast-hfb-mobile-header-display":"","site-post-title":"","ast-breadcrumbs-content":"","ast-featured-img":"","footer-sml-layout":"","theme-transparent-header-meta":"","adv-header-id-meta":"","stick-header-meta":"","header-above-stick-meta":"","header-main-stick-meta":"","header-below-stick-meta":"","astra-migrate-meta-layouts":"default","ast-page-background-enabled":"default","ast-page-background-meta":{"desktop":{"background-color":"var(--ast-global-color-4)","background-image":"","background-repeat":"repeat","background-position":"center center","background-size":"auto","background-attachment":"scroll","background-type":"","background-media":"","overlay-type":"","overlay-color":"","overlay-opacity":"","overlay-gradient":""},"tablet":{"background-color":"","background-image":"","background-repeat":"repeat","background-position":"center center","background-size":"auto","background-attachment":"scroll","background-type":"","background-media":"","overlay-type":"","overlay-color":"","overlay-opacity":"","overlay-gradient":""},"mobile":{"background-color":"","background-image":"","background-repeat":"repeat","background-position":"center center","background-size":"auto","background-attachment":"scroll","background-type":"","background-media":"","overlay-type":"","overlay-color":"","overlay-opacity":"","overlay-gradient":""}},"ast-content-background-meta":{"desktop":{"background-color":"var(--ast-global-color-5)","background-image":"","background-repeat":"repeat","background-position":"center center","background-size":"auto","background-attachment":"scroll","background-type":"","background-media":"","overlay-type":"","overlay-color":"","overlay-opacity":"","overlay-gradient":""},"tablet":{"background-color":"var(--ast-global-color-5)","background-image":"","background-repeat":"repeat","background-position":"center center","background-size":"auto","background-attachment":"scroll","background-type":"","background-media":"","overlay-type":"","overlay-color":"","overlay-opacity":"","overlay-gradient":""},"mobile":{"background-color":"var(--ast-global-color-5)","background-image":"","background-repeat":"repeat","background-position":"center center","background-size":"auto","background-attachment":"scroll","background-type":"","background-media":"","overlay-type":"","overlay-color":"","overlay-opacity":"","overlay-gradient":""}},"footnotes":""},"class_list":["post-2427","page","type-page","status-publish","hentry"],"_links":{"self":[{"href":"https:\/\/keycode.cloud\/es\/wp-json\/wp\/v2\/pages\/2427","targetHints":{"allow":["GET"]}}],"collection":[{"href":"https:\/\/keycode.cloud\/es\/wp-json\/wp\/v2\/pages"}],"about":[{"href":"https:\/\/keycode.cloud\/es\/wp-json\/wp\/v2\/types\/page"}],"author":[{"embeddable":true,"href":"https:\/\/keycode.cloud\/es\/wp-json\/wp\/v2\/users\/1"}],"replies":[{"embeddable":true,"href":"https:\/\/keycode.cloud\/es\/wp-json\/wp\/v2\/comments?post=2427"}],"version-history":[{"count":3,"href":"https:\/\/keycode.cloud\/es\/wp-json\/wp\/v2\/pages\/2427\/revisions"}],"predecessor-version":[{"id":2928,"href":"https:\/\/keycode.cloud\/es\/wp-json\/wp\/v2\/pages\/2427\/revisions\/2928"}],"wp:attachment":[{"href":"https:\/\/keycode.cloud\/es\/wp-json\/wp\/v2\/media?parent=2427"}],"curies":[{"name":"wp","href":"https:\/\/api.w.org\/{rel}","templated":true}]}}