{"id":2315,"date":"2025-08-18T21:26:21","date_gmt":"2025-08-18T21:26:21","guid":{"rendered":"https:\/\/keycode.cloud\/product\/contrasena-de-getcid\/"},"modified":"2026-04-13T23:06:38","modified_gmt":"2026-04-13T23:06:38","slug":"contrasena-de-getcid","status":"publish","type":"product","link":"https:\/\/keycode.cloud\/es\/producto\/contrasena-de-getcid\/","title":{"rendered":"Contrase\u00f1a de GetCID"},"content":{"rendered":"<p class=\"p1\">Compra una contrase\u00f1a de un solo uso para nuestra aplicaci\u00f3n GetCID, que permite la activaci\u00f3n automatizada por tel\u00e9fono sin necesidad de largas llamadas a la l\u00ednea de soporte de Microsoft.<\/p>\n","protected":false},"excerpt":{"rendered":"<p>&nbsp;<\/p>\n<p class=\"p1\">Esta contrase\u00f1a de un solo uso se incluye <strong>gratis<\/strong> con la compra de cualquier producto con activaci\u00f3n GetCID en nuestra tienda.<br \/>\nEsta contrase\u00f1a se puede usar solo una vez.<\/p>\n<p class=\"p1\"><b>Entrega instant\u00e1nea por correo electr\u00f3nico (hasta 24 horas en casos excepcionales).<\/b><\/p>\n<h6>Recibir\u00e1s:<\/h6>\n<p>\u2013 Contrase\u00f1a de un solo uso para <a href=\"https:\/\/keycode.cloud\/es\/obtener-cid\/\">keycode.cloud\/getcid<\/a><\/p>\n","protected":false},"featured_media":2323,"template":"","meta":{"site-sidebar-layout":"default","site-content-layout":"","ast-site-content-layout":"default","site-content-style":"default","site-sidebar-style":"default","ast-global-header-display":"","ast-banner-title-visibility":"","ast-main-header-display":"","ast-hfb-above-header-display":"","ast-hfb-below-header-display":"","ast-hfb-mobile-header-display":"","site-post-title":"","ast-breadcrumbs-content":"","ast-featured-img":"","footer-sml-layout":"","theme-transparent-header-meta":"default","adv-header-id-meta":"","stick-header-meta":"","header-above-stick-meta":"","header-main-stick-meta":"","header-below-stick-meta":"","astra-migrate-meta-layouts":"set","ast-page-background-enabled":"default","ast-page-background-meta":{"desktop":{"background-color":"var(--ast-global-color-4)","background-image":"","background-repeat":"repeat","background-position":"center center","background-size":"auto","background-attachment":"scroll","background-type":"","background-media":"","overlay-type":"","overlay-color":"","overlay-opacity":"","overlay-gradient":""},"tablet":{"background-color":"","background-image":"","background-repeat":"repeat","background-position":"center center","background-size":"auto","background-attachment":"scroll","background-type":"","background-media":"","overlay-type":"","overlay-color":"","overlay-opacity":"","overlay-gradient":""},"mobile":{"background-color":"","background-image":"","background-repeat":"repeat","background-position":"center center","background-size":"auto","background-attachment":"scroll","background-type":"","background-media":"","overlay-type":"","overlay-color":"","overlay-opacity":"","overlay-gradient":""}},"ast-content-background-meta":{"desktop":{"background-color":"var(--ast-global-color-5)","background-image":"","background-repeat":"repeat","background-position":"center center","background-size":"auto","background-attachment":"scroll","background-type":"","background-media":"","overlay-type":"","overlay-color":"","overlay-opacity":"","overlay-gradient":""},"tablet":{"background-color":"var(--ast-global-color-5)","background-image":"","background-repeat":"repeat","background-position":"center center","background-size":"auto","background-attachment":"scroll","background-type":"","background-media":"","overlay-type":"","overlay-color":"","overlay-opacity":"","overlay-gradient":""},"mobile":{"background-color":"var(--ast-global-color-5)","background-image":"","background-repeat":"repeat","background-position":"center center","background-size":"auto","background-attachment":"scroll","background-type":"","background-media":"","overlay-type":"","overlay-color":"","overlay-opacity":"","overlay-gradient":""}}},"product_brand":[],"product_cat":[115],"product_tag":[],"class_list":{"0":"post-2315","1":"product","2":"type-product","3":"status-publish","4":"has-post-thumbnail","6":"product_cat-uncategorized","7":"desktop-align-center","8":"tablet-align-left","9":"mobile-align-left","11":"first","12":"instock","13":"virtual","14":"taxable","15":"purchasable","16":"product-type-simple"},"_links":{"self":[{"href":"https:\/\/keycode.cloud\/es\/wp-json\/wp\/v2\/product\/2315","targetHints":{"allow":["GET"]}}],"collection":[{"href":"https:\/\/keycode.cloud\/es\/wp-json\/wp\/v2\/product"}],"about":[{"href":"https:\/\/keycode.cloud\/es\/wp-json\/wp\/v2\/types\/product"}],"version-history":[{"count":2,"href":"https:\/\/keycode.cloud\/es\/wp-json\/wp\/v2\/product\/2315\/revisions"}],"predecessor-version":[{"id":3934,"href":"https:\/\/keycode.cloud\/es\/wp-json\/wp\/v2\/product\/2315\/revisions\/3934"}],"wp:featuredmedia":[{"embeddable":true,"href":"https:\/\/keycode.cloud\/es\/wp-json\/wp\/v2\/media\/2323"}],"wp:attachment":[{"href":"https:\/\/keycode.cloud\/es\/wp-json\/wp\/v2\/media?parent=2315"}],"wp:term":[{"taxonomy":"product_brand","embeddable":true,"href":"https:\/\/keycode.cloud\/es\/wp-json\/wp\/v2\/product_brand?post=2315"},{"taxonomy":"product_cat","embeddable":true,"href":"https:\/\/keycode.cloud\/es\/wp-json\/wp\/v2\/product_cat?post=2315"},{"taxonomy":"product_tag","embeddable":true,"href":"https:\/\/keycode.cloud\/es\/wp-json\/wp\/v2\/product_tag?post=2315"}],"curies":[{"name":"wp","href":"https:\/\/api.w.org\/{rel}","templated":true}]}}