{"id":2329,"date":"2025-08-17T21:10:06","date_gmt":"2025-08-17T21:10:06","guid":{"rendered":"https:\/\/keycode.cloud\/product\/office-2024-home-para-mac\/"},"modified":"2026-04-13T23:07:26","modified_gmt":"2026-04-13T23:07:26","slug":"office-2024-home-para-mac","status":"publish","type":"product","link":"https:\/\/keycode.cloud\/es\/producto\/office-2024-home-para-mac\/","title":{"rendered":"Office 2024 Home para PC y Mac"},"content":{"rendered":"<h6>\u00bfC\u00f3mo se activa?<\/h6>\n<p><a href=\"https:\/\/keycode.cloud\/es\/guias-y-preguntas-frecuentes\/#office\">https:\/\/keycode.cloud\/faq\/#office<\/a><\/p>\n<p class=\"p1\"><span class=\"s1\"><b>Office 2024 Home para PC y Mac<\/b><\/span> es la suite perpetua (sin suscripci\u00f3n) de Microsoft para familias y peque\u00f1as empresas que quieren las apps cl\u00e1sicas de escritorio y el correo electr\u00f3nico en un solo Mac. Incluye versiones modernas de Word, Excel, PowerPoint, Outlook y OneNote con una <span class=\"s1\"><b>compra \u00fanica<\/b><\/span>, instalada en <span class=\"s1\"><b>1 Mac o 1 PC.<\/b><\/span><\/p>\n<p>Los componentes clave de Office 2024 Home para Mac incluyen:<\/p>\n<ul>\n<li>\n<p class=\"p1\"><span class=\"s1\"><b>Microsoft Word<\/b><\/span>: crea y edita documentos profesionales con accesibilidad e interfaz de usuario actualizadas.<\/p>\n<\/li>\n<li>\n<p class=\"p1\"><span class=\"s1\"><b>Microsoft Excel<\/b><\/span>: analiza datos con nuevas funciones y gr\u00e1ficos que pueden hacer referencia a matrices din\u00e1micas, adem\u00e1s de la funci\u00f3n IMAGE.<\/p>\n<\/li>\n<li>\n<p class=\"p1\"><span class=\"s1\"><b>Microsoft PowerPoint<\/b><\/span>: crea presentaciones atractivas; utiliza <span class=\"s1\"><b>cameo<\/b><\/span> (fuente de c\u00e1mara) y un estudio de grabaci\u00f3n mejorado.<\/p>\n<\/li>\n<\/ul>\n<h3>Requisitos de hardware<\/h3>\n<ul>\n<li>\n<p class=\"p1\"><span class=\"s1\"><b>Sistema operativo:<\/b><\/span> Se admiten Windows 11 o las <span class=\"s1\"><b>tres versiones m\u00e1s recientes de macOS<\/b><\/span> (Microsoft deja de admitir la m\u00e1s antigua cuando Apple lanza una nueva versi\u00f3n principal de macOS).<\/p>\n<\/li>\n<li>\n<p class=\"p1\"><b>Procesador:<\/b> <b>Intel<\/b><span class=\"s1\"> o <\/span><b>Apple silicon<\/b><span class=\"s1\"> (serie M). <\/span><\/p>\n<\/li>\n<li>\n<p class=\"p1\"><b>Memoria:<\/b> <b>4 GB de RAM<\/b><span class=\"s1\"> o m\u00e1s. <\/span><\/p>\n<\/li>\n<li>\n<p class=\"p1\"><b>Espacio en disco:<\/b> <b>10 GB<\/b><span class=\"s1\"> disponibles. <\/span><\/p>\n<\/li>\n<li>\n<p class=\"p1\"><span class=\"s1\"><b>Pantalla:<\/b><\/span> Resoluci\u00f3n de <span class=\"s1\"><b>1280 \u00d7 800<\/b><\/span> o superior.<\/p>\n<\/li>\n<li>\n<p class=\"p1\"><span class=\"s1\"><b>Internet y cuenta:<\/b><\/span> Se requiere conexi\u00f3n a Internet y una <span class=\"s1\"><b>cuenta de Microsoft<\/b><\/span> para la descarga, la activaci\u00f3n y las actualizaciones.<\/p>\n<\/li>\n<\/ul>\n<p>&nbsp;<\/p>\n","protected":false},"excerpt":{"rendered":"<p>&nbsp;<\/p>\n<p>Esta clave solo se puede usar una vez por cuenta de Microsoft\/Mac.<\/p>\n<p><b>Entrega instant\u00e1nea por correo electr\u00f3nico (hasta 24 horas en casos excepcionales).<\/b><\/p>\n<h6>Recibir\u00e1s:<\/h6>\n<p>\u2013 Clave de activaci\u00f3n original y \u00fanica que se vincular\u00e1 a tu cuenta de Microsoft.<br \/>\n\u2013 Soporte en caso de cualquier problema de activaci\u00f3n<\/p>\n<p>Utiliza la clave dentro de los 14 d\u00edas posteriores a la entrega, una vez activada la garant\u00eda es para siempre.<\/p>\n","protected":false},"featured_media":3632,"template":"","meta":{"site-sidebar-layout":"default","site-content-layout":"","ast-site-content-layout":"default","site-content-style":"default","site-sidebar-style":"default","ast-global-header-display":"","ast-banner-title-visibility":"","ast-main-header-display":"","ast-hfb-above-header-display":"","ast-hfb-below-header-display":"","ast-hfb-mobile-header-display":"","site-post-title":"","ast-breadcrumbs-content":"","ast-featured-img":"","footer-sml-layout":"","theme-transparent-header-meta":"default","adv-header-id-meta":"","stick-header-meta":"","header-above-stick-meta":"","header-main-stick-meta":"","header-below-stick-meta":"","astra-migrate-meta-layouts":"set","ast-page-background-enabled":"default","ast-page-background-meta":{"desktop":{"background-color":"var(--ast-global-color-4)","background-image":"","background-repeat":"repeat","background-position":"center center","background-size":"auto","background-attachment":"scroll","background-type":"","background-media":"","overlay-type":"","overlay-color":"","overlay-opacity":"","overlay-gradient":""},"tablet":{"background-color":"","background-image":"","background-repeat":"repeat","background-position":"center center","background-size":"auto","background-attachment":"scroll","background-type":"","background-media":"","overlay-type":"","overlay-color":"","overlay-opacity":"","overlay-gradient":""},"mobile":{"background-color":"","background-image":"","background-repeat":"repeat","background-position":"center center","background-size":"auto","background-attachment":"scroll","background-type":"","background-media":"","overlay-type":"","overlay-color":"","overlay-opacity":"","overlay-gradient":""}},"ast-content-background-meta":{"desktop":{"background-color":"var(--ast-global-color-5)","background-image":"","background-repeat":"repeat","background-position":"center center","background-size":"auto","background-attachment":"scroll","background-type":"","background-media":"","overlay-type":"","overlay-color":"","overlay-opacity":"","overlay-gradient":""},"tablet":{"background-color":"var(--ast-global-color-5)","background-image":"","background-repeat":"repeat","background-position":"center center","background-size":"auto","background-attachment":"scroll","background-type":"","background-media":"","overlay-type":"","overlay-color":"","overlay-opacity":"","overlay-gradient":""},"mobile":{"background-color":"var(--ast-global-color-5)","background-image":"","background-repeat":"repeat","background-position":"center center","background-size":"auto","background-attachment":"scroll","background-type":"","background-media":"","overlay-type":"","overlay-color":"","overlay-opacity":"","overlay-gradient":""}}},"product_brand":[],"product_cat":[96],"product_tag":[],"class_list":{"0":"post-2329","1":"product","2":"type-product","3":"status-publish","4":"has-post-thumbnail","6":"product_cat-office","7":"desktop-align-center","8":"tablet-align-left","9":"mobile-align-left","11":"first","12":"instock","13":"virtual","14":"taxable","15":"purchasable","16":"product-type-simple"},"_links":{"self":[{"href":"https:\/\/keycode.cloud\/es\/wp-json\/wp\/v2\/product\/2329","targetHints":{"allow":["GET"]}}],"collection":[{"href":"https:\/\/keycode.cloud\/es\/wp-json\/wp\/v2\/product"}],"about":[{"href":"https:\/\/keycode.cloud\/es\/wp-json\/wp\/v2\/types\/product"}],"version-history":[{"count":4,"href":"https:\/\/keycode.cloud\/es\/wp-json\/wp\/v2\/product\/2329\/revisions"}],"predecessor-version":[{"id":3936,"href":"https:\/\/keycode.cloud\/es\/wp-json\/wp\/v2\/product\/2329\/revisions\/3936"}],"wp:featuredmedia":[{"embeddable":true,"href":"https:\/\/keycode.cloud\/es\/wp-json\/wp\/v2\/media\/3632"}],"wp:attachment":[{"href":"https:\/\/keycode.cloud\/es\/wp-json\/wp\/v2\/media?parent=2329"}],"wp:term":[{"taxonomy":"product_brand","embeddable":true,"href":"https:\/\/keycode.cloud\/es\/wp-json\/wp\/v2\/product_brand?post=2329"},{"taxonomy":"product_cat","embeddable":true,"href":"https:\/\/keycode.cloud\/es\/wp-json\/wp\/v2\/product_cat?post=2329"},{"taxonomy":"product_tag","embeddable":true,"href":"https:\/\/keycode.cloud\/es\/wp-json\/wp\/v2\/product_tag?post=2329"}],"curies":[{"name":"wp","href":"https:\/\/api.w.org\/{rel}","templated":true}]}}