{"id":2336,"date":"2025-08-17T20:59:29","date_gmt":"2025-08-17T20:59:29","guid":{"rendered":"https:\/\/keycode.cloud\/product\/office-2024-pro-plus-para-windows\/"},"modified":"2026-04-13T23:08:02","modified_gmt":"2026-04-13T23:08:02","slug":"office-2024-pro-plus-para-windows","status":"publish","type":"product","link":"https:\/\/keycode.cloud\/es\/producto\/office-2024-pro-plus-para-windows\/","title":{"rendered":"Office 2024 Pro Plus para Windows"},"content":{"rendered":"<h6>\u00bfC\u00f3mo se activa?<\/h6>\n<p>\u2013 online: <a href=\"https:\/\/keycode.cloud\/es\/guias-y-preguntas-frecuentes\/#office-online\">https:\/\/keycode.cloud\/faq\/#office-online<\/a><\/p>\n<p class=\"p1\"><span class=\"s1\"><b>Office 2024 Professional Plus LTSC<\/b><\/span> es la versi\u00f3n de servicio perpetuo a largo plazo de Office de Microsoft para organizaciones que prefieren una compra \u00fanica y un conjunto de caracter\u00edsticas estable. Ofrece aplicaciones de escritorio modernas y fiables para crear documentos, analizar datos, crear presentaciones, gestionar el correo electr\u00f3nico y mucho m\u00e1s, sin cambios continuos en las caracter\u00edsticas.<\/p>\n<p>Componentes clave de Office 2024 Professional Plus:<\/p>\n<ul>\n<li>\n<p class=\"p1\"><span class=\"s1\"><b>Microsoft Word:<\/b><\/span> Crea y edita documentos profesionales con accesibilidad mejorada y recuperaci\u00f3n de sesiones.<\/p>\n<\/li>\n<li>\n<p class=\"p1\"><span class=\"s1\"><b>Microsoft Excel:<\/b><\/span> An\u00e1lisis de datos avanzado con nuevas funciones y mejoras procedentes de las \u00faltimas actualizaciones de Microsoft 365.<\/p>\n<\/li>\n<li>\n<p class=\"p1\"><span class=\"s1\"><b>Microsoft PowerPoint:<\/b><\/span> Crea presentaciones atractivas con mejoras en la interfaz de usuario y funciones multimedia modernas.<\/p>\n<\/li>\n<li>\n<p class=\"p1\"><span class=\"s1\"><b>Microsoft Outlook:<\/b><\/span> Gestiona el correo electr\u00f3nico, el calendario, los contactos y las tareas de forma eficiente.<\/p>\n<\/li>\n<li>\n<p class=\"p1\"><span class=\"s1\"><b>Microsoft Access (solo para PC):<\/b><\/span> Crea y gestiona bases de datos de escritorio con capacidades actualizadas.<\/p>\n<\/li>\n<li>\n<p class=\"p1\"><span class=\"s1\"><b>Microsoft OneNote:<\/b><\/span> Captura y organiza notas en todos los dispositivos.<\/p>\n<\/li>\n<\/ul>\n<h3>Requisitos de hardware<\/h3>\n<p class=\"p1\"><span class=\"s1\"><b>Procesador:<\/b><\/span> 1,1 GHz o m\u00e1s r\u00e1pido, CPU de 2 n\u00facleos (x64); para dispositivos basados en Arm, <span class=\"s1\"><b>Windows 11<\/b><\/span> es el sistema operativo m\u00ednimo compatible.<\/p>\n<p class=\"p1\"><span class=\"s1\"><b>RAM:<\/b><\/span> 4 GB o m\u00e1s.<\/p>\n<p class=\"p1\"><span class=\"s1\"><b>Espacio en disco:<\/b><\/span> 4 GB de espacio disponible en disco.<\/p>\n<p class=\"p1\"><span class=\"s1\"><b>Pantalla:<\/b><\/span> Resoluci\u00f3n de 1280 \u00d7 768 (se requiere Office de 64 bits para 4K+).<\/p>\n<p class=\"p1\"><span class=\"s1\"><b>Internet:<\/b><\/span> Necesario para la descarga, la activaci\u00f3n y las actualizaciones.<\/p>\n<p class=\"p3\"><b>Sistemas operativos compatibles (Windows):<\/b><b><\/b><\/p>\n<ul>\n<li>\n<p class=\"p1\"><span class=\"s1\"><b>Windows 11<\/b><\/span>; <span class=\"s1\"><b>Windows 10<\/b><\/span> (compatible hasta el 14 de octubre de 2025)<\/p>\n<\/li>\n<li>\n<p class=\"p1\"><span class=\"s1\"><b>Windows Server 2022<\/b><\/span> y <span class=\"s1\"><b>Windows Server 2025<\/b><\/span> (seg\u00fan la matriz de configuraci\u00f3n de Microsoft)<\/p>\n<\/li>\n<\/ul>\n<p>&nbsp;<\/p>\n","protected":false},"excerpt":{"rendered":"<p>&nbsp;<\/p>\n<p class=\"p1\"><b>Tipo de activaci\u00f3n:<br \/>\n<span class=\"s1\">\u2013 Online<\/span><\/b> \u2013 solo tienes que introducir la clave para activar (no se vincula a tu cuenta de MS)<\/p>\n<p>Esta clave solo se puede usar una vez.<\/p>\n<p><b>Entrega instant\u00e1nea por correo electr\u00f3nico (hasta 24 horas en casos excepcionales).<\/b><\/p>\n<h6>Recibir\u00e1s:<\/h6>\n<p>\u2013 Clave de activaci\u00f3n original<br \/>\n\u2013 Soporte en caso de cualquier problema de activaci\u00f3n<\/p>\n<p>Utiliza la clave dentro de los 14 d\u00edas posteriores a la entrega, una vez activada la garant\u00eda es para siempre.<\/p>\n","protected":false},"featured_media":3644,"template":"","meta":{"site-sidebar-layout":"default","site-content-layout":"","ast-site-content-layout":"default","site-content-style":"default","site-sidebar-style":"default","ast-global-header-display":"","ast-banner-title-visibility":"","ast-main-header-display":"","ast-hfb-above-header-display":"","ast-hfb-below-header-display":"","ast-hfb-mobile-header-display":"","site-post-title":"","ast-breadcrumbs-content":"","ast-featured-img":"","footer-sml-layout":"","theme-transparent-header-meta":"default","adv-header-id-meta":"","stick-header-meta":"","header-above-stick-meta":"","header-main-stick-meta":"","header-below-stick-meta":"","astra-migrate-meta-layouts":"set","ast-page-background-enabled":"default","ast-page-background-meta":{"desktop":{"background-color":"var(--ast-global-color-4)","background-image":"","background-repeat":"repeat","background-position":"center center","background-size":"auto","background-attachment":"scroll","background-type":"","background-media":"","overlay-type":"","overlay-color":"","overlay-opacity":"","overlay-gradient":""},"tablet":{"background-color":"","background-image":"","background-repeat":"repeat","background-position":"center center","background-size":"auto","background-attachment":"scroll","background-type":"","background-media":"","overlay-type":"","overlay-color":"","overlay-opacity":"","overlay-gradient":""},"mobile":{"background-color":"","background-image":"","background-repeat":"repeat","background-position":"center center","background-size":"auto","background-attachment":"scroll","background-type":"","background-media":"","overlay-type":"","overlay-color":"","overlay-opacity":"","overlay-gradient":""}},"ast-content-background-meta":{"desktop":{"background-color":"var(--ast-global-color-5)","background-image":"","background-repeat":"repeat","background-position":"center center","background-size":"auto","background-attachment":"scroll","background-type":"","background-media":"","overlay-type":"","overlay-color":"","overlay-opacity":"","overlay-gradient":""},"tablet":{"background-color":"var(--ast-global-color-5)","background-image":"","background-repeat":"repeat","background-position":"center center","background-size":"auto","background-attachment":"scroll","background-type":"","background-media":"","overlay-type":"","overlay-color":"","overlay-opacity":"","overlay-gradient":""},"mobile":{"background-color":"var(--ast-global-color-5)","background-image":"","background-repeat":"repeat","background-position":"center center","background-size":"auto","background-attachment":"scroll","background-type":"","background-media":"","overlay-type":"","overlay-color":"","overlay-opacity":"","overlay-gradient":""}}},"product_brand":[],"product_cat":[96],"product_tag":[],"class_list":{"0":"post-2336","1":"product","2":"type-product","3":"status-publish","4":"has-post-thumbnail","6":"product_cat-office","7":"desktop-align-center","8":"tablet-align-left","9":"mobile-align-left","11":"first","12":"instock","13":"virtual","14":"taxable","15":"purchasable","16":"product-type-simple"},"_links":{"self":[{"href":"https:\/\/keycode.cloud\/es\/wp-json\/wp\/v2\/product\/2336","targetHints":{"allow":["GET"]}}],"collection":[{"href":"https:\/\/keycode.cloud\/es\/wp-json\/wp\/v2\/product"}],"about":[{"href":"https:\/\/keycode.cloud\/es\/wp-json\/wp\/v2\/types\/product"}],"version-history":[{"count":3,"href":"https:\/\/keycode.cloud\/es\/wp-json\/wp\/v2\/product\/2336\/revisions"}],"predecessor-version":[{"id":3156,"href":"https:\/\/keycode.cloud\/es\/wp-json\/wp\/v2\/product\/2336\/revisions\/3156"}],"wp:featuredmedia":[{"embeddable":true,"href":"https:\/\/keycode.cloud\/es\/wp-json\/wp\/v2\/media\/3644"}],"wp:attachment":[{"href":"https:\/\/keycode.cloud\/es\/wp-json\/wp\/v2\/media?parent=2336"}],"wp:term":[{"taxonomy":"product_brand","embeddable":true,"href":"https:\/\/keycode.cloud\/es\/wp-json\/wp\/v2\/product_brand?post=2336"},{"taxonomy":"product_cat","embeddable":true,"href":"https:\/\/keycode.cloud\/es\/wp-json\/wp\/v2\/product_cat?post=2336"},{"taxonomy":"product_tag","embeddable":true,"href":"https:\/\/keycode.cloud\/es\/wp-json\/wp\/v2\/product_tag?post=2336"}],"curies":[{"name":"wp","href":"https:\/\/api.w.org\/{rel}","templated":true}]}}