{"id":2340,"date":"2024-02-18T17:01:31","date_gmt":"2024-02-18T17:01:31","guid":{"rendered":"https:\/\/keycode.cloud\/product\/office-2021-home-para-mac\/"},"modified":"2026-04-13T23:09:21","modified_gmt":"2026-04-13T23:09:21","slug":"office-2021-home-para-mac","status":"publish","type":"product","link":"https:\/\/keycode.cloud\/es\/producto\/office-2021-home-para-mac\/","title":{"rendered":"Office 2021 Home para Mac"},"content":{"rendered":"<h6>\u00bfC\u00f3mo se activa?<\/h6>\n<p><a href=\"https:\/\/keycode.cloud\/es\/guias-y-preguntas-frecuentes\/#office\">https:\/\/keycode.cloud\/faq\/#office<\/a><\/p>\n<p>Office 2021 Home &amp; Business para Mac es un paquete de productividad desarrollado por Microsoft, dise\u00f1ado espec\u00edficamente para usuarios de macOS. Este paquete incluye un conjunto de aplicaciones esenciales adaptadas tanto para tareas personales como empresariales, proporcionando a los usuarios las herramientas necesarias para crear, editar y administrar documentos, presentaciones y correos electr\u00f3nicos en sus dispositivos Mac.<\/p>\n<p>Los componentes clave de Office 2021 Home &amp; Business para Mac incluyen:<\/p>\n<ol>\n<li><strong>Microsoft Word para Mac<\/strong>: Una potente aplicaci\u00f3n de procesamiento de textos para crear y editar documentos con opciones de formato avanzadas y funciones de colaboraci\u00f3n.<\/li>\n<li><strong>Microsoft Excel para Mac<\/strong>: Una aplicaci\u00f3n de hoja de c\u00e1lculo completa para el an\u00e1lisis de datos, el c\u00e1lculo y la visualizaci\u00f3n, equipada con funciones avanzadas y herramientas de gr\u00e1ficos.<\/li>\n<li><strong>Microsoft PowerPoint para Mac<\/strong>: Un software de presentaci\u00f3n que permite a los usuarios crear presentaciones de diapositivas visualmente atractivas con elementos multimedia.<\/li>\n<li><strong>Microsoft Outlook para Mac<\/strong>: Una aplicaci\u00f3n de correo electr\u00f3nico y calendario para gestionar correos electr\u00f3nicos, citas y tareas de manera eficiente.<\/li>\n<li><strong>Microsoft OneNote para Mac<\/strong>: Una aplicaci\u00f3n digital para tomar notas, capturar y organizar ideas e informaci\u00f3n.<\/li>\n<\/ol>\n<p>Office 2021 Home &amp; Business para Mac es adecuado para usuarios que necesitan un paquete de productividad vers\u00e1til y f\u00e1cil de usar en sus dispositivos macOS. Se adapta tanto a las necesidades personales como a las empresariales, proporcionando una experiencia familiar y consistente en las diferentes aplicaciones de Office. Si bien Microsoft 365 ya se ha lanzado, Office 2021 Home &amp; Business para Mac sigue siendo una opci\u00f3n s\u00f3lida para aquellos que prefieren un modelo de compra \u00fanica.<\/p>\n<h3>Requisitos de hardware<\/h3>\n<p><strong>Procesador<\/strong>:<\/p>\n<ul>\n<li>Ordenadores Mac con procesadores Intel y Apple Silicon<\/li>\n<\/ul>\n<p><strong>RAM (memoria de acceso aleatorio)<\/strong>:<\/p>\n<ul>\n<li>4 GB de RAM<\/li>\n<\/ul>\n<p><strong>Espacio en disco duro<\/strong>:<\/p>\n<ul>\n<li>10 GB de espacio disponible en disco.<\/li>\n<\/ul>\n<p><strong>Pantalla<\/strong>:<\/p>\n<ul>\n<li>Resoluci\u00f3n de pantalla m\u00ednima de 1280\u00d7800 p\u00edxeles.<\/li>\n<\/ul>\n<p><strong>Sistema operativo<\/strong>:<\/p>\n<ul>\n<li>Al menos la tercera versi\u00f3n m\u00e1s reciente de Mac OS<\/li>\n<\/ul>\n","protected":false},"excerpt":{"rendered":"<p>&nbsp;<\/p>\n<p>Esta clave solo se puede usar una vez por cuenta de Microsoft\/Mac.<\/p>\n<p><b>Entrega instant\u00e1nea por correo electr\u00f3nico (hasta 24 horas en casos excepcionales).<\/b><\/p>\n<h6>Recibir\u00e1s:<\/h6>\n<p>\u2013 Clave de activaci\u00f3n original y \u00fanica que se vincular\u00e1 a tu cuenta de Microsoft.<br \/>\n\u2013 Soporte en caso de cualquier problema de activaci\u00f3n<\/p>\n<p>Utiliza la clave dentro de los 14 d\u00edas posteriores a la entrega, una vez activada la garant\u00eda es para siempre.<\/p>\n","protected":false},"featured_media":3662,"template":"","meta":{"site-sidebar-layout":"default","site-content-layout":"","ast-site-content-layout":"default","site-content-style":"default","site-sidebar-style":"default","ast-global-header-display":"","ast-banner-title-visibility":"","ast-main-header-display":"","ast-hfb-above-header-display":"","ast-hfb-below-header-display":"","ast-hfb-mobile-header-display":"","site-post-title":"","ast-breadcrumbs-content":"","ast-featured-img":"","footer-sml-layout":"","theme-transparent-header-meta":"default","adv-header-id-meta":"","stick-header-meta":"","header-above-stick-meta":"","header-main-stick-meta":"","header-below-stick-meta":"","astra-migrate-meta-layouts":"set","ast-page-background-enabled":"default","ast-page-background-meta":{"desktop":{"background-color":"var(--ast-global-color-4)","background-image":"","background-repeat":"repeat","background-position":"center center","background-size":"auto","background-attachment":"scroll","background-type":"","background-media":"","overlay-type":"","overlay-color":"","overlay-opacity":"","overlay-gradient":""},"tablet":{"background-color":"","background-image":"","background-repeat":"repeat","background-position":"center center","background-size":"auto","background-attachment":"scroll","background-type":"","background-media":"","overlay-type":"","overlay-color":"","overlay-opacity":"","overlay-gradient":""},"mobile":{"background-color":"","background-image":"","background-repeat":"repeat","background-position":"center center","background-size":"auto","background-attachment":"scroll","background-type":"","background-media":"","overlay-type":"","overlay-color":"","overlay-opacity":"","overlay-gradient":""}},"ast-content-background-meta":{"desktop":{"background-color":"var(--ast-global-color-5)","background-image":"","background-repeat":"repeat","background-position":"center center","background-size":"auto","background-attachment":"scroll","background-type":"","background-media":"","overlay-type":"","overlay-color":"","overlay-opacity":"","overlay-gradient":""},"tablet":{"background-color":"var(--ast-global-color-5)","background-image":"","background-repeat":"repeat","background-position":"center center","background-size":"auto","background-attachment":"scroll","background-type":"","background-media":"","overlay-type":"","overlay-color":"","overlay-opacity":"","overlay-gradient":""},"mobile":{"background-color":"var(--ast-global-color-5)","background-image":"","background-repeat":"repeat","background-position":"center center","background-size":"auto","background-attachment":"scroll","background-type":"","background-media":"","overlay-type":"","overlay-color":"","overlay-opacity":"","overlay-gradient":""}}},"product_brand":[],"product_cat":[96],"product_tag":[],"class_list":{"0":"post-2340","1":"product","2":"type-product","3":"status-publish","4":"has-post-thumbnail","6":"product_cat-office","7":"desktop-align-center","8":"tablet-align-left","9":"mobile-align-left","11":"first","12":"instock","13":"virtual","14":"taxable","15":"purchasable","16":"product-type-simple"},"_links":{"self":[{"href":"https:\/\/keycode.cloud\/es\/wp-json\/wp\/v2\/product\/2340","targetHints":{"allow":["GET"]}}],"collection":[{"href":"https:\/\/keycode.cloud\/es\/wp-json\/wp\/v2\/product"}],"about":[{"href":"https:\/\/keycode.cloud\/es\/wp-json\/wp\/v2\/types\/product"}],"version-history":[{"count":2,"href":"https:\/\/keycode.cloud\/es\/wp-json\/wp\/v2\/product\/2340\/revisions"}],"predecessor-version":[{"id":3940,"href":"https:\/\/keycode.cloud\/es\/wp-json\/wp\/v2\/product\/2340\/revisions\/3940"}],"wp:featuredmedia":[{"embeddable":true,"href":"https:\/\/keycode.cloud\/es\/wp-json\/wp\/v2\/media\/3662"}],"wp:attachment":[{"href":"https:\/\/keycode.cloud\/es\/wp-json\/wp\/v2\/media?parent=2340"}],"wp:term":[{"taxonomy":"product_brand","embeddable":true,"href":"https:\/\/keycode.cloud\/es\/wp-json\/wp\/v2\/product_brand?post=2340"},{"taxonomy":"product_cat","embeddable":true,"href":"https:\/\/keycode.cloud\/es\/wp-json\/wp\/v2\/product_cat?post=2340"},{"taxonomy":"product_tag","embeddable":true,"href":"https:\/\/keycode.cloud\/es\/wp-json\/wp\/v2\/product_tag?post=2340"}],"curies":[{"name":"wp","href":"https:\/\/api.w.org\/{rel}","templated":true}]}}