{"id":2351,"date":"2024-02-18T14:09:38","date_gmt":"2024-02-18T14:09:38","guid":{"rendered":"https:\/\/keycode.cloud\/product\/windows-8-1-pro\/"},"modified":"2026-04-13T23:10:15","modified_gmt":"2026-04-13T23:10:15","slug":"windows-8-1-pro","status":"publish","type":"product","link":"https:\/\/keycode.cloud\/es\/producto\/windows-8-1-pro\/","title":{"rendered":"Windows 8.1 Pro"},"content":{"rendered":"<h6>\u00bfC\u00f3mo se activa?<\/h6>\n<p><a href=\"https:\/\/keycode.cloud\/es\/guias-y-preguntas-frecuentes\/#windows-getcid\">https:\/\/keycode.cloud\/faq\/#windows-getcid<\/a><\/p>\n<p>Windows 8.1 Pro es un sistema operativo desarrollado por Microsoft, que sirve como una versi\u00f3n mejorada y con m\u00e1s funciones de Windows 8.1. Est\u00e1 dise\u00f1ado para satisfacer las necesidades de profesionales, peque\u00f1as empresas y usuarios avanzados, ofreciendo funciones avanzadas y mejoras de seguridad. Si bien mantiene la interfaz t\u00e1ctil introducida en Windows 8, Windows 8.1 Pro introduce mejoras y funcionalidades adicionales para una experiencia inform\u00e1tica m\u00e1s vers\u00e1til y productiva.<\/p>\n<p>Las caracter\u00edsticas clave de Windows 8.1 Pro incluyen:<\/p>\n<ul>\n<li><strong>Pantalla de inicio e interfaz de usuario moderna<\/strong>: Conserva la pantalla de inicio basada en mosaicos con actualizaciones en vivo, proporcionando una interfaz t\u00e1ctil y un dise\u00f1o personalizable.<\/li>\n<li><strong>Entorno de escritorio mejorado<\/strong>: Integraci\u00f3n mejorada entre el escritorio tradicional y la interfaz de usuario moderna, que ofrece una transici\u00f3n m\u00e1s fluida entre la entrada t\u00e1ctil y la de teclado\/rat\u00f3n.<\/li>\n<li><strong>Windows Defender y BitLocker<\/strong>: Protecci\u00f3n antivirus y antimalware integrada con Windows Defender, as\u00ed como cifrado de unidad BitLocker para mayor seguridad.<\/li>\n<li><strong>Conexi\u00f3n a Escritorio remoto<\/strong>: Permite a los usuarios conectarse a su PC o servidor de trabajo de forma remota, facilitando el acceso y la administraci\u00f3n remotos.<\/li>\n<li><strong>Uni\u00f3n a dominio y directiva de grupo<\/strong>: Admite la integraci\u00f3n en redes corporativas con la uni\u00f3n a dominio y ofrece administraci\u00f3n avanzada de directivas de grupo para administradores de TI.<\/li>\n<li><strong>Client Hyper-V<\/strong>: Proporciona capacidades de virtualizaci\u00f3n en el escritorio, lo que permite a los usuarios ejecutar m\u00e1quinas virtuales.<\/li>\n<li><strong>Windows Update<\/strong>: Permite actualizaciones autom\u00e1ticas para mantener el sistema actualizado con los \u00faltimos parches de seguridad y mejoras.<\/li>\n<li><strong>Windows Store<\/strong>: Acceso a la Windows Store para una variedad de aplicaciones, incluidas herramientas de productividad, juegos y entretenimiento.<\/li>\n<li><strong>Windows 8.1 Pro Pack<\/strong>: Una actualizaci\u00f3n opcional que permite a los usuarios pasar de Windows 8.1 a Windows 8.1 Pro, desbloqueando funciones adicionales como Media Center.<\/li>\n<\/ul>\n<p>Windows 8.1 Pro se basa en la base de Windows 8.1, abordando los comentarios de los usuarios e introduciendo caracter\u00edsticas destinadas a hacer que el sistema operativo sea m\u00e1s vers\u00e1til, seguro y adecuado para el uso profesional.<\/p>\n<h3>Requisitos de hardware<\/h3>\n<ul>\n<li><strong>Procesador<\/strong>: Procesador de 1 gigahercio (GHz) o m\u00e1s r\u00e1pido con soporte para PAE, NX y SSE2.<\/li>\n<li><strong>RAM<\/strong>: 1 gigabyte (GB) para 32 bits o 2 GB para 64 bits.<\/li>\n<li><strong>Espacio en el disco duro<\/strong>: 16 GB para SO de 32 bits o 20 GB para SO de 64 bits.<\/li>\n<li><strong>Tarjeta gr\u00e1fica<\/strong>: Dispositivo gr\u00e1fico Microsoft DirectX 9 con un controlador WDDM.<\/li>\n<\/ul>\n","protected":false},"excerpt":{"rendered":"<p>&nbsp;<\/p>\n<p class=\"p1\"><b>Tipo de activaci\u00f3n:<br \/>\n<\/b><b><\/b><span class=\"s1\">\u2013 <b>GetCID<\/b><\/span> \u2013 clave + ID de confirmaci\u00f3n (activaci\u00f3n sin conexi\u00f3n)<\/p>\n<p>Esta clave solo se puede usar una vez por PC\/placa base.<\/p>\n<p><b>Entrega instant\u00e1nea por correo electr\u00f3nico (hasta 24 horas en casos excepcionales).<\/b><\/p>\n<h6>Recibir\u00e1s:<\/h6>\n<p>\u2013 Clave de activaci\u00f3n original y \u00fanica<br \/>\n\u2013 Soporte en caso de cualquier problema de activaci\u00f3n<\/p>\n<p>Utiliza la clave dentro de los 14 d\u00edas posteriores a la entrega, una vez activada la garant\u00eda es para siempre.<\/p>\n","protected":false},"featured_media":3728,"template":"","meta":{"site-sidebar-layout":"default","site-content-layout":"","ast-site-content-layout":"default","site-content-style":"default","site-sidebar-style":"default","ast-global-header-display":"","ast-banner-title-visibility":"","ast-main-header-display":"","ast-hfb-above-header-display":"","ast-hfb-below-header-display":"","ast-hfb-mobile-header-display":"","site-post-title":"","ast-breadcrumbs-content":"","ast-featured-img":"","footer-sml-layout":"","theme-transparent-header-meta":"default","adv-header-id-meta":"","stick-header-meta":"","header-above-stick-meta":"","header-main-stick-meta":"","header-below-stick-meta":"","astra-migrate-meta-layouts":"set","ast-page-background-enabled":"default","ast-page-background-meta":{"desktop":{"background-color":"var(--ast-global-color-4)","background-image":"","background-repeat":"repeat","background-position":"center center","background-size":"auto","background-attachment":"scroll","background-type":"","background-media":"","overlay-type":"","overlay-color":"","overlay-opacity":"","overlay-gradient":""},"tablet":{"background-color":"","background-image":"","background-repeat":"repeat","background-position":"center center","background-size":"auto","background-attachment":"scroll","background-type":"","background-media":"","overlay-type":"","overlay-color":"","overlay-opacity":"","overlay-gradient":""},"mobile":{"background-color":"","background-image":"","background-repeat":"repeat","background-position":"center center","background-size":"auto","background-attachment":"scroll","background-type":"","background-media":"","overlay-type":"","overlay-color":"","overlay-opacity":"","overlay-gradient":""}},"ast-content-background-meta":{"desktop":{"background-color":"var(--ast-global-color-5)","background-image":"","background-repeat":"repeat","background-position":"center center","background-size":"auto","background-attachment":"scroll","background-type":"","background-media":"","overlay-type":"","overlay-color":"","overlay-opacity":"","overlay-gradient":""},"tablet":{"background-color":"var(--ast-global-color-5)","background-image":"","background-repeat":"repeat","background-position":"center center","background-size":"auto","background-attachment":"scroll","background-type":"","background-media":"","overlay-type":"","overlay-color":"","overlay-opacity":"","overlay-gradient":""},"mobile":{"background-color":"var(--ast-global-color-5)","background-image":"","background-repeat":"repeat","background-position":"center center","background-size":"auto","background-attachment":"scroll","background-type":"","background-media":"","overlay-type":"","overlay-color":"","overlay-opacity":"","overlay-gradient":""}}},"product_brand":[],"product_cat":[97],"product_tag":[],"class_list":{"0":"post-2351","1":"product","2":"type-product","3":"status-publish","4":"has-post-thumbnail","6":"product_cat-windows","7":"desktop-align-center","8":"tablet-align-left","9":"mobile-align-left","11":"first","12":"instock","13":"virtual","14":"taxable","15":"purchasable","16":"product-type-simple"},"_links":{"self":[{"href":"https:\/\/keycode.cloud\/es\/wp-json\/wp\/v2\/product\/2351","targetHints":{"allow":["GET"]}}],"collection":[{"href":"https:\/\/keycode.cloud\/es\/wp-json\/wp\/v2\/product"}],"about":[{"href":"https:\/\/keycode.cloud\/es\/wp-json\/wp\/v2\/types\/product"}],"version-history":[{"count":2,"href":"https:\/\/keycode.cloud\/es\/wp-json\/wp\/v2\/product\/2351\/revisions"}],"predecessor-version":[{"id":3943,"href":"https:\/\/keycode.cloud\/es\/wp-json\/wp\/v2\/product\/2351\/revisions\/3943"}],"wp:featuredmedia":[{"embeddable":true,"href":"https:\/\/keycode.cloud\/es\/wp-json\/wp\/v2\/media\/3728"}],"wp:attachment":[{"href":"https:\/\/keycode.cloud\/es\/wp-json\/wp\/v2\/media?parent=2351"}],"wp:term":[{"taxonomy":"product_brand","embeddable":true,"href":"https:\/\/keycode.cloud\/es\/wp-json\/wp\/v2\/product_brand?post=2351"},{"taxonomy":"product_cat","embeddable":true,"href":"https:\/\/keycode.cloud\/es\/wp-json\/wp\/v2\/product_cat?post=2351"},{"taxonomy":"product_tag","embeddable":true,"href":"https:\/\/keycode.cloud\/es\/wp-json\/wp\/v2\/product_tag?post=2351"}],"curies":[{"name":"wp","href":"https:\/\/api.w.org\/{rel}","templated":true}]}}