{"id":2355,"date":"2024-02-18T13:58:42","date_gmt":"2024-02-18T13:58:42","guid":{"rendered":"https:\/\/keycode.cloud\/product\/windows-10-pro\/"},"modified":"2026-04-13T23:10:48","modified_gmt":"2026-04-13T23:10:48","slug":"windows-10-pro","status":"publish","type":"product","link":"https:\/\/keycode.cloud\/es\/producto\/windows-10-pro\/","title":{"rendered":"Windows 10 Pro"},"content":{"rendered":"<h6>\u00bfC\u00f3mo se activa?<\/h6>\n<p>\u2013 online: <a href=\"https:\/\/keycode.cloud\/es\/guias-y-preguntas-frecuentes\/#windows\">https:\/\/keycode.cloud\/faq\/#windows<\/a><\/p>\n<h6>\u00bfQuieres pasar de la edici\u00f3n Home a la Pro?<\/h6>\n<p><a href=\"https:\/\/keycode.cloud\/es\/guias-y-preguntas-frecuentes\/#windows-upgrade\">https:\/\/keycode.cloud\/faq\/#windows-upgrade<\/a><\/p>\n<p>Windows 10 Pro es un sistema operativo potente y vers\u00e1til de Microsoft, dise\u00f1ado para profesionales y usuarios empresariales que necesitan funciones y caracter\u00edsticas avanzadas para satisfacer sus necesidades inform\u00e1ticas. Bas\u00e1ndose en la s\u00f3lida base de Windows 10 Home, la versi\u00f3n Pro a\u00f1ade varias caracter\u00edsticas clave dise\u00f1adas para satisfacer las necesidades de las empresas y los usuarios avanzados, ofreciendo opciones mejoradas de seguridad, gesti\u00f3n y conectividad.<\/p>\n<p>Las caracter\u00edsticas clave de Windows 10 Pro incluyen:<\/p>\n<ul>\n<li><strong>Cifrado de dispositivos BitLocker<\/strong>: Proporciona un potente cifrado para proteger los datos, ofreciendo protecci\u00f3n en caso de robo o exposici\u00f3n del dispositivo.<\/li>\n<li><strong>Escritorio remoto<\/strong>: Permite a los usuarios conectarse y controlar su PC desde otro dispositivo a trav\u00e9s de Internet, proporcionando flexibilidad para el trabajo remoto.<\/li>\n<li><strong>Windows Information Protection (WIP)<\/strong>: Ayuda a proteger contra posibles fugas de datos sin interferir con la experiencia del empleado.<\/li>\n<li><strong>Hyper-V<\/strong>: Ofrece la capacidad de ejecutar m\u00e1quinas virtuales, lo que permite a los usuarios ejecutar varios sistemas operativos simult\u00e1neamente en el mismo PC.<\/li>\n<li><strong>Acceso asignado<\/strong>: Permite a un administrador restringir un dispositivo Windows 10 para que ejecute una sola aplicaci\u00f3n o un conjunto espec\u00edfico de aplicaciones, ideal para quioscos y entornos minoristas.<\/li>\n<li><strong>Uni\u00f3n a un dominio y uni\u00f3n a Azure AD<\/strong>: Facilita la integraci\u00f3n con el dominio de una empresa o con Azure Active Directory, lo que permite una conectividad de red y una gesti\u00f3n de acceso perfectas.<\/li>\n<li><strong>Administraci\u00f3n de directivas de grupo<\/strong>: Proporciona herramientas de administraci\u00f3n integrales para que los profesionales de TI controlen la configuraci\u00f3n de los usuarios y apliquen las pol\u00edticas de TI en todos los dispositivos.<\/li>\n<li><strong>Windows Update para empresas<\/strong>: Permite a los profesionales de TI gestionar cu\u00e1ndo reciben las actualizaciones los dispositivos, adem\u00e1s de acceso directo a las actualizaciones de seguridad y caracter\u00edsticas.<\/li>\n<li><strong>Microsoft Store para empresas<\/strong>: Ofrece aplicaciones y soporte espec\u00edficos para empresas, lo que permite a las empresas adaptar sus aplicaciones de software para satisfacer sus necesidades espec\u00edficas.<\/li>\n<\/ul>\n<p>Windows 10 Pro est\u00e1 dise\u00f1ado para proporcionar un sistema operativo m\u00e1s seguro y f\u00e1cil de usar para las empresas que sea compatible con las \u00faltimas tecnolog\u00edas de hardware, incluidas las pantallas t\u00e1ctiles, las entradas de l\u00e1piz y el reconocimiento facial o de huellas dactilares para la seguridad (Windows Hello). Su compatibilidad con una amplia gama de software y hardware lo convierte en una opci\u00f3n vers\u00e1til tanto para peque\u00f1as empresas como para grandes empresas.<\/p>\n<h3>Requisitos de hardware<\/h3>\n<ul>\n<li><strong>Procesador<\/strong>: Procesador de 1 gigahercio (GHz) o m\u00e1s r\u00e1pido o SoC.<\/li>\n<li><strong>RAM<\/strong>: 1 gigabyte (GB) para 32 bits o 2 GB para 64 bits.<\/li>\n<li><strong>Espacio en el disco duro<\/strong>: 16 GB para el sistema operativo de 32 bits o 32 GB para el sistema operativo de 64 bits.<\/li>\n<li><strong>Tarjeta gr\u00e1fica<\/strong>: DirectX 9 o posterior con controlador WDDM 1.0.<\/li>\n<li><strong>Pantalla<\/strong>: Resoluci\u00f3n de 800&#215;600 o superior.<\/li>\n<li><strong>Conexi\u00f3n a Internet<\/strong>: Es necesaria la conectividad a Internet para realizar actualizaciones y para descargar y utilizar algunas funciones.<\/li>\n<\/ul>\n","protected":false},"excerpt":{"rendered":"<p>&nbsp;<\/p>\n<p class=\"p1\"><b>Tipo de activaci\u00f3n:<br \/>\n<span class=\"s1\">\u2013 Online<\/span> \u2013 <\/b>simplemente introduce la clave para activar<\/p>\n<p>Esta clave solo se puede usar una vez por PC\/placa base.<\/p>\n<p><b>Entrega instant\u00e1nea por correo electr\u00f3nico (hasta 24 horas en casos excepcionales).<\/b><\/p>\n<h6>Recibir\u00e1s:<\/h6>\n<p>\u2013 Clave de activaci\u00f3n original y \u00fanica<br \/>\n\u2013 Soporte en caso de cualquier problema de activaci\u00f3n<\/p>\n<p>Utiliza la clave dentro de los 14 d\u00edas posteriores a la entrega, una vez activada la garant\u00eda es para siempre.<\/p>\n","protected":false},"featured_media":3686,"template":"","meta":{"site-sidebar-layout":"default","site-content-layout":"","ast-site-content-layout":"default","site-content-style":"default","site-sidebar-style":"default","ast-global-header-display":"","ast-banner-title-visibility":"","ast-main-header-display":"","ast-hfb-above-header-display":"","ast-hfb-below-header-display":"","ast-hfb-mobile-header-display":"","site-post-title":"","ast-breadcrumbs-content":"","ast-featured-img":"","footer-sml-layout":"","theme-transparent-header-meta":"default","adv-header-id-meta":"","stick-header-meta":"","header-above-stick-meta":"","header-main-stick-meta":"","header-below-stick-meta":"","astra-migrate-meta-layouts":"set","ast-page-background-enabled":"default","ast-page-background-meta":{"desktop":{"background-color":"var(--ast-global-color-4)","background-image":"","background-repeat":"repeat","background-position":"center center","background-size":"auto","background-attachment":"scroll","background-type":"","background-media":"","overlay-type":"","overlay-color":"","overlay-opacity":"","overlay-gradient":""},"tablet":{"background-color":"","background-image":"","background-repeat":"repeat","background-position":"center center","background-size":"auto","background-attachment":"scroll","background-type":"","background-media":"","overlay-type":"","overlay-color":"","overlay-opacity":"","overlay-gradient":""},"mobile":{"background-color":"","background-image":"","background-repeat":"repeat","background-position":"center center","background-size":"auto","background-attachment":"scroll","background-type":"","background-media":"","overlay-type":"","overlay-color":"","overlay-opacity":"","overlay-gradient":""}},"ast-content-background-meta":{"desktop":{"background-color":"var(--ast-global-color-5)","background-image":"","background-repeat":"repeat","background-position":"center center","background-size":"auto","background-attachment":"scroll","background-type":"","background-media":"","overlay-type":"","overlay-color":"","overlay-opacity":"","overlay-gradient":""},"tablet":{"background-color":"var(--ast-global-color-5)","background-image":"","background-repeat":"repeat","background-position":"center center","background-size":"auto","background-attachment":"scroll","background-type":"","background-media":"","overlay-type":"","overlay-color":"","overlay-opacity":"","overlay-gradient":""},"mobile":{"background-color":"var(--ast-global-color-5)","background-image":"","background-repeat":"repeat","background-position":"center center","background-size":"auto","background-attachment":"scroll","background-type":"","background-media":"","overlay-type":"","overlay-color":"","overlay-opacity":"","overlay-gradient":""}}},"product_brand":[],"product_cat":[97],"product_tag":[],"class_list":{"0":"post-2355","1":"product","2":"type-product","3":"status-publish","4":"has-post-thumbnail","6":"product_cat-windows","7":"desktop-align-center","8":"tablet-align-left","9":"mobile-align-left","11":"first","12":"instock","13":"virtual","14":"taxable","15":"purchasable","16":"product-type-simple"},"_links":{"self":[{"href":"https:\/\/keycode.cloud\/es\/wp-json\/wp\/v2\/product\/2355","targetHints":{"allow":["GET"]}}],"collection":[{"href":"https:\/\/keycode.cloud\/es\/wp-json\/wp\/v2\/product"}],"about":[{"href":"https:\/\/keycode.cloud\/es\/wp-json\/wp\/v2\/types\/product"}],"version-history":[{"count":5,"href":"https:\/\/keycode.cloud\/es\/wp-json\/wp\/v2\/product\/2355\/revisions"}],"predecessor-version":[{"id":3944,"href":"https:\/\/keycode.cloud\/es\/wp-json\/wp\/v2\/product\/2355\/revisions\/3944"}],"wp:featuredmedia":[{"embeddable":true,"href":"https:\/\/keycode.cloud\/es\/wp-json\/wp\/v2\/media\/3686"}],"wp:attachment":[{"href":"https:\/\/keycode.cloud\/es\/wp-json\/wp\/v2\/media?parent=2355"}],"wp:term":[{"taxonomy":"product_brand","embeddable":true,"href":"https:\/\/keycode.cloud\/es\/wp-json\/wp\/v2\/product_brand?post=2355"},{"taxonomy":"product_cat","embeddable":true,"href":"https:\/\/keycode.cloud\/es\/wp-json\/wp\/v2\/product_cat?post=2355"},{"taxonomy":"product_tag","embeddable":true,"href":"https:\/\/keycode.cloud\/es\/wp-json\/wp\/v2\/product_tag?post=2355"}],"curies":[{"name":"wp","href":"https:\/\/api.w.org\/{rel}","templated":true}]}}