{"id":2357,"date":"2024-02-18T16:41:23","date_gmt":"2024-02-18T16:41:23","guid":{"rendered":"https:\/\/keycode.cloud\/product\/office-2019-pro-plus-para-windows\/"},"modified":"2026-04-13T22:38:20","modified_gmt":"2026-04-13T22:38:20","slug":"office-2019-pro-plus-para-windows","status":"publish","type":"product","link":"https:\/\/keycode.cloud\/es\/producto\/office-2019-pro-plus-para-windows\/","title":{"rendered":"Office 2019 Pro Plus para Windows"},"content":{"rendered":"<h6>\u00bfC\u00f3mo se activa?<\/h6>\n<p>\u2013 <a href=\"https:\/\/keycode.cloud\/es\/guias-y-preguntas-frecuentes\/#office-getcid\">https:\/\/keycode.cloud\/faq\/#office-getcid<\/a><\/p>\n<p>&nbsp;<\/p>\n<p>Office 2019 Professional Plus es un paquete de productividad desarrollado por Microsoft, que ofrece un conjunto completo de aplicaciones para uso empresarial, profesional y personal. Incluye herramientas esenciales para la creaci\u00f3n de documentos, la comunicaci\u00f3n y la colaboraci\u00f3n, lo que garantiza que los usuarios tengan los recursos necesarios para ser productivos y eficientes.<\/p>\n<p>Los componentes clave de Office 2019 Professional Plus incluyen:<\/p>\n<ol>\n<li><strong>Microsoft Word<\/strong>: Una potente aplicaci\u00f3n de procesamiento de textos para crear y editar documentos con varias opciones de formato.<\/li>\n<li><strong>Microsoft Excel<\/strong>: Una aplicaci\u00f3n de hoja de c\u00e1lculo para el an\u00e1lisis de datos, el c\u00e1lculo y la visualizaci\u00f3n con funciones avanzadas como tablas din\u00e1micas y gr\u00e1ficos.<\/li>\n<li><strong>Microsoft PowerPoint<\/strong>: Un software de presentaci\u00f3n que permite a los usuarios crear presentaciones de diapositivas visualmente atractivas con elementos multimedia.<\/li>\n<li><strong>Microsoft Outlook<\/strong>: Una aplicaci\u00f3n de correo electr\u00f3nico y calendario para gestionar comunicaciones, citas y tareas.<\/li>\n<li><strong>Microsoft Access<\/strong>: Un sistema de gesti\u00f3n de bases de datos para crear y gestionar bases de datos.<\/li>\n<li><strong>Microsoft Publisher<\/strong>: Una aplicaci\u00f3n de autoedici\u00f3n para dise\u00f1ar y publicar materiales de marketing de calidad profesional.<\/li>\n<li><strong>Microsoft OneNote<\/strong>: Una aplicaci\u00f3n digital para tomar notas, capturar y organizar ideas e informaci\u00f3n.<\/li>\n<li><strong>Microsoft Skype for Business<\/strong>: Una plataforma de comunicaci\u00f3n integrada para mensajer\u00eda en tiempo real, videoconferencias y reuniones en l\u00ednea.<\/li>\n<\/ol>\n<p>Office 2019 Professional Plus est\u00e1 dise\u00f1ado para usuarios que prefieren una compra \u00fanica en lugar de un modelo basado en suscripci\u00f3n. Proporciona las \u00faltimas funciones y mejoras disponibles en el momento del lanzamiento, ofreciendo un conjunto de herramientas estable y fiable para diversas necesidades profesionales y personales.<\/p>\n<h3>Requisitos de hardware<\/h3>\n<p><strong>Procesador<\/strong>:<\/p>\n<ul>\n<li>Procesador de 2 n\u00facleos a 1,6 gigahercios (GHz) o m\u00e1s r\u00e1pido.<\/li>\n<\/ul>\n<p><strong>RAM (memoria de acceso aleatorio)<\/strong>:<\/p>\n<ul>\n<li>4 GB de RAM (64 bits).<\/li>\n<\/ul>\n<p><strong>Espacio en disco duro<\/strong>:<\/p>\n<ul>\n<li>4 GB de espacio disponible en disco.<\/li>\n<\/ul>\n<p><strong>Pantalla<\/strong>:<\/p>\n<ul>\n<li>Resoluci\u00f3n de pantalla de 1280 x 768.<\/li>\n<\/ul>\n<p><strong>Gr\u00e1ficos<\/strong>:<\/p>\n<ul>\n<li>La aceleraci\u00f3n de hardware de gr\u00e1ficos requiere DirectX 9 o posterior con WDDM 2.0 o superior para Windows 10 (o WDDM 1.3 o superior para Windows 7 o Windows 8.1).<\/li>\n<\/ul>\n<p><strong>Sistema operativo<\/strong>:<\/p>\n<ul>\n<li>Windows 10, Windows Server 2019 o Windows Server 2016.<\/li>\n<\/ul>\n<p><strong>Requisitos adicionales del sistema<\/strong>:<\/p>\n<ul>\n<li>Se requiere una conexi\u00f3n a Internet compatible para la descarga y activaci\u00f3n de las aplicaciones de Office.<\/li>\n<li>Algunas funciones pueden requerir que tambi\u00e9n est\u00e9n instalados .NET 3.5 o 4.6 y versiones posteriores.<\/li>\n<\/ul>\n","protected":false},"excerpt":{"rendered":"<p class=\"p1\">\n<p>Esta clave solo se puede usar una vez por cuenta de Office.<\/p>\n<p><b>Entrega instant\u00e1nea por correo electr\u00f3nico (hasta 24 horas en casos excepcionales).<\/b><\/p>\n<h6>Recibir\u00e1s:<\/h6>\n<p>\u2013 Clave de activaci\u00f3n original<br \/>\n\u2013 Soporte en caso de cualquier problema de activaci\u00f3n<\/p>\n<p>Utiliza la clave dentro de los 14 d\u00edas posteriores a la entrega, una vez activada la garant\u00eda es para siempre.<\/p>\n","protected":false},"featured_media":3680,"template":"","meta":{"site-sidebar-layout":"default","site-content-layout":"","ast-site-content-layout":"default","site-content-style":"default","site-sidebar-style":"default","ast-global-header-display":"","ast-banner-title-visibility":"","ast-main-header-display":"","ast-hfb-above-header-display":"","ast-hfb-below-header-display":"","ast-hfb-mobile-header-display":"","site-post-title":"","ast-breadcrumbs-content":"","ast-featured-img":"","footer-sml-layout":"","theme-transparent-header-meta":"default","adv-header-id-meta":"","stick-header-meta":"","header-above-stick-meta":"","header-main-stick-meta":"","header-below-stick-meta":"","astra-migrate-meta-layouts":"set","ast-page-background-enabled":"default","ast-page-background-meta":{"desktop":{"background-color":"var(--ast-global-color-4)","background-image":"","background-repeat":"repeat","background-position":"center center","background-size":"auto","background-attachment":"scroll","background-type":"","background-media":"","overlay-type":"","overlay-color":"","overlay-opacity":"","overlay-gradient":""},"tablet":{"background-color":"","background-image":"","background-repeat":"repeat","background-position":"center center","background-size":"auto","background-attachment":"scroll","background-type":"","background-media":"","overlay-type":"","overlay-color":"","overlay-opacity":"","overlay-gradient":""},"mobile":{"background-color":"","background-image":"","background-repeat":"repeat","background-position":"center center","background-size":"auto","background-attachment":"scroll","background-type":"","background-media":"","overlay-type":"","overlay-color":"","overlay-opacity":"","overlay-gradient":""}},"ast-content-background-meta":{"desktop":{"background-color":"var(--ast-global-color-5)","background-image":"","background-repeat":"repeat","background-position":"center center","background-size":"auto","background-attachment":"scroll","background-type":"","background-media":"","overlay-type":"","overlay-color":"","overlay-opacity":"","overlay-gradient":""},"tablet":{"background-color":"var(--ast-global-color-5)","background-image":"","background-repeat":"repeat","background-position":"center center","background-size":"auto","background-attachment":"scroll","background-type":"","background-media":"","overlay-type":"","overlay-color":"","overlay-opacity":"","overlay-gradient":""},"mobile":{"background-color":"var(--ast-global-color-5)","background-image":"","background-repeat":"repeat","background-position":"center center","background-size":"auto","background-attachment":"scroll","background-type":"","background-media":"","overlay-type":"","overlay-color":"","overlay-opacity":"","overlay-gradient":""}}},"product_brand":[],"product_cat":[22],"product_tag":[],"class_list":{"0":"post-2357","1":"product","2":"type-product","3":"status-publish","4":"has-post-thumbnail","6":"product_cat-office","7":"desktop-align-center","8":"tablet-align-left","9":"mobile-align-left","11":"first","12":"instock","13":"virtual","14":"taxable","15":"purchasable","16":"product-type-simple"},"_links":{"self":[{"href":"https:\/\/keycode.cloud\/es\/wp-json\/wp\/v2\/product\/2357","targetHints":{"allow":["GET"]}}],"collection":[{"href":"https:\/\/keycode.cloud\/es\/wp-json\/wp\/v2\/product"}],"about":[{"href":"https:\/\/keycode.cloud\/es\/wp-json\/wp\/v2\/types\/product"}],"version-history":[{"count":3,"href":"https:\/\/keycode.cloud\/es\/wp-json\/wp\/v2\/product\/2357\/revisions"}],"predecessor-version":[{"id":3920,"href":"https:\/\/keycode.cloud\/es\/wp-json\/wp\/v2\/product\/2357\/revisions\/3920"}],"wp:featuredmedia":[{"embeddable":true,"href":"https:\/\/keycode.cloud\/es\/wp-json\/wp\/v2\/media\/3680"}],"wp:attachment":[{"href":"https:\/\/keycode.cloud\/es\/wp-json\/wp\/v2\/media?parent=2357"}],"wp:term":[{"taxonomy":"product_brand","embeddable":true,"href":"https:\/\/keycode.cloud\/es\/wp-json\/wp\/v2\/product_brand?post=2357"},{"taxonomy":"product_cat","embeddable":true,"href":"https:\/\/keycode.cloud\/es\/wp-json\/wp\/v2\/product_cat?post=2357"},{"taxonomy":"product_tag","embeddable":true,"href":"https:\/\/keycode.cloud\/es\/wp-json\/wp\/v2\/product_tag?post=2357"}],"curies":[{"name":"wp","href":"https:\/\/api.w.org\/{rel}","templated":true}]}}