{"id":2359,"date":"2024-02-17T20:37:04","date_gmt":"2024-02-17T20:37:04","guid":{"rendered":"https:\/\/keycode.cloud\/product\/windows-11-pro\/"},"modified":"2026-04-13T23:11:21","modified_gmt":"2026-04-13T23:11:21","slug":"windows-11-pro","status":"publish","type":"product","link":"https:\/\/keycode.cloud\/es\/producto\/windows-11-pro\/","title":{"rendered":"Windows 11 Pro"},"content":{"rendered":"<h6>\u00bfC\u00f3mo se activa?<\/h6>\n<p>\u2013 online: <a href=\"https:\/\/keycode.cloud\/es\/guias-y-preguntas-frecuentes\/#windows\">https:\/\/keycode.cloud\/faq\/#windows<\/a><\/p>\n<p>&nbsp;<\/p>\n<h6>\u00bfQuieres pasar de la edici\u00f3n Home a la Pro?<\/h6>\n<p><a href=\"https:\/\/keycode.cloud\/es\/guias-y-preguntas-frecuentes\/#windows-upgrade\">https:\/\/keycode.cloud\/faq\/#windows-upgrade<\/a><\/p>\n<p>Windows 11 Pro es la edici\u00f3n profesional del \u00faltimo sistema operativo de Microsoft, dise\u00f1ado para satisfacer las necesidades de empresas, negocios y usuarios avanzados. Basado en Windows 10, Windows 11 Pro presenta una interfaz visualmente renovada y moderna con funciones de productividad mejoradas. Se centra en proporcionar una experiencia inform\u00e1tica segura, optimizada y colaborativa, integr\u00e1ndose perfectamente con Microsoft 365 y ofreciendo herramientas avanzadas para la gesti\u00f3n y la seguridad.<\/p>\n<p>Las caracter\u00edsticas clave de Windows 11 Pro incluyen:<\/p>\n<ul>\n<li><strong>Redise\u00f1o del men\u00fa Inicio y la barra de tareas<\/strong>: Un men\u00fa Inicio centrado, una barra de tareas actualizada e iconos del sistema redise\u00f1ados para una apariencia fresca y moderna.<\/li>\n<li><strong>Dise\u00f1os de ajuste y grupos de ajuste mejorados<\/strong>: Gesti\u00f3n de ventanas mejorada para la multitarea, lo que permite a los usuarios organizar y navegar por las aplicaciones abiertas de forma m\u00e1s eficiente.<\/li>\n<li><strong>Integraci\u00f3n de Microsoft Teams<\/strong>: Integraci\u00f3n directa de Microsoft Teams en la barra de tareas para una comunicaci\u00f3n y colaboraci\u00f3n fluidas.<\/li>\n<li><strong>DirectX 12 Ultimate y Auto HDR<\/strong>: Tecnolog\u00edas gr\u00e1ficas avanzadas para una experiencia de juego superior.<\/li>\n<li><strong>Escritorios virtuales<\/strong>: Funcionalidad de escritorio virtual mejorada para una mejor organizaci\u00f3n y multitarea.<\/li>\n<li><strong>Windows Hello<\/strong>: Opciones de autenticaci\u00f3n biom\u00e9trica, incluido el reconocimiento facial y el escaneo de huellas dactilares para inicios de sesi\u00f3n seguros.<\/li>\n<li><strong>Cifrado de unidad BitLocker y Protecci\u00f3n de informaci\u00f3n de Windows<\/strong>: Funciones de seguridad avanzadas para proteger los datos y garantizar el cumplimiento.<\/li>\n<li><strong>Escritorio remoto e Hyper-V<\/strong>: Herramientas mejoradas para la gesti\u00f3n remota y la virtualizaci\u00f3n.<\/li>\n<li><strong>Compatibilidad con aplicaciones de Android<\/strong>: Acceso a una amplia gama de aplicaciones de Android a trav\u00e9s de Microsoft Store.<\/li>\n<\/ul>\n<p>Windows 11 Pro est\u00e1 optimizado para hardware moderno y dise\u00f1ado para ofrecer un entorno inform\u00e1tico seguro, colaborativo y eficiente. Su objetivo es proporcionar funciones avanzadas para profesionales y empresas, combinando una interfaz visualmente atractiva con s\u00f3lidas capacidades de seguridad y gesti\u00f3n.<\/p>\n<h3>Requisitos de hardware<\/h3>\n<ul>\n<li><b>Procesador<\/b>: 1 gigahercio (GHz) o m\u00e1s r\u00e1pido con al menos dos n\u00facleos en un procesador de 64 bits compatible o sistema en un chip (SoC).<\/li>\n<li><b>RAM<\/b>: 4 gigabytes (GB) o m\u00e1s.<\/li>\n<li><b>Almacenamiento<\/b>: Dispositivo de almacenamiento de 64 GB o m\u00e1s grande.<\/li>\n<li><b>Firmware del sistema<\/b>: UEFI, compatible con Arranque seguro.<\/li>\n<li><b>TPM<\/b>: M\u00f3dulo de plataforma segura (TPM) versi\u00f3n 2.0.<\/li>\n<li><b>Tarjeta gr\u00e1fica<\/b>: Gr\u00e1ficos compatibles con DirectX 12 \/ WDDM 2.x.<\/li>\n<li><b>Pantalla<\/b>: &gt;9\u201d con resoluci\u00f3n HD (720p).<\/li>\n<li><b>Conexi\u00f3n a Internet<\/b>: Es necesaria la conectividad a Internet para realizar actualizaciones y para descargar y aprovechar algunas funciones.<\/li>\n<\/ul>\n","protected":false},"excerpt":{"rendered":"<p>&nbsp;<\/p>\n<p class=\"p1\"><b>Tipo de activaci\u00f3n:<br \/>\n<span class=\"s1\">\u2013 Online<\/span> \u2013 <\/b>simplemente introduce la clave para activar<\/p>\n<p>Esta clave solo se puede usar una vez por PC\/placa base.<\/p>\n<p><b>Entrega instant\u00e1nea por correo electr\u00f3nico (hasta 24 horas en casos excepcionales).<\/b><\/p>\n<h6>Recibir\u00e1s:<\/h6>\n<p>\u2013 Clave de activaci\u00f3n original y \u00fanica<br \/>\n\u2013 Soporte en caso de cualquier problema de activaci\u00f3n<\/p>\n<p>Utiliza la clave dentro de los 14 d\u00edas posteriores a la entrega, una vez activada la garant\u00eda es para siempre.<\/p>\n","protected":false},"featured_media":3692,"template":"","meta":{"site-sidebar-layout":"default","site-content-layout":"","ast-site-content-layout":"default","site-content-style":"default","site-sidebar-style":"default","ast-global-header-display":"","ast-banner-title-visibility":"","ast-main-header-display":"","ast-hfb-above-header-display":"","ast-hfb-below-header-display":"","ast-hfb-mobile-header-display":"","site-post-title":"","ast-breadcrumbs-content":"","ast-featured-img":"","footer-sml-layout":"","theme-transparent-header-meta":"default","adv-header-id-meta":"","stick-header-meta":"","header-above-stick-meta":"","header-main-stick-meta":"","header-below-stick-meta":"","astra-migrate-meta-layouts":"set","ast-page-background-enabled":"default","ast-page-background-meta":{"desktop":{"background-color":"var(--ast-global-color-4)","background-image":"","background-repeat":"repeat","background-position":"center center","background-size":"auto","background-attachment":"scroll","background-type":"","background-media":"","overlay-type":"","overlay-color":"","overlay-opacity":"","overlay-gradient":""},"tablet":{"background-color":"","background-image":"","background-repeat":"repeat","background-position":"center center","background-size":"auto","background-attachment":"scroll","background-type":"","background-media":"","overlay-type":"","overlay-color":"","overlay-opacity":"","overlay-gradient":""},"mobile":{"background-color":"","background-image":"","background-repeat":"repeat","background-position":"center center","background-size":"auto","background-attachment":"scroll","background-type":"","background-media":"","overlay-type":"","overlay-color":"","overlay-opacity":"","overlay-gradient":""}},"ast-content-background-meta":{"desktop":{"background-color":"var(--ast-global-color-5)","background-image":"","background-repeat":"repeat","background-position":"center center","background-size":"auto","background-attachment":"scroll","background-type":"","background-media":"","overlay-type":"","overlay-color":"","overlay-opacity":"","overlay-gradient":""},"tablet":{"background-color":"var(--ast-global-color-5)","background-image":"","background-repeat":"repeat","background-position":"center center","background-size":"auto","background-attachment":"scroll","background-type":"","background-media":"","overlay-type":"","overlay-color":"","overlay-opacity":"","overlay-gradient":""},"mobile":{"background-color":"var(--ast-global-color-5)","background-image":"","background-repeat":"repeat","background-position":"center center","background-size":"auto","background-attachment":"scroll","background-type":"","background-media":"","overlay-type":"","overlay-color":"","overlay-opacity":"","overlay-gradient":""}}},"product_brand":[],"product_cat":[97],"product_tag":[],"class_list":{"0":"post-2359","1":"product","2":"type-product","3":"status-publish","4":"has-post-thumbnail","6":"product_cat-windows","7":"desktop-align-center","8":"tablet-align-left","9":"mobile-align-left","11":"first","12":"instock","13":"virtual","14":"taxable","15":"purchasable","16":"product-type-simple"},"_links":{"self":[{"href":"https:\/\/keycode.cloud\/es\/wp-json\/wp\/v2\/product\/2359","targetHints":{"allow":["GET"]}}],"collection":[{"href":"https:\/\/keycode.cloud\/es\/wp-json\/wp\/v2\/product"}],"about":[{"href":"https:\/\/keycode.cloud\/es\/wp-json\/wp\/v2\/types\/product"}],"version-history":[{"count":6,"href":"https:\/\/keycode.cloud\/es\/wp-json\/wp\/v2\/product\/2359\/revisions"}],"predecessor-version":[{"id":3945,"href":"https:\/\/keycode.cloud\/es\/wp-json\/wp\/v2\/product\/2359\/revisions\/3945"}],"wp:featuredmedia":[{"embeddable":true,"href":"https:\/\/keycode.cloud\/es\/wp-json\/wp\/v2\/media\/3692"}],"wp:attachment":[{"href":"https:\/\/keycode.cloud\/es\/wp-json\/wp\/v2\/media?parent=2359"}],"wp:term":[{"taxonomy":"product_brand","embeddable":true,"href":"https:\/\/keycode.cloud\/es\/wp-json\/wp\/v2\/product_brand?post=2359"},{"taxonomy":"product_cat","embeddable":true,"href":"https:\/\/keycode.cloud\/es\/wp-json\/wp\/v2\/product_cat?post=2359"},{"taxonomy":"product_tag","embeddable":true,"href":"https:\/\/keycode.cloud\/es\/wp-json\/wp\/v2\/product_tag?post=2359"}],"curies":[{"name":"wp","href":"https:\/\/api.w.org\/{rel}","templated":true}]}}