{"id":2367,"date":"2024-02-18T14:47:46","date_gmt":"2024-02-18T14:47:46","guid":{"rendered":"https:\/\/keycode.cloud\/product\/windows-7-ultimate\/"},"modified":"2026-04-13T23:09:57","modified_gmt":"2026-04-13T23:09:57","slug":"windows-7-ultimate","status":"publish","type":"product","link":"https:\/\/keycode.cloud\/es\/producto\/windows-7-ultimate\/","title":{"rendered":"Windows 7 Ultimate"},"content":{"rendered":"<h6>\u00bfC\u00f3mo se activa?<\/h6>\n<p><a href=\"https:\/\/keycode.cloud\/es\/guias-y-preguntas-frecuentes\/#windows-getcid\">https:\/\/keycode.cloud\/faq\/#windows-getcid<\/a><\/p>\n<p class=\"p1\"><span class=\"s1\"><b>Windows 7 Ultimate<\/b><\/span> es la edici\u00f3n m\u00e1s potente y completa de Windows 7. Combina las caracter\u00edsticas de entretenimiento y usabilidad de Home Premium con las capacidades de seguridad y redes de Professional, adem\u00e1s de caracter\u00edsticas exclusivas como BitLocker y soporte multiling\u00fce. Esta edici\u00f3n es ideal para usuarios avanzados, entusiastas de la tecnolog\u00eda y empresas que necesitan un rendimiento y una flexibilidad de primer nivel.<\/p>\n<p>Las caracter\u00edsticas principales de Windows 7 Home Premium incluyen:<\/p>\n<ul>\n<li>\n<p class=\"p1\"><span class=\"s1\"><b>Cifrado de unidad BitLocker:<\/b><\/span> Protege tus datos cifrando unidades enteras, lo que ayuda a prevenir el acceso no autorizado incluso si tu PC se pierde o es robado.<\/p>\n<\/li>\n<li>\n<p class=\"p1\"><span class=\"s1\"><b>AppLocker:<\/b><\/span> Proporciona a los administradores control sobre qu\u00e9 aplicaciones y archivos pueden ejecutar los usuarios, lo que mejora la seguridad del sistema en entornos empresariales o compartidos.<\/p>\n<\/li>\n<li>\n<p class=\"p1\"><span class=\"s1\"><b>Paquetes de idiomas:<\/b><\/span> Soporte multiling\u00fce completo con la capacidad de cambiar entre m\u00e1s de 35 idiomas de visualizaci\u00f3n, ideal para usuarios multiling\u00fces o implementaciones globales.<\/p>\n<\/li>\n<li>\n<p class=\"p1\"><span class=\"s1\"><b>Modo Windows XP:<\/b><\/span> Permite la compatibilidad con software antiguo ejecutando un entorno virtualizado de Windows XP directamente dentro de Windows 7.<\/p>\n<\/li>\n<li>\n<p class=\"p1\"><span class=\"s1\"><b>Funciones avanzadas de red:<\/b><\/span> Incluye la uni\u00f3n a un dominio y opciones avanzadas de copia de seguridad (incluidas las copias de seguridad de red), adecuado para uso empresarial.<\/p>\n<\/li>\n<li>\n<p class=\"p1\"><span class=\"s1\"><b>Host de escritorio remoto:<\/b><\/span> A diferencia de las ediciones inferiores, Windows 7 Ultimate permite que tu PC se controle de forma remota a trav\u00e9s del protocolo de escritorio remoto (RDP).<\/p>\n<\/li>\n<li>\n<p class=\"p1\"><span class=\"s1\" style=\"font-size: 16px;\"><b>Interfaz Aero:<\/b><\/span><span style=\"font-size: 16px;\"> Ofrece la experiencia completa de Aero Glass con animaciones fluidas, vistas previas de ventanas y mejoras de escritorio.<\/span><\/p>\n<\/li>\n<li>\n<p class=\"p1\"><span class=\"s1\" style=\"font-size: 16px;\"><b>Snap, Shake y Peek:<\/b><\/span><span style=\"font-size: 16px;\"> Aumenta la productividad organizando r\u00e1pidamente las ventanas, minimizando el desorden y previsualizando el escritorio con gestos intuitivos.<\/span><\/p>\n<\/li>\n<li>\n<p class=\"p1\"><span class=\"s1\" style=\"font-size: 16px;\"><b>Barra de tareas y men\u00fa de inicio mejorados:<\/b><\/span><span style=\"font-size: 16px;\"> Mejorado con listas de salto, iconos m\u00e1s grandes y capacidades de anclaje para facilitar el acceso a aplicaciones y archivos.<\/span><\/p>\n<\/li>\n<li>\n<p class=\"p1\"><span class=\"s1\" style=\"font-size: 16px;\"><b>B\u00fasqueda de archivos mejorada:<\/b><\/span><span style=\"font-size: 16px;\"> Localiza r\u00e1pidamente documentos, programas, configuraciones e incluso correos electr\u00f3nicos con una potente funcionalidad de b\u00fasqueda integrada en el men\u00fa de inicio.<\/span><\/p>\n<\/li>\n<li>\n<p class=\"p1\"><span class=\"s1\" style=\"font-size: 16px;\"><b>Windows Media Center:<\/b><\/span><span style=\"font-size: 16px;\"> Disfruta y gestiona tu m\u00fasica, v\u00eddeos y TV en directo (con sintonizadores compatibles) en un centro de entretenimiento todo en uno<\/span><\/p>\n<\/li>\n<\/ul>\n<h3>Requisitos de hardware<\/h3>\n<ul>\n<li><span class=\"s1\" style=\"font-size: 16px;\"><b>Procesador:<\/b><\/span><span style=\"font-size: 16px;\"> Procesador de 1 GHz o m\u00e1s r\u00e1pido de 32 bits (x86) o 64 bits (x64)<\/span><\/li>\n<li><span class=\"s1\" style=\"font-size: 16px;\"><b>RAM:<\/b><\/span><span style=\"font-size: 16px;\"> 1 GB para 32 bits o 2 GB para 64 bits<\/span><\/li>\n<li><span class=\"s1\" style=\"font-size: 16px;\"><b>Disco duro:<\/b><\/span><span style=\"font-size: 16px;\"> 16 GB de espacio disponible en disco (32 bits) o 20 GB (64 bits)<\/span><\/li>\n<li><span class=\"s1\" style=\"font-size: 16px;\"><b>Gr\u00e1ficos:<\/b><\/span><span style=\"font-size: 16px;\"> Dispositivo gr\u00e1fico DirectX 9 con controlador WDDM 1.0 o superior<\/span><\/li>\n<\/ul>\n","protected":false},"excerpt":{"rendered":"<p>&nbsp;<\/p>\n<p class=\"p1\"><b>Tipo de activaci\u00f3n:<br \/>\n<\/b><b><\/b><span class=\"s1\">\u2013 <b>GetCID<\/b><\/span> \u2013 clave + ID de confirmaci\u00f3n (activaci\u00f3n sin conexi\u00f3n)<\/p>\n<p>Esta clave solo se puede usar una vez por PC\/placa base.<\/p>\n<p><b>Entrega instant\u00e1nea por correo electr\u00f3nico (hasta 24 horas en casos excepcionales).<\/b><\/p>\n<h6>Recibir\u00e1s:<\/h6>\n<p>\u2013 Clave de activaci\u00f3n original y \u00fanica<br \/>\n\u2013 Soporte en caso de cualquier problema de activaci\u00f3n<\/p>\n<p>Utiliza la clave dentro de los 14 d\u00edas posteriores a la entrega, una vez activada la garant\u00eda es para siempre.<\/p>\n","protected":false},"featured_media":3716,"template":"","meta":{"site-sidebar-layout":"default","site-content-layout":"","ast-site-content-layout":"default","site-content-style":"default","site-sidebar-style":"default","ast-global-header-display":"","ast-banner-title-visibility":"","ast-main-header-display":"","ast-hfb-above-header-display":"","ast-hfb-below-header-display":"","ast-hfb-mobile-header-display":"","site-post-title":"","ast-breadcrumbs-content":"","ast-featured-img":"","footer-sml-layout":"","theme-transparent-header-meta":"default","adv-header-id-meta":"","stick-header-meta":"","header-above-stick-meta":"","header-main-stick-meta":"","header-below-stick-meta":"","astra-migrate-meta-layouts":"set","ast-page-background-enabled":"default","ast-page-background-meta":{"desktop":{"background-color":"var(--ast-global-color-4)","background-image":"","background-repeat":"repeat","background-position":"center center","background-size":"auto","background-attachment":"scroll","background-type":"","background-media":"","overlay-type":"","overlay-color":"","overlay-opacity":"","overlay-gradient":""},"tablet":{"background-color":"","background-image":"","background-repeat":"repeat","background-position":"center center","background-size":"auto","background-attachment":"scroll","background-type":"","background-media":"","overlay-type":"","overlay-color":"","overlay-opacity":"","overlay-gradient":""},"mobile":{"background-color":"","background-image":"","background-repeat":"repeat","background-position":"center center","background-size":"auto","background-attachment":"scroll","background-type":"","background-media":"","overlay-type":"","overlay-color":"","overlay-opacity":"","overlay-gradient":""}},"ast-content-background-meta":{"desktop":{"background-color":"var(--ast-global-color-5)","background-image":"","background-repeat":"repeat","background-position":"center center","background-size":"auto","background-attachment":"scroll","background-type":"","background-media":"","overlay-type":"","overlay-color":"","overlay-opacity":"","overlay-gradient":""},"tablet":{"background-color":"var(--ast-global-color-5)","background-image":"","background-repeat":"repeat","background-position":"center center","background-size":"auto","background-attachment":"scroll","background-type":"","background-media":"","overlay-type":"","overlay-color":"","overlay-opacity":"","overlay-gradient":""},"mobile":{"background-color":"var(--ast-global-color-5)","background-image":"","background-repeat":"repeat","background-position":"center center","background-size":"auto","background-attachment":"scroll","background-type":"","background-media":"","overlay-type":"","overlay-color":"","overlay-opacity":"","overlay-gradient":""}}},"product_brand":[],"product_cat":[97],"product_tag":[],"class_list":{"0":"post-2367","1":"product","2":"type-product","3":"status-publish","4":"has-post-thumbnail","6":"product_cat-windows","7":"desktop-align-center","8":"tablet-align-left","9":"mobile-align-left","11":"first","12":"instock","13":"virtual","14":"taxable","15":"purchasable","16":"product-type-simple"},"_links":{"self":[{"href":"https:\/\/keycode.cloud\/es\/wp-json\/wp\/v2\/product\/2367","targetHints":{"allow":["GET"]}}],"collection":[{"href":"https:\/\/keycode.cloud\/es\/wp-json\/wp\/v2\/product"}],"about":[{"href":"https:\/\/keycode.cloud\/es\/wp-json\/wp\/v2\/types\/product"}],"version-history":[{"count":3,"href":"https:\/\/keycode.cloud\/es\/wp-json\/wp\/v2\/product\/2367\/revisions"}],"predecessor-version":[{"id":3942,"href":"https:\/\/keycode.cloud\/es\/wp-json\/wp\/v2\/product\/2367\/revisions\/3942"}],"wp:featuredmedia":[{"embeddable":true,"href":"https:\/\/keycode.cloud\/es\/wp-json\/wp\/v2\/media\/3716"}],"wp:attachment":[{"href":"https:\/\/keycode.cloud\/es\/wp-json\/wp\/v2\/media?parent=2367"}],"wp:term":[{"taxonomy":"product_brand","embeddable":true,"href":"https:\/\/keycode.cloud\/es\/wp-json\/wp\/v2\/product_brand?post=2367"},{"taxonomy":"product_cat","embeddable":true,"href":"https:\/\/keycode.cloud\/es\/wp-json\/wp\/v2\/product_cat?post=2367"},{"taxonomy":"product_tag","embeddable":true,"href":"https:\/\/keycode.cloud\/es\/wp-json\/wp\/v2\/product_tag?post=2367"}],"curies":[{"name":"wp","href":"https:\/\/api.w.org\/{rel}","templated":true}]}}