{"id":3734,"date":"2026-02-26T22:21:51","date_gmt":"2026-02-26T22:21:51","guid":{"rendered":"https:\/\/keycode.cloud\/?post_type=product&#038;p=3734"},"modified":"2026-04-13T23:05:18","modified_gmt":"2026-04-13T23:05:18","slug":"windows-11-pro-copy","status":"publish","type":"product","link":"https:\/\/keycode.cloud\/es\/producto\/windows-11-pro-copy\/","title":{"rendered":"Windows 11 Home"},"content":{"rendered":"<h6>\u00bfC\u00f3mo se activa?<\/h6>\n<p>\u2013 online: <a href=\"https:\/\/keycode.cloud\/es\/guias-y-preguntas-frecuentes\/#windows\">https:\/\/keycode.cloud\/faq\/#windows<\/a><\/p>\n<p>&nbsp;<\/p>\n<h3>Requisitos de hardware<\/h3>\n<ul>\n<li><b>Procesador<\/b>: 1 gigahercio (GHz) o m\u00e1s r\u00e1pido con al menos dos n\u00facleos en un procesador de 64 bits compatible o sistema en un chip (SoC).<\/li>\n<li><b>RAM<\/b>: 4 gigabytes (GB) o m\u00e1s.<\/li>\n<li><b>Almacenamiento<\/b>: Dispositivo de almacenamiento de 64 GB o m\u00e1s grande.<\/li>\n<li><b>Firmware del sistema<\/b>: UEFI, compatible con Arranque seguro.<\/li>\n<li><b>TPM<\/b>: M\u00f3dulo de plataforma segura (TPM) versi\u00f3n 2.0.<\/li>\n<li><b>Tarjeta gr\u00e1fica<\/b>: Gr\u00e1ficos compatibles con DirectX 12 \/ WDDM 2.x.<\/li>\n<li><b>Pantalla<\/b>: &gt;9\u201d con resoluci\u00f3n HD (720p).<\/li>\n<li><b>Conexi\u00f3n a Internet<\/b>: Es necesaria la conectividad a Internet para realizar actualizaciones y para descargar y aprovechar algunas funciones.<\/li>\n<\/ul>\n","protected":false},"excerpt":{"rendered":"<p>&nbsp;<\/p>\n<p class=\"p1\"><b>Tipo de activaci\u00f3n:<br \/>\n<span class=\"s1\">\u2013 Online<\/span> \u2013 <\/b>simplemente introduce la clave para activar<\/p>\n<p>Esta clave solo se puede usar una vez por PC\/placa base.<\/p>\n<p><b>Entrega instant\u00e1nea por correo electr\u00f3nico (hasta 24 horas en casos excepcionales).<\/b><\/p>\n<h6>Recibir\u00e1s:<\/h6>\n<p>\u2013 Clave de activaci\u00f3n original y \u00fanica<br \/>\n\u2013 Soporte en caso de cualquier problema de activaci\u00f3n<\/p>\n<p>Utiliza la clave dentro de los 14 d\u00edas posteriores a la entrega, una vez activada la garant\u00eda es para siempre.<\/p>\n","protected":false},"featured_media":3746,"template":"","meta":{"site-sidebar-layout":"default","site-content-layout":"","ast-site-content-layout":"default","site-content-style":"default","site-sidebar-style":"default","ast-global-header-display":"","ast-banner-title-visibility":"","ast-main-header-display":"","ast-hfb-above-header-display":"","ast-hfb-below-header-display":"","ast-hfb-mobile-header-display":"","site-post-title":"","ast-breadcrumbs-content":"","ast-featured-img":"","footer-sml-layout":"","theme-transparent-header-meta":"default","adv-header-id-meta":"","stick-header-meta":"","header-above-stick-meta":"","header-main-stick-meta":"","header-below-stick-meta":"","astra-migrate-meta-layouts":"set","ast-page-background-enabled":"default","ast-page-background-meta":{"desktop":{"background-color":"var(--ast-global-color-4)","background-image":"","background-repeat":"repeat","background-position":"center center","background-size":"auto","background-attachment":"scroll","background-type":"","background-media":"","overlay-type":"","overlay-color":"","overlay-opacity":"","overlay-gradient":""},"tablet":{"background-color":"","background-image":"","background-repeat":"repeat","background-position":"center center","background-size":"auto","background-attachment":"scroll","background-type":"","background-media":"","overlay-type":"","overlay-color":"","overlay-opacity":"","overlay-gradient":""},"mobile":{"background-color":"","background-image":"","background-repeat":"repeat","background-position":"center center","background-size":"auto","background-attachment":"scroll","background-type":"","background-media":"","overlay-type":"","overlay-color":"","overlay-opacity":"","overlay-gradient":""}},"ast-content-background-meta":{"desktop":{"background-color":"var(--ast-global-color-5)","background-image":"","background-repeat":"repeat","background-position":"center center","background-size":"auto","background-attachment":"scroll","background-type":"","background-media":"","overlay-type":"","overlay-color":"","overlay-opacity":"","overlay-gradient":""},"tablet":{"background-color":"var(--ast-global-color-5)","background-image":"","background-repeat":"repeat","background-position":"center center","background-size":"auto","background-attachment":"scroll","background-type":"","background-media":"","overlay-type":"","overlay-color":"","overlay-opacity":"","overlay-gradient":""},"mobile":{"background-color":"var(--ast-global-color-5)","background-image":"","background-repeat":"repeat","background-position":"center center","background-size":"auto","background-attachment":"scroll","background-type":"","background-media":"","overlay-type":"","overlay-color":"","overlay-opacity":"","overlay-gradient":""}}},"product_brand":[],"product_cat":[97],"product_tag":[],"class_list":{"0":"post-3734","1":"product","2":"type-product","3":"status-publish","4":"has-post-thumbnail","6":"product_cat-windows","7":"desktop-align-center","8":"tablet-align-left","9":"mobile-align-left","11":"first","12":"instock","13":"virtual","14":"taxable","15":"purchasable","16":"product-type-simple"},"_links":{"self":[{"href":"https:\/\/keycode.cloud\/es\/wp-json\/wp\/v2\/product\/3734","targetHints":{"allow":["GET"]}}],"collection":[{"href":"https:\/\/keycode.cloud\/es\/wp-json\/wp\/v2\/product"}],"about":[{"href":"https:\/\/keycode.cloud\/es\/wp-json\/wp\/v2\/types\/product"}],"version-history":[{"count":3,"href":"https:\/\/keycode.cloud\/es\/wp-json\/wp\/v2\/product\/3734\/revisions"}],"predecessor-version":[{"id":3933,"href":"https:\/\/keycode.cloud\/es\/wp-json\/wp\/v2\/product\/3734\/revisions\/3933"}],"wp:featuredmedia":[{"embeddable":true,"href":"https:\/\/keycode.cloud\/es\/wp-json\/wp\/v2\/media\/3746"}],"wp:attachment":[{"href":"https:\/\/keycode.cloud\/es\/wp-json\/wp\/v2\/media?parent=3734"}],"wp:term":[{"taxonomy":"product_brand","embeddable":true,"href":"https:\/\/keycode.cloud\/es\/wp-json\/wp\/v2\/product_brand?post=3734"},{"taxonomy":"product_cat","embeddable":true,"href":"https:\/\/keycode.cloud\/es\/wp-json\/wp\/v2\/product_cat?post=3734"},{"taxonomy":"product_tag","embeddable":true,"href":"https:\/\/keycode.cloud\/es\/wp-json\/wp\/v2\/product_tag?post=3734"}],"curies":[{"name":"wp","href":"https:\/\/api.w.org\/{rel}","templated":true}]}}